{"id":2082,"date":"2022-10-11T14:39:24","date_gmt":"2022-10-11T12:39:24","guid":{"rendered":"https:\/\/agence-becomweb.fr\/?post_type=product&#038;p=2082"},"modified":"2025-12-26T19:58:33","modified_gmt":"2025-12-26T18:58:33","slug":"asesoramiento-de-producto-por-cuestionario-avanzado","status":"publish","type":"product","link":"https:\/\/agence-becomweb.fr\/es\/modulos-prestashop\/asesoramiento-de-producto-por-cuestionario-avanzado\/","title":{"rendered":"Asesoramiento de producto por cuestionario Avanzado"},"content":{"rendered":"<h2>Descubre la versi\u00f3n premium<\/h2>\n<p>Este m\u00f3dulo es la versi\u00f3n premium de nuestro m\u00f3dulo \u00abAsesoramiento de producto por cuestionario\u00bb, que puede encontrar en <a href=\"https:\/\/agence-becomweb.fr\/es\/modulos-prestashop\/asesoramiento-de-producto-por-cuestionario\/\"> este p\u00e1gina<\/a>.<\/p>\n<p>Adem\u00e1s de las funcionalidades de la versi\u00f3n est\u00e1ndar, <strong>esta versi\u00f3n avanzada ofrece muchas opciones nuevas<\/strong>.<\/p>\n<h2>Recomendar los productos m\u00e1s adecuados.<\/h2>\n<p>Como ya ocurre con la versi\u00f3n est\u00e1ndar del m\u00f3dulo, podr\u00e1s crear cuestionarios que tus clientes podr\u00e1n responder.<\/p>\n<p>En funci\u00f3n de las respuestas que hayan proporcionado, ver\u00e1n aparecer al final del cuestionario, <strong>los productos que has establecido como recomendaciones<\/strong>.<\/p>\n<p>As\u00ed tendr\u00e1s que <strong>orientarlos hacia la compra de los productos que mejor se correspondan con sus necesidades<\/strong>.<\/p>\n<p>Les proporcionas <strong>asesoramiento personalizado<\/strong>.<\/p>\n<p>Este es un <strong>gran ahorro de tiempo<\/strong> para usted y una verdadera <strong>comodidad para sus clientes<\/strong>.<\/p>\n<p>No dude en probar la demo del m\u00f3dulo, accesible desde la pesta\u00f1a \u00abDemo\u00bb de esta p\u00e1gina, para descubrir los mecanismos y las posibilidades del m\u00f3dulo.<\/p>\n<h2>Vaya a\u00fan m\u00e1s lejos con funciones avanzadas<\/h2>\n<p>Las funciones avanzadas que se integran en esta versi\u00f3n premium son numerosas.<\/p>\n<p>Aportan un valor a\u00f1adido real, porque le permitir\u00e1n proporcionar una <strong>experiencia de usuario a\u00fan m\u00e1s rica<\/strong>; pero tambi\u00e9n te proporcionan un mayora rentabilidad sobre la inversi\u00f3n, porque aumentar\u00e1n la cesta promedio de tu tienda.<\/p>\n<h2>Ilustrar las respuestas con im\u00e1genes<\/h2>\n<p>La versi\u00f3n avanzada del m\u00f3dulo incluye una biblioteca de im\u00e1genes. Las im\u00e1genes que agregue a esta biblioteca se pueden asociar con las respuestas del cuestionario. Lo que te permite:<\/p>\n<ol>\n<li>Enriquece el dise\u00f1o de tu cuestionario, para que sea a\u00fan m\u00e1s agradable visualmente.<\/li>\n<li>Proporcionar informaci\u00f3n adicional a sus clientes, para que puedan comprender m\u00e1s f\u00e1cilmente las diferentes opciones disponibles.<\/li>\n<\/ol>\n<h2>Agregar productos recomendados al carrito<\/h2>\n<p>Una de las principales funcionalidades de esta versi\u00f3n avanzada es <strong>poder agregar productos recomendados al carrito<\/strong>.<\/p>\n<p>Sus clientes podr\u00e1n <strong>ordenar f\u00e1cilmente<\/strong> estos productos.<\/p>\n<p>El m\u00f3dulo ofrece diferentes opciones:<\/p>\n<ul>\n<li>botones individuales para a\u00f1adir al carrito (el cliente agrega los productos que le interesan)<\/li>\n<li>bot\u00f3n para a\u00f1adir el lote (el cliente a\u00f1ade todos los productos presentes en las recomendaciones)<\/li>\n<li>botones individuales <strong>y<\/strong> per lote (tiene las 2 opciones a su disposici\u00f3n)<\/li>\n<\/ul>\n<h2>Formulario de contacto y env\u00edo por e-mail<\/h2>\n<p>El formulario de contacto te permitir\u00e1 escribirte, hacerte preguntas o pedirte detalles sobre los productos que recomiendas.<\/p>\n<p>A su vez, puede responderle. Y este hilo de discusi\u00f3n ser\u00e1 visible para \u00e9l\/ella (en la nueva secci\u00f3n \u00abMis recomendaciones\u00bb de su espacio personal) y para ti (en el back-office).<\/p>\n<p>Esta funci\u00f3n <strong>hace que el trabajo de seguimiento sea mucho m\u00e1s f\u00e1cil para su servicio al cliente<\/strong>.<\/p>\n<p>Adem\u00e1s, tus clientes tambi\u00e9n pueden enviar una lista de productos recomendados por correo electr\u00f3nico (a s\u00ed mismos oa la persona que quieran, por ejemplo).<\/p>\n<h2>Guardar recomendaciones<\/h2>\n<p>Tus clientes tambi\u00e9n podr\u00e1n guardar los productos recomendados.<\/p>\n<p>En la nueva secci\u00f3n \u00abMis recomendaciones\u00bb, podr\u00e1n <strong>encontrar en cualquier momento<\/strong> los productos que se ajusten a sus necesidades.<\/p>\n<p>En esta p\u00e1gina pueden <strong>a\u00f1adir los productos al carrito<\/strong>, escribirle a trav\u00e9s del formulario de contacto o seguir el hilo de discusi\u00f3n.<\/p>\n<h2>Seguimiento de registros de cuestionarios en el back-office<\/h2>\n<p>Esta versi\u00f3n avanzada tambi\u00e9n le permite encontrar datos relacionados con las recomendaciones proporcionadas a los clientes en su back office.<\/p>\n<p>Si un cliente te escribe o guarda sus recomendaciones, puedes encontrar sus datos de contacto, sus respuestas y los productos que le recomendaron en el men\u00fa <i>Cuestionario > Registros<\/i> de tu back office.<\/p>\n<p>Adem\u00e1s de <strong>facilitar el seguimiento de las solicitudes<\/strong>, esta funci\u00f3n tambi\u00e9n le permitir\u00e1 <strong>conocer mejor a sus clientes y sus expectativas<\/strong>.<\/p>\n<p>Al activar una opci\u00f3n, incluso puede recopilar registros an\u00f3nimos. Tan pronto como un visitante haya completado el cuestionario, se agregar\u00e1 un registro a la base de datos, que contiene la lista de productos recomendados en funci\u00f3n de las respuestas proporcionadas.<\/p>\n<h2>Compatibilidad<\/h2>\n<p>Este m\u00f3dulo es compatible con Prestashop 1.7, Prestashop 8 y Prestashop 9.<\/p>\n","protected":false},"excerpt":{"rendered":"<p>Orienta a tus clientes hacia los productos que mejor se adaptan a sus necesidades, aumenta tus ventas gracias a los productos recomendados y facilita la labor de tu servicio al cliente<\/p>\n","protected":false},"featured_media":2065,"comment_status":"open","ping_status":"closed","template":"","meta":{"_acf_changed":false},"product_brand":[],"product_cat":[283],"product_tag":[],"class_list":{"0":"post-2082","1":"product","2":"type-product","3":"status-publish","4":"has-post-thumbnail","6":"product_cat-modulos-prestashop","8":"first","9":"instock","10":"shipping-taxable","11":"purchasable","12":"product-type-variable"},"acf":[],"yoast_head":"<!-- This site is optimized with the Yoast SEO plugin v27.3 - https:\/\/yoast.com\/product\/yoast-seo-wordpress\/ -->\n<title>Module Prestashop - Asesoramiento de producto por cuestionario Avanzado<\/title>\n<meta name=\"description\" content=\"Versi\u00f3n premium del m\u00f3dulo &quot;Asesoramiento de producto por cuestionario&quot; con m\u00e1s funcionalidades: a\u00f1adir al carrito, formulario de contacto, guardar recomendaciones\" \/>\n<meta name=\"robots\" content=\"index, follow, max-snippet:-1, max-image-preview:large, max-video-preview:-1\" \/>\n<link rel=\"canonical\" href=\"https:\/\/agence-becomweb.fr\/es\/modulos-prestashop\/asesoramiento-de-producto-por-cuestionario-avanzado\/\" \/>\n<meta property=\"og:locale\" content=\"es_ES\" \/>\n<meta property=\"og:type\" content=\"article\" \/>\n<meta property=\"og:title\" content=\"Module Prestashop - Asesoramiento de producto por cuestionario Avanzado\" \/>\n<meta property=\"og:description\" content=\"Versi\u00f3n premium del m\u00f3dulo &quot;Asesoramiento de producto por cuestionario&quot; con m\u00e1s funcionalidades: a\u00f1adir al carrito, formulario de contacto, guardar recomendaciones\" \/>\n<meta property=\"og:url\" content=\"https:\/\/agence-becomweb.fr\/es\/modulos-prestashop\/asesoramiento-de-producto-por-cuestionario-avanzado\/\" \/>\n<meta property=\"og:site_name\" content=\"Agencia-web BeComWeb\" \/>\n<meta property=\"article:publisher\" content=\"https:\/\/www.facebook.com\/agencebecomweb\/\" \/>\n<meta property=\"article:modified_time\" content=\"2025-12-26T18:58:33+00:00\" \/>\n<meta property=\"og:image\" content=\"https:\/\/agence-becomweb.fr\/wp-content\/uploads\/2022\/09\/productadvicesurveyadvanced.jpg\" \/>\n\t<meta property=\"og:image:width\" content=\"1024\" \/>\n\t<meta property=\"og:image:height\" content=\"600\" \/>\n\t<meta property=\"og:image:type\" content=\"image\/jpeg\" \/>\n<meta name=\"twitter:card\" content=\"summary_large_image\" \/>\n<meta name=\"twitter:site\" content=\"@Agence_BeComWeb\" \/>\n<meta name=\"twitter:label1\" content=\"Tiempo de lectura\" \/>\n\t<meta name=\"twitter:data1\" content=\"3 minutos\" \/>\n<script type=\"application\/ld+json\" class=\"yoast-schema-graph\">{\"@context\":\"https:\\\/\\\/schema.org\",\"@graph\":[{\"@type\":\"WebPage\",\"@id\":\"https:\\\/\\\/agence-becomweb.fr\\\/es\\\/modulos-prestashop\\\/asesoramiento-de-producto-por-cuestionario-avanzado\\\/\",\"url\":\"https:\\\/\\\/agence-becomweb.fr\\\/es\\\/modulos-prestashop\\\/asesoramiento-de-producto-por-cuestionario-avanzado\\\/\",\"name\":\"Module Prestashop - Asesoramiento de producto por cuestionario Avanzado\",\"isPartOf\":{\"@id\":\"https:\\\/\\\/agence-becomweb.fr\\\/es\\\/#website\"},\"primaryImageOfPage\":{\"@id\":\"https:\\\/\\\/agence-becomweb.fr\\\/es\\\/modulos-prestashop\\\/asesoramiento-de-producto-por-cuestionario-avanzado\\\/#primaryimage\"},\"image\":{\"@id\":\"https:\\\/\\\/agence-becomweb.fr\\\/es\\\/modulos-prestashop\\\/asesoramiento-de-producto-por-cuestionario-avanzado\\\/#primaryimage\"},\"thumbnailUrl\":\"https:\\\/\\\/agence-becomweb.fr\\\/wp-content\\\/uploads\\\/2022\\\/09\\\/productadvicesurveyadvanced.jpg\",\"datePublished\":\"2022-10-11T12:39:24+00:00\",\"dateModified\":\"2025-12-26T18:58:33+00:00\",\"description\":\"Versi\u00f3n premium del m\u00f3dulo \\\"Asesoramiento de producto por cuestionario\\\" con m\u00e1s funcionalidades: a\u00f1adir al carrito, formulario de contacto, guardar recomendaciones\",\"breadcrumb\":{\"@id\":\"https:\\\/\\\/agence-becomweb.fr\\\/es\\\/modulos-prestashop\\\/asesoramiento-de-producto-por-cuestionario-avanzado\\\/#breadcrumb\"},\"inLanguage\":\"es\",\"potentialAction\":[{\"@type\":\"ReadAction\",\"target\":[\"https:\\\/\\\/agence-becomweb.fr\\\/es\\\/modulos-prestashop\\\/asesoramiento-de-producto-por-cuestionario-avanzado\\\/\"]}]},{\"@type\":\"ImageObject\",\"inLanguage\":\"es\",\"@id\":\"https:\\\/\\\/agence-becomweb.fr\\\/es\\\/modulos-prestashop\\\/asesoramiento-de-producto-por-cuestionario-avanzado\\\/#primaryimage\",\"url\":\"https:\\\/\\\/agence-becomweb.fr\\\/wp-content\\\/uploads\\\/2022\\\/09\\\/productadvicesurveyadvanced.jpg\",\"contentUrl\":\"https:\\\/\\\/agence-becomweb.fr\\\/wp-content\\\/uploads\\\/2022\\\/09\\\/productadvicesurveyadvanced.jpg\",\"width\":1024,\"height\":600,\"caption\":\"Orienta a tus clientes hacia los productos que mejor se adaptan a sus necesidades, aumenta tus ventas gracias a los productos recomendados y facilita la labor de tu atenci\u00f3n al cliente\"},{\"@type\":\"BreadcrumbList\",\"@id\":\"https:\\\/\\\/agence-becomweb.fr\\\/es\\\/modulos-prestashop\\\/asesoramiento-de-producto-por-cuestionario-avanzado\\\/#breadcrumb\",\"itemListElement\":[{\"@type\":\"ListItem\",\"position\":1,\"name\":\"Inicio\",\"item\":\"https:\\\/\\\/agence-becomweb.fr\\\/es\\\/\"},{\"@type\":\"ListItem\",\"position\":2,\"name\":\"Modulos Prestashop\",\"item\":\"https:\\\/\\\/agence-becomweb.fr\\\/es\\\/modulos-prestashop\\\/\"},{\"@type\":\"ListItem\",\"position\":3,\"name\":\"Asesoramiento de producto por cuestionario Avanzado\"}]},{\"@type\":\"WebSite\",\"@id\":\"https:\\\/\\\/agence-becomweb.fr\\\/es\\\/#website\",\"url\":\"https:\\\/\\\/agence-becomweb.fr\\\/es\\\/\",\"name\":\"Agencia-web BeComWeb\",\"description\":\"M\u00f3dulos Prestashop de calidad a bajo precio para su tienda en l\u00ednea\",\"publisher\":{\"@id\":\"https:\\\/\\\/agence-becomweb.fr\\\/es\\\/#organization\"},\"potentialAction\":[{\"@type\":\"SearchAction\",\"target\":{\"@type\":\"EntryPoint\",\"urlTemplate\":\"https:\\\/\\\/agence-becomweb.fr\\\/es\\\/?s={search_term_string}\"},\"query-input\":{\"@type\":\"PropertyValueSpecification\",\"valueRequired\":true,\"valueName\":\"search_term_string\"}}],\"inLanguage\":\"es\"},{\"@type\":\"Organization\",\"@id\":\"https:\\\/\\\/agence-becomweb.fr\\\/es\\\/#organization\",\"name\":\"Agence BeComWeb\",\"url\":\"https:\\\/\\\/agence-becomweb.fr\\\/es\\\/\",\"logo\":{\"@type\":\"ImageObject\",\"inLanguage\":\"es\",\"@id\":\"https:\\\/\\\/agence-becomweb.fr\\\/es\\\/#\\\/schema\\\/logo\\\/image\\\/\",\"url\":\"https:\\\/\\\/agence-becomweb.fr\\\/wp-content\\\/uploads\\\/2019\\\/05\\\/logo_carr\u00e9_large.gif\",\"contentUrl\":\"https:\\\/\\\/agence-becomweb.fr\\\/wp-content\\\/uploads\\\/2019\\\/05\\\/logo_carr\u00e9_large.gif\",\"width\":800,\"height\":800,\"caption\":\"Agence BeComWeb\"},\"image\":{\"@id\":\"https:\\\/\\\/agence-becomweb.fr\\\/es\\\/#\\\/schema\\\/logo\\\/image\\\/\"},\"sameAs\":[\"https:\\\/\\\/www.facebook.com\\\/agencebecomweb\\\/\",\"https:\\\/\\\/x.com\\\/Agence_BeComWeb\",\"https:\\\/\\\/www.youtube.com\\\/channel\\\/UCBJQb76bz6DcHLknRVl4Kjg\"]}]}<\/script>\n<!-- \/ Yoast SEO plugin. -->","yoast_head_json":{"title":"Module Prestashop - Asesoramiento de producto por cuestionario Avanzado","description":"Versi\u00f3n premium del m\u00f3dulo \"Asesoramiento de producto por cuestionario\" con m\u00e1s funcionalidades: a\u00f1adir al carrito, formulario de contacto, guardar recomendaciones","robots":{"index":"index","follow":"follow","max-snippet":"max-snippet:-1","max-image-preview":"max-image-preview:large","max-video-preview":"max-video-preview:-1"},"canonical":"https:\/\/agence-becomweb.fr\/es\/modulos-prestashop\/asesoramiento-de-producto-por-cuestionario-avanzado\/","og_locale":"es_ES","og_type":"article","og_title":"Module Prestashop - Asesoramiento de producto por cuestionario Avanzado","og_description":"Versi\u00f3n premium del m\u00f3dulo \"Asesoramiento de producto por cuestionario\" con m\u00e1s funcionalidades: a\u00f1adir al carrito, formulario de contacto, guardar recomendaciones","og_url":"https:\/\/agence-becomweb.fr\/es\/modulos-prestashop\/asesoramiento-de-producto-por-cuestionario-avanzado\/","og_site_name":"Agencia-web BeComWeb","article_publisher":"https:\/\/www.facebook.com\/agencebecomweb\/","article_modified_time":"2025-12-26T18:58:33+00:00","og_image":[{"width":1024,"height":600,"url":"https:\/\/agence-becomweb.fr\/wp-content\/uploads\/2022\/09\/productadvicesurveyadvanced.jpg","type":"image\/jpeg"}],"twitter_card":"summary_large_image","twitter_site":"@Agence_BeComWeb","twitter_misc":{"Tiempo de lectura":"3 minutos"},"schema":{"@context":"https:\/\/schema.org","@graph":[{"@type":"WebPage","@id":"https:\/\/agence-becomweb.fr\/es\/modulos-prestashop\/asesoramiento-de-producto-por-cuestionario-avanzado\/","url":"https:\/\/agence-becomweb.fr\/es\/modulos-prestashop\/asesoramiento-de-producto-por-cuestionario-avanzado\/","name":"Module Prestashop - Asesoramiento de producto por cuestionario Avanzado","isPartOf":{"@id":"https:\/\/agence-becomweb.fr\/es\/#website"},"primaryImageOfPage":{"@id":"https:\/\/agence-becomweb.fr\/es\/modulos-prestashop\/asesoramiento-de-producto-por-cuestionario-avanzado\/#primaryimage"},"image":{"@id":"https:\/\/agence-becomweb.fr\/es\/modulos-prestashop\/asesoramiento-de-producto-por-cuestionario-avanzado\/#primaryimage"},"thumbnailUrl":"https:\/\/agence-becomweb.fr\/wp-content\/uploads\/2022\/09\/productadvicesurveyadvanced.jpg","datePublished":"2022-10-11T12:39:24+00:00","dateModified":"2025-12-26T18:58:33+00:00","description":"Versi\u00f3n premium del m\u00f3dulo \"Asesoramiento de producto por cuestionario\" con m\u00e1s funcionalidades: a\u00f1adir al carrito, formulario de contacto, guardar recomendaciones","breadcrumb":{"@id":"https:\/\/agence-becomweb.fr\/es\/modulos-prestashop\/asesoramiento-de-producto-por-cuestionario-avanzado\/#breadcrumb"},"inLanguage":"es","potentialAction":[{"@type":"ReadAction","target":["https:\/\/agence-becomweb.fr\/es\/modulos-prestashop\/asesoramiento-de-producto-por-cuestionario-avanzado\/"]}]},{"@type":"ImageObject","inLanguage":"es","@id":"https:\/\/agence-becomweb.fr\/es\/modulos-prestashop\/asesoramiento-de-producto-por-cuestionario-avanzado\/#primaryimage","url":"https:\/\/agence-becomweb.fr\/wp-content\/uploads\/2022\/09\/productadvicesurveyadvanced.jpg","contentUrl":"https:\/\/agence-becomweb.fr\/wp-content\/uploads\/2022\/09\/productadvicesurveyadvanced.jpg","width":1024,"height":600,"caption":"Orienta a tus clientes hacia los productos que mejor se adaptan a sus necesidades, aumenta tus ventas gracias a los productos recomendados y facilita la labor de tu atenci\u00f3n al cliente"},{"@type":"BreadcrumbList","@id":"https:\/\/agence-becomweb.fr\/es\/modulos-prestashop\/asesoramiento-de-producto-por-cuestionario-avanzado\/#breadcrumb","itemListElement":[{"@type":"ListItem","position":1,"name":"Inicio","item":"https:\/\/agence-becomweb.fr\/es\/"},{"@type":"ListItem","position":2,"name":"Modulos Prestashop","item":"https:\/\/agence-becomweb.fr\/es\/modulos-prestashop\/"},{"@type":"ListItem","position":3,"name":"Asesoramiento de producto por cuestionario Avanzado"}]},{"@type":"WebSite","@id":"https:\/\/agence-becomweb.fr\/es\/#website","url":"https:\/\/agence-becomweb.fr\/es\/","name":"Agencia-web BeComWeb","description":"M\u00f3dulos Prestashop de calidad a bajo precio para su tienda en l\u00ednea","publisher":{"@id":"https:\/\/agence-becomweb.fr\/es\/#organization"},"potentialAction":[{"@type":"SearchAction","target":{"@type":"EntryPoint","urlTemplate":"https:\/\/agence-becomweb.fr\/es\/?s={search_term_string}"},"query-input":{"@type":"PropertyValueSpecification","valueRequired":true,"valueName":"search_term_string"}}],"inLanguage":"es"},{"@type":"Organization","@id":"https:\/\/agence-becomweb.fr\/es\/#organization","name":"Agence BeComWeb","url":"https:\/\/agence-becomweb.fr\/es\/","logo":{"@type":"ImageObject","inLanguage":"es","@id":"https:\/\/agence-becomweb.fr\/es\/#\/schema\/logo\/image\/","url":"https:\/\/agence-becomweb.fr\/wp-content\/uploads\/2019\/05\/logo_carr\u00e9_large.gif","contentUrl":"https:\/\/agence-becomweb.fr\/wp-content\/uploads\/2019\/05\/logo_carr\u00e9_large.gif","width":800,"height":800,"caption":"Agence BeComWeb"},"image":{"@id":"https:\/\/agence-becomweb.fr\/es\/#\/schema\/logo\/image\/"},"sameAs":["https:\/\/www.facebook.com\/agencebecomweb\/","https:\/\/x.com\/Agence_BeComWeb","https:\/\/www.youtube.com\/channel\/UCBJQb76bz6DcHLknRVl4Kjg"]}]}},"_links":{"self":[{"href":"https:\/\/agence-becomweb.fr\/es\/wp-json\/wp\/v2\/product\/2082","targetHints":{"allow":["GET"]}}],"collection":[{"href":"https:\/\/agence-becomweb.fr\/es\/wp-json\/wp\/v2\/product"}],"about":[{"href":"https:\/\/agence-becomweb.fr\/es\/wp-json\/wp\/v2\/types\/product"}],"replies":[{"embeddable":true,"href":"https:\/\/agence-becomweb.fr\/es\/wp-json\/wp\/v2\/comments?post=2082"}],"wp:featuredmedia":[{"embeddable":true,"href":"https:\/\/agence-becomweb.fr\/es\/wp-json\/wp\/v2\/media\/2065"}],"wp:attachment":[{"href":"https:\/\/agence-becomweb.fr\/es\/wp-json\/wp\/v2\/media?parent=2082"}],"wp:term":[{"taxonomy":"product_brand","embeddable":true,"href":"https:\/\/agence-becomweb.fr\/es\/wp-json\/wp\/v2\/product_brand?post=2082"},{"taxonomy":"product_cat","embeddable":true,"href":"https:\/\/agence-becomweb.fr\/es\/wp-json\/wp\/v2\/product_cat?post=2082"},{"taxonomy":"product_tag","embeddable":true,"href":"https:\/\/agence-becomweb.fr\/es\/wp-json\/wp\/v2\/product_tag?post=2082"}],"curies":[{"name":"wp","href":"https:\/\/api.w.org\/{rel}","templated":true}]}}