{"id":1597,"date":"2019-11-25T16:46:30","date_gmt":"2019-11-25T15:46:30","guid":{"rendered":"https:\/\/agence-becomweb.fr\/modules-prestashop\/asesoramiento-de-producto-por-cuestionario\/"},"modified":"2025-11-12T17:07:48","modified_gmt":"2025-11-12T16:07:48","slug":"asesoramiento-de-producto-por-cuestionario","status":"publish","type":"product","link":"https:\/\/agence-becomweb.fr\/es\/modulos-prestashop\/asesoramiento-de-producto-por-cuestionario\/","title":{"rendered":"Asesoramiento de producto por cuestionario"},"content":{"rendered":"<h2>Gu\u00ede a sus clientes hacia los productos que mejor se adapten a sus necesidades<\/h2>\n<p>Gracias a este m\u00f3dulo, podr\u00e1s <strong>ofrecer un asesoramiento personalizado a tus clientes<\/strong> a partir de las respuestas que han brindado a las preguntas que tendr\u00e1 que configurarlo a trav\u00e9s de la interfaz del m\u00f3dulo.<\/p>\n<p>Podr\u00e1s <strong>crear una sucesi\u00f3n de preguntas y respuestas, que permitir\u00e1n determinar mejor qu\u00e9 productos son los m\u00e1s adecuados<\/strong> a sus h\u00e1bitos de consumo, sus perfiles o su uso. As\u00ed, dise\u00f1a un \u00ab\u00e1rbol de decisiones\u00bb que guiar\u00e1 a sus clientes hacia la elecci\u00f3n m\u00e1s adecuada, los art\u00edculos que mejor les correspondan.<\/p>\n<p>Para cada rama de este \u00e1rbol, <strong>usted elige manualmente los productos para mostrar a los clientes o configura criterios de selecci\u00f3n autom\u00e1tica<\/strong> ; como categor\u00edas, marca, atributo o caracter\u00edstica (p. ej. : color, talla, &#8230;)<\/p>\n<p>Las posibilidades son infinitas. <strong>El m\u00f3dulo le permite configurar un asistente virtual, sin tener que codificar ninguna l\u00ednea.<\/strong><\/p>\n<h2>Reduzca sus costos de servicio al cliente, mejore su experiencia de usuario<\/h2>\n<p>Al tener un <strong>sistema de recomendaci\u00f3n autom\u00e1tico<\/strong>, reducir\u00e1 considerablemente el tiempo dedicado a las preguntas de preventa. El <strong>m\u00f3dulo le responder\u00e1 las distintas preguntas que puedan tener sus clientes<\/strong> en cuanto a los productos que puede elegir de su cat\u00e1logo.<\/p>\n<p>Al mismo tiempo, esta automatizaci\u00f3n tambi\u00e9n ser\u00eda beneficiosa para su servicio al cliente, ya que el m\u00f3dulo evitar\u00e1 que se produzcan devoluciones e intercambios de productos como resultado de un error de pedido.<\/p>\n<h2>\u00a1Pruebe el m\u00f3dulo, cree cuestionarios!<\/h2>\n<p>El m\u00f3dulo ha sido dise\u00f1ado para adaptarse a todas las tiendas Prestashop. <strong>Sea cual sea tu sector de actividad, podr\u00e1s crear cuestionarios que ayudar\u00e1n a tus clientes a encontrar los productos adecuados en el cat\u00e1logo de tu tienda<\/strong>.<\/p>\n<p>La forma m\u00e1s sencilla de estar seguro es realizar la prueba. Encuentre los enlaces para acceder a la demostraci\u00f3n de este m\u00f3dulo (back-office y front-office) en la pesta\u00f1a \u00abDemo\u00bb a su izquierda. Si tiene alguna pregunta, tambi\u00e9n puede escribirnos desde <a href=\"\/es\/contact\">el formulario de contacto<\/a>.<\/p>\n<h2>Compatibilidad<\/h2>\n<p>Este m\u00f3dulo es compatible con todas las tiendas que ejecutan Prestashop Prestashop 1.7, Prestashop 8 y Prestashop 9.<\/p>\n<h2>Caracter\u00edsticas avanzadas: a\u00fan m\u00e1s posibilidades<\/h2>\n<p>El m\u00f3dulo <i>Asesoramiento de producto por cuestionario<\/i> tambi\u00e9n existe en una <strong>versi\u00f3n avanzada<\/strong>.<\/p>\n<p>Esta versi\u00f3n <strong>premium<\/strong> tiene a\u00fan m\u00e1s funciones:<\/p>\n<ul>\n<li>botones para agregar productos recomendados al carrito,<\/li>\n<li>formulario de contacto que permite al cliente hacerle preguntas sobre los productos recomendados,<\/li>\n<li>supervisar los datos de los clientes en el back office,<\/li>\n<li>enviar recomendaciones por correo electr\u00f3nico<\/li>\n<\/ul>\n<p>Haga clic en el bot\u00f3n de abajo para obtener m\u00e1s informaci\u00f3n.<\/p>\n<p><a href=\"https:\/\/agence-becomweb.fr\/es\/modulos-prestashop\/asesoramiento-de-producto-por-cuestionario-avanzado\/\" class=\"btn blue_btn\">Descubra la versi\u00f3n avanzada<\/a><\/ p><\/p>\n","protected":false},"excerpt":{"rendered":"<p>Ayude a sus clientes a encontrar f\u00e1cilmente los productos que mejor se adapten a sus necesidades con este m\u00f3dulo de creaci\u00f3n de cuestionarios paso a paso.<\/p>\n","protected":false},"featured_media":1598,"comment_status":"open","ping_status":"closed","template":"","meta":{"_acf_changed":false},"product_brand":[],"product_cat":[283],"product_tag":[226,227,342,341,346,285,347,345,310,343,308,311,344],"class_list":{"0":"post-1597","1":"product","2":"type-product","3":"status-publish","4":"has-post-thumbnail","6":"product_cat-modulos-prestashop","7":"product_tag-1-6-es","8":"product_tag-1-7-es","9":"product_tag-consejo","10":"product_tag-cuestionario","11":"product_tag-embudo","12":"product_tag-modulo","13":"product_tag-necesidades","14":"product_tag-paso-a-paso","15":"product_tag-pregunta","16":"product_tag-preventa","17":"product_tag-recomendacion","18":"product_tag-respuesta","19":"product_tag-servicio-al-cliente","21":"first","22":"instock","23":"shipping-taxable","24":"purchasable","25":"product-type-variable"},"acf":[],"yoast_head":"<!-- This site is optimized with the Yoast SEO plugin v26.9 - https:\/\/yoast.com\/product\/yoast-seo-wordpress\/ -->\n<title>Module Prestashop - Asesoramiento de producto por cuestionario<\/title>\n<meta name=\"robots\" content=\"index, follow, max-snippet:-1, max-image-preview:large, max-video-preview:-1\" \/>\n<link rel=\"canonical\" href=\"https:\/\/agence-becomweb.fr\/es\/modulos-prestashop\/asesoramiento-de-producto-por-cuestionario\/\" \/>\n<meta property=\"og:locale\" content=\"es_ES\" \/>\n<meta property=\"og:type\" content=\"article\" \/>\n<meta property=\"og:title\" content=\"Module Prestashop - Asesoramiento de producto por cuestionario\" \/>\n<meta property=\"og:description\" content=\"Ayude a sus clientes a encontrar f\u00e1cilmente los productos que mejor se adapten a sus necesidades con este m\u00f3dulo de creaci\u00f3n de cuestionarios paso a paso.\" \/>\n<meta property=\"og:url\" content=\"https:\/\/agence-becomweb.fr\/es\/modulos-prestashop\/asesoramiento-de-producto-por-cuestionario\/\" \/>\n<meta property=\"og:site_name\" content=\"Agencia-web BeComWeb\" \/>\n<meta property=\"article:publisher\" content=\"https:\/\/www.facebook.com\/agencebecomweb\/\" \/>\n<meta property=\"article:modified_time\" content=\"2025-11-12T16:07:48+00:00\" \/>\n<meta property=\"og:image\" content=\"https:\/\/agence-becomweb.fr\/wp-content\/uploads\/2019\/11\/productadvicesurvey.jpg\" \/>\n\t<meta property=\"og:image:width\" content=\"1024\" \/>\n\t<meta property=\"og:image:height\" content=\"600\" \/>\n\t<meta property=\"og:image:type\" content=\"image\/jpeg\" \/>\n<meta name=\"twitter:card\" content=\"summary_large_image\" \/>\n<meta name=\"twitter:site\" content=\"@Agence_BeComWeb\" \/>\n<meta name=\"twitter:label1\" content=\"Tiempo de lectura\" \/>\n\t<meta name=\"twitter:data1\" content=\"2 minutos\" \/>\n<script type=\"application\/ld+json\" class=\"yoast-schema-graph\">{\"@context\":\"https:\/\/schema.org\",\"@graph\":[{\"@type\":\"WebPage\",\"@id\":\"https:\/\/agence-becomweb.fr\/es\/modulos-prestashop\/asesoramiento-de-producto-por-cuestionario\/\",\"url\":\"https:\/\/agence-becomweb.fr\/es\/modulos-prestashop\/asesoramiento-de-producto-por-cuestionario\/\",\"name\":\"Module Prestashop - Asesoramiento de producto por cuestionario\",\"isPartOf\":{\"@id\":\"https:\/\/agence-becomweb.fr\/es\/#website\"},\"primaryImageOfPage\":{\"@id\":\"https:\/\/agence-becomweb.fr\/es\/modulos-prestashop\/asesoramiento-de-producto-por-cuestionario\/#primaryimage\"},\"image\":{\"@id\":\"https:\/\/agence-becomweb.fr\/es\/modulos-prestashop\/asesoramiento-de-producto-por-cuestionario\/#primaryimage\"},\"thumbnailUrl\":\"https:\/\/agence-becomweb.fr\/wp-content\/uploads\/2019\/11\/productadvicesurvey.jpg\",\"datePublished\":\"2019-11-25T15:46:30+00:00\",\"dateModified\":\"2025-11-12T16:07:48+00:00\",\"breadcrumb\":{\"@id\":\"https:\/\/agence-becomweb.fr\/es\/modulos-prestashop\/asesoramiento-de-producto-por-cuestionario\/#breadcrumb\"},\"inLanguage\":\"es\",\"potentialAction\":[{\"@type\":\"ReadAction\",\"target\":[\"https:\/\/agence-becomweb.fr\/es\/modulos-prestashop\/asesoramiento-de-producto-por-cuestionario\/\"]}]},{\"@type\":\"ImageObject\",\"inLanguage\":\"es\",\"@id\":\"https:\/\/agence-becomweb.fr\/es\/modulos-prestashop\/asesoramiento-de-producto-por-cuestionario\/#primaryimage\",\"url\":\"https:\/\/agence-becomweb.fr\/wp-content\/uploads\/2019\/11\/productadvicesurvey.jpg\",\"contentUrl\":\"https:\/\/agence-becomweb.fr\/wp-content\/uploads\/2019\/11\/productadvicesurvey.jpg\",\"width\":1024,\"height\":600,\"caption\":\"Dirija a sus clientes a los productos que les convienen con un cuestionario paso a paso\"},{\"@type\":\"BreadcrumbList\",\"@id\":\"https:\/\/agence-becomweb.fr\/es\/modulos-prestashop\/asesoramiento-de-producto-por-cuestionario\/#breadcrumb\",\"itemListElement\":[{\"@type\":\"ListItem\",\"position\":1,\"name\":\"Inicio\",\"item\":\"https:\/\/agence-becomweb.fr\/es\/\"},{\"@type\":\"ListItem\",\"position\":2,\"name\":\"Modulos Prestashop\",\"item\":\"https:\/\/agence-becomweb.fr\/es\/modulos-prestashop\/\"},{\"@type\":\"ListItem\",\"position\":3,\"name\":\"Asesoramiento de producto por cuestionario\"}]},{\"@type\":\"WebSite\",\"@id\":\"https:\/\/agence-becomweb.fr\/es\/#website\",\"url\":\"https:\/\/agence-becomweb.fr\/es\/\",\"name\":\"Agencia-web BeComWeb\",\"description\":\"M\u00f3dulos Prestashop de calidad a bajo precio para su tienda en l\u00ednea\",\"publisher\":{\"@id\":\"https:\/\/agence-becomweb.fr\/es\/#organization\"},\"potentialAction\":[{\"@type\":\"SearchAction\",\"target\":{\"@type\":\"EntryPoint\",\"urlTemplate\":\"https:\/\/agence-becomweb.fr\/es\/?s={search_term_string}\"},\"query-input\":{\"@type\":\"PropertyValueSpecification\",\"valueRequired\":true,\"valueName\":\"search_term_string\"}}],\"inLanguage\":\"es\"},{\"@type\":\"Organization\",\"@id\":\"https:\/\/agence-becomweb.fr\/es\/#organization\",\"name\":\"Agence BeComWeb\",\"url\":\"https:\/\/agence-becomweb.fr\/es\/\",\"logo\":{\"@type\":\"ImageObject\",\"inLanguage\":\"es\",\"@id\":\"https:\/\/agence-becomweb.fr\/es\/#\/schema\/logo\/image\/\",\"url\":\"https:\/\/agence-becomweb.fr\/wp-content\/uploads\/2019\/05\/logo_carr\u00e9_large.gif\",\"contentUrl\":\"https:\/\/agence-becomweb.fr\/wp-content\/uploads\/2019\/05\/logo_carr\u00e9_large.gif\",\"width\":800,\"height\":800,\"caption\":\"Agence BeComWeb\"},\"image\":{\"@id\":\"https:\/\/agence-becomweb.fr\/es\/#\/schema\/logo\/image\/\"},\"sameAs\":[\"https:\/\/www.facebook.com\/agencebecomweb\/\",\"https:\/\/x.com\/Agence_BeComWeb\",\"https:\/\/www.youtube.com\/channel\/UCBJQb76bz6DcHLknRVl4Kjg\"]}]}<\/script>\n<!-- \/ Yoast SEO plugin. -->","yoast_head_json":{"title":"Module Prestashop - Asesoramiento de producto por cuestionario","robots":{"index":"index","follow":"follow","max-snippet":"max-snippet:-1","max-image-preview":"max-image-preview:large","max-video-preview":"max-video-preview:-1"},"canonical":"https:\/\/agence-becomweb.fr\/es\/modulos-prestashop\/asesoramiento-de-producto-por-cuestionario\/","og_locale":"es_ES","og_type":"article","og_title":"Module Prestashop - Asesoramiento de producto por cuestionario","og_description":"Ayude a sus clientes a encontrar f\u00e1cilmente los productos que mejor se adapten a sus necesidades con este m\u00f3dulo de creaci\u00f3n de cuestionarios paso a paso.","og_url":"https:\/\/agence-becomweb.fr\/es\/modulos-prestashop\/asesoramiento-de-producto-por-cuestionario\/","og_site_name":"Agencia-web BeComWeb","article_publisher":"https:\/\/www.facebook.com\/agencebecomweb\/","article_modified_time":"2025-11-12T16:07:48+00:00","og_image":[{"width":1024,"height":600,"url":"https:\/\/agence-becomweb.fr\/wp-content\/uploads\/2019\/11\/productadvicesurvey.jpg","type":"image\/jpeg"}],"twitter_card":"summary_large_image","twitter_site":"@Agence_BeComWeb","twitter_misc":{"Tiempo de lectura":"2 minutos"},"schema":{"@context":"https:\/\/schema.org","@graph":[{"@type":"WebPage","@id":"https:\/\/agence-becomweb.fr\/es\/modulos-prestashop\/asesoramiento-de-producto-por-cuestionario\/","url":"https:\/\/agence-becomweb.fr\/es\/modulos-prestashop\/asesoramiento-de-producto-por-cuestionario\/","name":"Module Prestashop - Asesoramiento de producto por cuestionario","isPartOf":{"@id":"https:\/\/agence-becomweb.fr\/es\/#website"},"primaryImageOfPage":{"@id":"https:\/\/agence-becomweb.fr\/es\/modulos-prestashop\/asesoramiento-de-producto-por-cuestionario\/#primaryimage"},"image":{"@id":"https:\/\/agence-becomweb.fr\/es\/modulos-prestashop\/asesoramiento-de-producto-por-cuestionario\/#primaryimage"},"thumbnailUrl":"https:\/\/agence-becomweb.fr\/wp-content\/uploads\/2019\/11\/productadvicesurvey.jpg","datePublished":"2019-11-25T15:46:30+00:00","dateModified":"2025-11-12T16:07:48+00:00","breadcrumb":{"@id":"https:\/\/agence-becomweb.fr\/es\/modulos-prestashop\/asesoramiento-de-producto-por-cuestionario\/#breadcrumb"},"inLanguage":"es","potentialAction":[{"@type":"ReadAction","target":["https:\/\/agence-becomweb.fr\/es\/modulos-prestashop\/asesoramiento-de-producto-por-cuestionario\/"]}]},{"@type":"ImageObject","inLanguage":"es","@id":"https:\/\/agence-becomweb.fr\/es\/modulos-prestashop\/asesoramiento-de-producto-por-cuestionario\/#primaryimage","url":"https:\/\/agence-becomweb.fr\/wp-content\/uploads\/2019\/11\/productadvicesurvey.jpg","contentUrl":"https:\/\/agence-becomweb.fr\/wp-content\/uploads\/2019\/11\/productadvicesurvey.jpg","width":1024,"height":600,"caption":"Dirija a sus clientes a los productos que les convienen con un cuestionario paso a paso"},{"@type":"BreadcrumbList","@id":"https:\/\/agence-becomweb.fr\/es\/modulos-prestashop\/asesoramiento-de-producto-por-cuestionario\/#breadcrumb","itemListElement":[{"@type":"ListItem","position":1,"name":"Inicio","item":"https:\/\/agence-becomweb.fr\/es\/"},{"@type":"ListItem","position":2,"name":"Modulos Prestashop","item":"https:\/\/agence-becomweb.fr\/es\/modulos-prestashop\/"},{"@type":"ListItem","position":3,"name":"Asesoramiento de producto por cuestionario"}]},{"@type":"WebSite","@id":"https:\/\/agence-becomweb.fr\/es\/#website","url":"https:\/\/agence-becomweb.fr\/es\/","name":"Agencia-web BeComWeb","description":"M\u00f3dulos Prestashop de calidad a bajo precio para su tienda en l\u00ednea","publisher":{"@id":"https:\/\/agence-becomweb.fr\/es\/#organization"},"potentialAction":[{"@type":"SearchAction","target":{"@type":"EntryPoint","urlTemplate":"https:\/\/agence-becomweb.fr\/es\/?s={search_term_string}"},"query-input":{"@type":"PropertyValueSpecification","valueRequired":true,"valueName":"search_term_string"}}],"inLanguage":"es"},{"@type":"Organization","@id":"https:\/\/agence-becomweb.fr\/es\/#organization","name":"Agence BeComWeb","url":"https:\/\/agence-becomweb.fr\/es\/","logo":{"@type":"ImageObject","inLanguage":"es","@id":"https:\/\/agence-becomweb.fr\/es\/#\/schema\/logo\/image\/","url":"https:\/\/agence-becomweb.fr\/wp-content\/uploads\/2019\/05\/logo_carr\u00e9_large.gif","contentUrl":"https:\/\/agence-becomweb.fr\/wp-content\/uploads\/2019\/05\/logo_carr\u00e9_large.gif","width":800,"height":800,"caption":"Agence BeComWeb"},"image":{"@id":"https:\/\/agence-becomweb.fr\/es\/#\/schema\/logo\/image\/"},"sameAs":["https:\/\/www.facebook.com\/agencebecomweb\/","https:\/\/x.com\/Agence_BeComWeb","https:\/\/www.youtube.com\/channel\/UCBJQb76bz6DcHLknRVl4Kjg"]}]}},"_links":{"self":[{"href":"https:\/\/agence-becomweb.fr\/es\/wp-json\/wp\/v2\/product\/1597","targetHints":{"allow":["GET"]}}],"collection":[{"href":"https:\/\/agence-becomweb.fr\/es\/wp-json\/wp\/v2\/product"}],"about":[{"href":"https:\/\/agence-becomweb.fr\/es\/wp-json\/wp\/v2\/types\/product"}],"replies":[{"embeddable":true,"href":"https:\/\/agence-becomweb.fr\/es\/wp-json\/wp\/v2\/comments?post=1597"}],"wp:featuredmedia":[{"embeddable":true,"href":"https:\/\/agence-becomweb.fr\/es\/wp-json\/wp\/v2\/media\/1598"}],"wp:attachment":[{"href":"https:\/\/agence-becomweb.fr\/es\/wp-json\/wp\/v2\/media?parent=1597"}],"wp:term":[{"taxonomy":"product_brand","embeddable":true,"href":"https:\/\/agence-becomweb.fr\/es\/wp-json\/wp\/v2\/product_brand?post=1597"},{"taxonomy":"product_cat","embeddable":true,"href":"https:\/\/agence-becomweb.fr\/es\/wp-json\/wp\/v2\/product_cat?post=1597"},{"taxonomy":"product_tag","embeddable":true,"href":"https:\/\/agence-becomweb.fr\/es\/wp-json\/wp\/v2\/product_tag?post=1597"}],"curies":[{"name":"wp","href":"https:\/\/api.w.org\/{rel}","templated":true}]}}