{"id":1596,"date":"2020-10-13T21:50:10","date_gmt":"2020-10-13T19:50:10","guid":{"rendered":"https:\/\/agence-becomweb.fr\/modules-prestashop\/importe-antes-del-envio-gratuito\/"},"modified":"2025-07-14T12:43:03","modified_gmt":"2025-07-14T10:43:03","slug":"importe-antes-del-envio-gratuito","status":"publish","type":"product","link":"https:\/\/agence-becomweb.fr\/es\/modulos-prestashop\/importe-antes-del-envio-gratuito\/","title":{"rendered":"Importe antes del env\u00edo gratuito"},"content":{"rendered":"<h2>Muestra la cantidad que falta antes del env\u00edo gratuito en tiempo rea<\/h2>\n<p>Al mostrar el monto restante antes de la entrega gratuita, sus clientes podr\u00e1n saber en cualquier momento cu\u00e1nto agregar para no pagar los costos de env\u00edo.<\/p>\n<p>Por tanto, este m\u00f3dulo le permitir\u00e1 <strong>incrementar muy f\u00e1cilmente la cesta media de su tienda<\/strong>.<\/p>\n<p>Te ofrece la posibilidad de mostrar el mensaje indicando el importe en muchos lugares de la tienda (en la parte superior del sitio, en el t\u00fanel de pedido, &#8230;). Adem\u00e1s el modulo tiene un widget para incrustar bloques personalizados en cualquier lugar de su tema.<\/p>\n<p>Los mensajes se actualizan <strong>en tiempo real<\/strong>, tan pronto como el cliente agrega o elimina un producto de su carrito, cambia su direcci\u00f3n o selecciona otro transportista.<\/p>\n<h2>Funciona con todas las tiendas Prestashop<\/h2>\n<p>Gracias a estos 2 modos de funcionamiento, el m\u00f3dulo es apto para todas las tiendas Prestashop:<\/p>\n<ul>\n<li>Modo \u00abB\u00e1sico\u00bb, si ofrece la entrega desde una determinada cantidad, sea cual sea el transportista,<\/li>\n<li>Modo \u00abRangos de precio\u00bb si utiliza el sistema de rangos de precios para definir los costos de env\u00edo.<\/li>\n<li>Modo \u00abReglas de carrito\u00bb si utilizas las reglas del carrito para activar el env\u00edo gratuito<\/li>\n<\/ul>\n<p><em>Nota: el m\u00f3dulo es compatible con todas las versiones de Prestashop 1.7, de Prestashop 8 y de Prestashop 9.<\/em><\/p>\n<h2>Muchas opciones de configuraci\u00f3n<\/h2>\n<p>El m\u00f3dulo tiene una personalizaci\u00f3n muy completa. Para cada uno de los bloques se puede modificar su texto y su apariencia (fondo y colores del texto, antes y despu\u00e9s de obtener env\u00edo gratuito, etc.) y elegir si se debe mostrar u ocultar cuando el cliente recibe el env\u00edo gratis o cuando la cesta est\u00e1 vac\u00eda. .<\/p>\n<h2>Compatibilidad<\/h2>\n<p>Este m\u00f3dulo es totalmente compatible con el m\u00f3dulo  \u00ab<a href=\"https:\/\/addons.prestashop.com\/es\/gastos-de-transporte\/5711-envio-basado-en-codigos-postales.html\" target=\"_blank\" rel=\"noopener\">zipcodezone<\/a>\u00bb (o \u00abEnv\u00edo basado en c\u00f3digos postales\u00bb).<\/p>\n","protected":false},"excerpt":{"rendered":"<p>Muestra la cantidad que falta para que el pedido tenga gastos de env\u00edo gratuitos<\/p>\n","protected":false},"featured_media":1339,"comment_status":"open","ping_status":"closed","template":"","meta":{"_acf_changed":false},"product_brand":[],"product_cat":[283],"product_tag":[227,316,337,339,338,319,285,340,284,315],"class_list":{"0":"post-1596","1":"product","2":"type-product","3":"status-publish","4":"has-post-thumbnail","6":"product_cat-modulos-prestashop","7":"product_tag-1-7-es","8":"product_tag-envio","9":"product_tag-gastos-de-envio","10":"product_tag-gratis","11":"product_tag-gratuidad","12":"product_tag-livraison-es","13":"product_tag-modulo","14":"product_tag-ofrecido","15":"product_tag-prestashop-es","16":"product_tag-transporte","18":"first","19":"instock","20":"downloadable","21":"virtual","22":"purchasable","23":"product-type-simple"},"acf":[],"yoast_head":"<!-- This site is optimized with the Yoast SEO plugin v26.9 - https:\/\/yoast.com\/product\/yoast-seo-wordpress\/ -->\n<title>Module Prestashop - Importe antes del env\u00edo gratuito<\/title>\n<meta name=\"description\" content=\"M\u00f3dulo Prestashop para mostrar la cantidad faltante para beneficiarse de los costos de env\u00edo gratuitos\" \/>\n<meta name=\"robots\" content=\"index, follow, max-snippet:-1, max-image-preview:large, max-video-preview:-1\" \/>\n<link rel=\"canonical\" href=\"https:\/\/agence-becomweb.fr\/es\/modulos-prestashop\/importe-antes-del-envio-gratuito\/\" \/>\n<meta property=\"og:locale\" content=\"es_ES\" \/>\n<meta property=\"og:type\" content=\"article\" \/>\n<meta property=\"og:title\" content=\"Module Prestashop - Importe antes del env\u00edo gratuito\" \/>\n<meta property=\"og:description\" content=\"M\u00f3dulo Prestashop para mostrar la cantidad faltante para beneficiarse de los costos de env\u00edo gratuitos\" \/>\n<meta property=\"og:url\" content=\"https:\/\/agence-becomweb.fr\/es\/modulos-prestashop\/importe-antes-del-envio-gratuito\/\" \/>\n<meta property=\"og:site_name\" content=\"Agencia-web BeComWeb\" \/>\n<meta property=\"article:publisher\" content=\"https:\/\/www.facebook.com\/agencebecomweb\/\" \/>\n<meta property=\"article:modified_time\" content=\"2025-07-14T10:43:03+00:00\" \/>\n<meta property=\"og:image\" content=\"https:\/\/agence-becomweb.fr\/wp-content\/uploads\/2020\/10\/amountbeforefreedelivery.jpg\" \/>\n\t<meta property=\"og:image:width\" content=\"1024\" \/>\n\t<meta property=\"og:image:height\" content=\"600\" \/>\n\t<meta property=\"og:image:type\" content=\"image\/jpeg\" \/>\n<meta name=\"twitter:card\" content=\"summary_large_image\" \/>\n<meta name=\"twitter:site\" content=\"@Agence_BeComWeb\" \/>\n<meta name=\"twitter:label1\" content=\"Tiempo de lectura\" \/>\n\t<meta name=\"twitter:data1\" content=\"2 minutos\" \/>\n<script type=\"application\/ld+json\" class=\"yoast-schema-graph\">{\"@context\":\"https:\/\/schema.org\",\"@graph\":[{\"@type\":\"WebPage\",\"@id\":\"https:\/\/agence-becomweb.fr\/es\/modulos-prestashop\/importe-antes-del-envio-gratuito\/\",\"url\":\"https:\/\/agence-becomweb.fr\/es\/modulos-prestashop\/importe-antes-del-envio-gratuito\/\",\"name\":\"Module Prestashop - Importe antes del env\u00edo gratuito\",\"isPartOf\":{\"@id\":\"https:\/\/agence-becomweb.fr\/es\/#website\"},\"primaryImageOfPage\":{\"@id\":\"https:\/\/agence-becomweb.fr\/es\/modulos-prestashop\/importe-antes-del-envio-gratuito\/#primaryimage\"},\"image\":{\"@id\":\"https:\/\/agence-becomweb.fr\/es\/modulos-prestashop\/importe-antes-del-envio-gratuito\/#primaryimage\"},\"thumbnailUrl\":\"https:\/\/agence-becomweb.fr\/wp-content\/uploads\/2020\/10\/amountbeforefreedelivery.jpg\",\"datePublished\":\"2020-10-13T19:50:10+00:00\",\"dateModified\":\"2025-07-14T10:43:03+00:00\",\"description\":\"M\u00f3dulo Prestashop para mostrar la cantidad faltante para beneficiarse de los costos de env\u00edo gratuitos\",\"breadcrumb\":{\"@id\":\"https:\/\/agence-becomweb.fr\/es\/modulos-prestashop\/importe-antes-del-envio-gratuito\/#breadcrumb\"},\"inLanguage\":\"es\",\"potentialAction\":[{\"@type\":\"ReadAction\",\"target\":[\"https:\/\/agence-becomweb.fr\/es\/modulos-prestashop\/importe-antes-del-envio-gratuito\/\"]}]},{\"@type\":\"ImageObject\",\"inLanguage\":\"es\",\"@id\":\"https:\/\/agence-becomweb.fr\/es\/modulos-prestashop\/importe-antes-del-envio-gratuito\/#primaryimage\",\"url\":\"https:\/\/agence-becomweb.fr\/wp-content\/uploads\/2020\/10\/amountbeforefreedelivery.jpg\",\"contentUrl\":\"https:\/\/agence-becomweb.fr\/wp-content\/uploads\/2020\/10\/amountbeforefreedelivery.jpg\",\"width\":1024,\"height\":600,\"caption\":\"Este m\u00f3dulo de Prestashop te permitir\u00e1 indicarle al cliente la suma faltante para aprovechar los gastos de env\u00edo gratis.\"},{\"@type\":\"BreadcrumbList\",\"@id\":\"https:\/\/agence-becomweb.fr\/es\/modulos-prestashop\/importe-antes-del-envio-gratuito\/#breadcrumb\",\"itemListElement\":[{\"@type\":\"ListItem\",\"position\":1,\"name\":\"Inicio\",\"item\":\"https:\/\/agence-becomweb.fr\/es\/\"},{\"@type\":\"ListItem\",\"position\":2,\"name\":\"Modulos Prestashop\",\"item\":\"https:\/\/agence-becomweb.fr\/es\/modulos-prestashop\/\"},{\"@type\":\"ListItem\",\"position\":3,\"name\":\"Importe antes del env\u00edo gratuito\"}]},{\"@type\":\"WebSite\",\"@id\":\"https:\/\/agence-becomweb.fr\/es\/#website\",\"url\":\"https:\/\/agence-becomweb.fr\/es\/\",\"name\":\"Agencia-web BeComWeb\",\"description\":\"M\u00f3dulos Prestashop de calidad a bajo precio para su tienda en l\u00ednea\",\"publisher\":{\"@id\":\"https:\/\/agence-becomweb.fr\/es\/#organization\"},\"potentialAction\":[{\"@type\":\"SearchAction\",\"target\":{\"@type\":\"EntryPoint\",\"urlTemplate\":\"https:\/\/agence-becomweb.fr\/es\/?s={search_term_string}\"},\"query-input\":{\"@type\":\"PropertyValueSpecification\",\"valueRequired\":true,\"valueName\":\"search_term_string\"}}],\"inLanguage\":\"es\"},{\"@type\":\"Organization\",\"@id\":\"https:\/\/agence-becomweb.fr\/es\/#organization\",\"name\":\"Agence BeComWeb\",\"url\":\"https:\/\/agence-becomweb.fr\/es\/\",\"logo\":{\"@type\":\"ImageObject\",\"inLanguage\":\"es\",\"@id\":\"https:\/\/agence-becomweb.fr\/es\/#\/schema\/logo\/image\/\",\"url\":\"https:\/\/agence-becomweb.fr\/wp-content\/uploads\/2019\/05\/logo_carr\u00e9_large.gif\",\"contentUrl\":\"https:\/\/agence-becomweb.fr\/wp-content\/uploads\/2019\/05\/logo_carr\u00e9_large.gif\",\"width\":800,\"height\":800,\"caption\":\"Agence BeComWeb\"},\"image\":{\"@id\":\"https:\/\/agence-becomweb.fr\/es\/#\/schema\/logo\/image\/\"},\"sameAs\":[\"https:\/\/www.facebook.com\/agencebecomweb\/\",\"https:\/\/x.com\/Agence_BeComWeb\",\"https:\/\/www.youtube.com\/channel\/UCBJQb76bz6DcHLknRVl4Kjg\"]}]}<\/script>\n<!-- \/ Yoast SEO plugin. -->","yoast_head_json":{"title":"Module Prestashop - Importe antes del env\u00edo gratuito","description":"M\u00f3dulo Prestashop para mostrar la cantidad faltante para beneficiarse de los costos de env\u00edo gratuitos","robots":{"index":"index","follow":"follow","max-snippet":"max-snippet:-1","max-image-preview":"max-image-preview:large","max-video-preview":"max-video-preview:-1"},"canonical":"https:\/\/agence-becomweb.fr\/es\/modulos-prestashop\/importe-antes-del-envio-gratuito\/","og_locale":"es_ES","og_type":"article","og_title":"Module Prestashop - Importe antes del env\u00edo gratuito","og_description":"M\u00f3dulo Prestashop para mostrar la cantidad faltante para beneficiarse de los costos de env\u00edo gratuitos","og_url":"https:\/\/agence-becomweb.fr\/es\/modulos-prestashop\/importe-antes-del-envio-gratuito\/","og_site_name":"Agencia-web BeComWeb","article_publisher":"https:\/\/www.facebook.com\/agencebecomweb\/","article_modified_time":"2025-07-14T10:43:03+00:00","og_image":[{"width":1024,"height":600,"url":"https:\/\/agence-becomweb.fr\/wp-content\/uploads\/2020\/10\/amountbeforefreedelivery.jpg","type":"image\/jpeg"}],"twitter_card":"summary_large_image","twitter_site":"@Agence_BeComWeb","twitter_misc":{"Tiempo de lectura":"2 minutos"},"schema":{"@context":"https:\/\/schema.org","@graph":[{"@type":"WebPage","@id":"https:\/\/agence-becomweb.fr\/es\/modulos-prestashop\/importe-antes-del-envio-gratuito\/","url":"https:\/\/agence-becomweb.fr\/es\/modulos-prestashop\/importe-antes-del-envio-gratuito\/","name":"Module Prestashop - Importe antes del env\u00edo gratuito","isPartOf":{"@id":"https:\/\/agence-becomweb.fr\/es\/#website"},"primaryImageOfPage":{"@id":"https:\/\/agence-becomweb.fr\/es\/modulos-prestashop\/importe-antes-del-envio-gratuito\/#primaryimage"},"image":{"@id":"https:\/\/agence-becomweb.fr\/es\/modulos-prestashop\/importe-antes-del-envio-gratuito\/#primaryimage"},"thumbnailUrl":"https:\/\/agence-becomweb.fr\/wp-content\/uploads\/2020\/10\/amountbeforefreedelivery.jpg","datePublished":"2020-10-13T19:50:10+00:00","dateModified":"2025-07-14T10:43:03+00:00","description":"M\u00f3dulo Prestashop para mostrar la cantidad faltante para beneficiarse de los costos de env\u00edo gratuitos","breadcrumb":{"@id":"https:\/\/agence-becomweb.fr\/es\/modulos-prestashop\/importe-antes-del-envio-gratuito\/#breadcrumb"},"inLanguage":"es","potentialAction":[{"@type":"ReadAction","target":["https:\/\/agence-becomweb.fr\/es\/modulos-prestashop\/importe-antes-del-envio-gratuito\/"]}]},{"@type":"ImageObject","inLanguage":"es","@id":"https:\/\/agence-becomweb.fr\/es\/modulos-prestashop\/importe-antes-del-envio-gratuito\/#primaryimage","url":"https:\/\/agence-becomweb.fr\/wp-content\/uploads\/2020\/10\/amountbeforefreedelivery.jpg","contentUrl":"https:\/\/agence-becomweb.fr\/wp-content\/uploads\/2020\/10\/amountbeforefreedelivery.jpg","width":1024,"height":600,"caption":"Este m\u00f3dulo de Prestashop te permitir\u00e1 indicarle al cliente la suma faltante para aprovechar los gastos de env\u00edo gratis."},{"@type":"BreadcrumbList","@id":"https:\/\/agence-becomweb.fr\/es\/modulos-prestashop\/importe-antes-del-envio-gratuito\/#breadcrumb","itemListElement":[{"@type":"ListItem","position":1,"name":"Inicio","item":"https:\/\/agence-becomweb.fr\/es\/"},{"@type":"ListItem","position":2,"name":"Modulos Prestashop","item":"https:\/\/agence-becomweb.fr\/es\/modulos-prestashop\/"},{"@type":"ListItem","position":3,"name":"Importe antes del env\u00edo gratuito"}]},{"@type":"WebSite","@id":"https:\/\/agence-becomweb.fr\/es\/#website","url":"https:\/\/agence-becomweb.fr\/es\/","name":"Agencia-web BeComWeb","description":"M\u00f3dulos Prestashop de calidad a bajo precio para su tienda en l\u00ednea","publisher":{"@id":"https:\/\/agence-becomweb.fr\/es\/#organization"},"potentialAction":[{"@type":"SearchAction","target":{"@type":"EntryPoint","urlTemplate":"https:\/\/agence-becomweb.fr\/es\/?s={search_term_string}"},"query-input":{"@type":"PropertyValueSpecification","valueRequired":true,"valueName":"search_term_string"}}],"inLanguage":"es"},{"@type":"Organization","@id":"https:\/\/agence-becomweb.fr\/es\/#organization","name":"Agence BeComWeb","url":"https:\/\/agence-becomweb.fr\/es\/","logo":{"@type":"ImageObject","inLanguage":"es","@id":"https:\/\/agence-becomweb.fr\/es\/#\/schema\/logo\/image\/","url":"https:\/\/agence-becomweb.fr\/wp-content\/uploads\/2019\/05\/logo_carr\u00e9_large.gif","contentUrl":"https:\/\/agence-becomweb.fr\/wp-content\/uploads\/2019\/05\/logo_carr\u00e9_large.gif","width":800,"height":800,"caption":"Agence BeComWeb"},"image":{"@id":"https:\/\/agence-becomweb.fr\/es\/#\/schema\/logo\/image\/"},"sameAs":["https:\/\/www.facebook.com\/agencebecomweb\/","https:\/\/x.com\/Agence_BeComWeb","https:\/\/www.youtube.com\/channel\/UCBJQb76bz6DcHLknRVl4Kjg"]}]}},"_links":{"self":[{"href":"https:\/\/agence-becomweb.fr\/es\/wp-json\/wp\/v2\/product\/1596","targetHints":{"allow":["GET"]}}],"collection":[{"href":"https:\/\/agence-becomweb.fr\/es\/wp-json\/wp\/v2\/product"}],"about":[{"href":"https:\/\/agence-becomweb.fr\/es\/wp-json\/wp\/v2\/types\/product"}],"replies":[{"embeddable":true,"href":"https:\/\/agence-becomweb.fr\/es\/wp-json\/wp\/v2\/comments?post=1596"}],"wp:featuredmedia":[{"embeddable":true,"href":"https:\/\/agence-becomweb.fr\/es\/wp-json\/wp\/v2\/media\/1339"}],"wp:attachment":[{"href":"https:\/\/agence-becomweb.fr\/es\/wp-json\/wp\/v2\/media?parent=1596"}],"wp:term":[{"taxonomy":"product_brand","embeddable":true,"href":"https:\/\/agence-becomweb.fr\/es\/wp-json\/wp\/v2\/product_brand?post=1596"},{"taxonomy":"product_cat","embeddable":true,"href":"https:\/\/agence-becomweb.fr\/es\/wp-json\/wp\/v2\/product_cat?post=1596"},{"taxonomy":"product_tag","embeddable":true,"href":"https:\/\/agence-becomweb.fr\/es\/wp-json\/wp\/v2\/product_tag?post=1596"}],"curies":[{"name":"wp","href":"https:\/\/api.w.org\/{rel}","templated":true}]}}