{"id":1592,"date":"2020-05-29T18:20:14","date_gmt":"2020-05-29T16:20:14","guid":{"rendered":"https:\/\/agence-becomweb.fr\/modules-prestashop\/cambio-automatico-de-combinacion-predeterminada\/"},"modified":"2023-11-01T17:04:34","modified_gmt":"2023-11-01T16:04:34","slug":"cambio-automatico-de-combinacion-predeterminada","status":"publish","type":"product","link":"https:\/\/agence-becomweb.fr\/es\/modulos-prestashop\/cambio-automatico-de-combinacion-predeterminada\/","title":{"rendered":"Cambio autom\u00e1tico de combinaci\u00f3n predeterminada"},"content":{"rendered":"<h2>\u00a1M\u00e1s ventas, menos mensaje de agotamiento!<\/h2>\n<p>Con Prestashop, cuando la combinaci\u00f3n predeterminada de un producto est\u00e1 agotada mientras las otras combinaciones est\u00e1n disponibles, el cliente se encontrar\u00e1 con las siguientes situaciones:<\/p>\n<ul>\n<li>la tienda mostrar\u00e1 mensajes advirti\u00e9ndole que el producto ya no est\u00e1 disponible<\/li>\n<li>no podr\u00e1 agregar el producto a su carrito de la lista de art\u00edculos<\/li>\n<\/ul>\n<p>\u00a1Estos mensajes pueden malinterpretarse y corre el riesgo de perderse un pedido!<\/p>\n<p>Para remediar esto, le sugerimos que descubra nuestro m\u00f3dulo para modificar autom\u00e1ticamente la combinaci\u00f3n en caso de escasez de stock.<\/p>\n<p>De esta forma sus productos volver\u00e1n a aparecer en stock y sus clientes podr\u00e1n pedirlos f\u00e1cilmente<\/p>\n<h2>C\u00f3mo funciona el cambio de combinaci\u00f3n predeterminada<\/h2>\n<p>Primero comienza definiendo el criterio de reatribuci\u00f3n para la nueva combinaci\u00f3n predeterminada:<\/p>\n<ul>\n<li>la primera disponible en la lista<\/li>\n<li>la primera disponible desde el final de la lista<\/li>\n<li>la que tiene menos stock<\/li>\n<li>la que tiene mayor stock<\/li>\n<\/ul>\n<p>Entonces, todas las versiones del m\u00f3dulo incluyen un proceso autom\u00e1tico. Cada vez que la variaci\u00f3n predeterminada se agota, el m\u00f3dulo elige la nueva combinaci\u00f3n predeterminada seg\u00fan el criterio que hayas elegido.<\/p>\n<p><strong>La actualizaci\u00f3n se realiza tan pronto como se rompe la combinaci\u00f3n; tras la validaci\u00f3n de un pedido o tras la modificaci\u00f3n de la cantidad en el back office<\/strong>.<\/p>\n<p>A partir de la versi\u00f3n 2 del m\u00f3dulo, si lo deseas tambi\u00e9n puedes configurar una <strong>tarea cron<\/strong>, para lanzar <strong>autom\u00e1ticamente<\/strong> una reasignaci\u00f3n masiva en todo tu cat\u00e1logo.<\/p >\n<p>Para esto tienes 2 opciones:<\/p>\n<ol>\n<li>Un comando de Symfony (recomendado)<\/li>\n<li>Un controlador frontal<\/li>\n<\/ol>\n<p>Para el controlador frontal, el m\u00f3dulo le permite (adem\u00e1s del sistema de token) reforzar la seguridad activando opciones para limitar el acceso al controlador a trav\u00e9s de PHP-CLI y\/o desde una \u00fanica direcci\u00f3n IP (la de su servidor para ejemplo).<\/p>\n<h2>Compatibilidad y caracter\u00edsticas<\/h2>\n<p>Aqu\u00ed est\u00e1 la lista de caracter\u00edsticas incluidas en las diferentes versiones del m\u00f3dulo, as\u00ed como su compatibilidad.<\/p>\n<table>\n<thead>\n<tr>\n<th><\/th>\n<th>V1<\/th>\n<th>V2<\/th>\n<\/tr>\n<\/thead>\n<tbody>\n<tr>\n<td>Compatibilidad<\/td>\n<td>De PS 1.6.0 a PS 1.7.5<\/td>\n<td>Desde PS 1.7.5<\/td>\n<\/tr>\n<tr>\n<td>Reasignaci\u00f3n autom\u00e1tica<\/td>\n<td><i class=\"fa fa-check icon-green icon-big\" aria-hidden=\"true\"><\/i><\/td>\n<td><i class=\"fa fa-check icon-green icon-big\" aria-hidden=\"true\"><\/i><\/td>\n<\/tr>\n<tr>\n<td>Reasignaci\u00f3n desde back office<\/td>\n<td><i class=\"fa fa-check icon-green icon-big\" aria-hidden=\"true\"><\/i><\/td>\n<td><i class=\"fa fa-check icon-green icon-big\" aria-hidden=\"true\"><\/i> (Am\u00e9lior\u00e9)<\/td>\n<\/tr>\n<tr>\n<td>4 modos de selecci\u00f3n<\/td>\n<td><i class=\"fa fa-check icon-green icon-big\" aria-hidden=\"true\"><\/i><\/td>\n<td><i class=\"fa fa-check icon-green icon-big\" aria-hidden=\"true\"><\/i><\/td>\n<\/tr>\n<tr>\n<td>Registro de eventos<\/td>\n<td><i class=\"fa fa-check icon-green icon-big\" aria-hidden=\"true\"><\/i><\/td>\n<td><i class=\"fa fa-check icon-green icon-big\" aria-hidden=\"true\"><\/i><\/td>\n<\/tr>\n<tr>\n<td>Controlador frontal \u00abcron\u00bb<\/td>\n<td><\/td>\n<td><i class=\"fa fa-check icon-green icon-big\" aria-hidden=\"true\"><\/i><\/td>\n<\/tr>\n<tr>\n<td>Comando Symfony<\/td>\n<td><\/td>\n<td><i class=\"fa fa-check icon-green icon-big\" aria-hidden=\"true\"><\/i><\/td>\n<\/tr>\n<\/tbody>\n<\/table>\n<hr>\n<p>Importante: La configuraci\u00f3n de una tarea cron est\u00e1 reservada para usuarios avanzados. La operaci\u00f3n requiere configurar el servidor y, por lo tanto, requiere habilidades y conocimientos t\u00e9cnicos. En consecuencia, deber\u00e1 ponerse en contacto con su host o administrador del sistema. Tenga en cuenta que no brindaremos soporte para esto, ya que no est\u00e1 cubierto por el alcance de soporte t\u00e9cnico del m\u00f3dulo.<\/p>\n","protected":false},"excerpt":{"rendered":"<p>Modificaci\u00f3n autom\u00e1tica de la combinaci\u00f3n predeterminada en caso de agotamiento<\/p>\n","protected":false},"featured_media":1264,"comment_status":"open","ping_status":"closed","template":"","meta":{"_acf_changed":false},"product_brand":[],"product_cat":[283],"product_tag":[226,227,336,335,293,285,284,334],"class_list":{"0":"post-1592","1":"product","2":"type-product","3":"status-publish","4":"has-post-thumbnail","6":"product_cat-modulos-prestashop","7":"product_tag-1-6-es","8":"product_tag-1-7-es","9":"product_tag-agotamiento","10":"product_tag-combinacion","11":"product_tag-modificacion","12":"product_tag-modulo","13":"product_tag-prestashop-es","14":"product_tag-stock-es","16":"first","17":"instock","18":"shipping-taxable","19":"purchasable","20":"product-type-variable"},"acf":[],"yoast_head":"<!-- This site is optimized with the Yoast SEO plugin v27.3 - https:\/\/yoast.com\/product\/yoast-seo-wordpress\/ -->\n<title>Module Prestashop - Cambio autom\u00e1tico de combinaci\u00f3n predeterminada<\/title>\n<meta name=\"description\" content=\"No se pierda un pedido si la combinaci\u00f3n predeterminada de un producto est\u00e1 agotada. Este m\u00f3dulo que selecciona uno nuevo para ti\" \/>\n<meta name=\"robots\" content=\"index, follow, max-snippet:-1, max-image-preview:large, max-video-preview:-1\" \/>\n<link rel=\"canonical\" href=\"https:\/\/agence-becomweb.fr\/es\/modulos-prestashop\/cambio-automatico-de-combinacion-predeterminada\/\" \/>\n<meta property=\"og:locale\" content=\"es_ES\" \/>\n<meta property=\"og:type\" content=\"article\" \/>\n<meta property=\"og:title\" content=\"Module Prestashop - Cambio autom\u00e1tico de combinaci\u00f3n predeterminada\" \/>\n<meta property=\"og:description\" content=\"No se pierda un pedido si la combinaci\u00f3n predeterminada de un producto est\u00e1 agotada. Este m\u00f3dulo que selecciona uno nuevo para ti\" \/>\n<meta property=\"og:url\" content=\"https:\/\/agence-becomweb.fr\/es\/modulos-prestashop\/cambio-automatico-de-combinacion-predeterminada\/\" \/>\n<meta property=\"og:site_name\" content=\"Agencia-web BeComWeb\" \/>\n<meta property=\"article:publisher\" content=\"https:\/\/www.facebook.com\/agencebecomweb\/\" \/>\n<meta property=\"article:modified_time\" content=\"2023-11-01T16:04:34+00:00\" \/>\n<meta property=\"og:image\" content=\"https:\/\/agence-becomweb.fr\/wp-content\/uploads\/2021\/08\/autoswitchdefaultcombination_es-1.jpg\" \/>\n\t<meta property=\"og:image:width\" content=\"1024\" \/>\n\t<meta property=\"og:image:height\" content=\"600\" \/>\n\t<meta property=\"og:image:type\" content=\"image\/jpeg\" \/>\n<meta name=\"twitter:card\" content=\"summary_large_image\" \/>\n<meta name=\"twitter:site\" content=\"@Agence_BeComWeb\" \/>\n<meta name=\"twitter:label1\" content=\"Tiempo de lectura\" \/>\n\t<meta name=\"twitter:data1\" content=\"2 minutos\" \/>\n<script type=\"application\/ld+json\" class=\"yoast-schema-graph\">{\"@context\":\"https:\\\/\\\/schema.org\",\"@graph\":[{\"@type\":\"WebPage\",\"@id\":\"https:\\\/\\\/agence-becomweb.fr\\\/es\\\/modulos-prestashop\\\/cambio-automatico-de-combinacion-predeterminada\\\/\",\"url\":\"https:\\\/\\\/agence-becomweb.fr\\\/es\\\/modulos-prestashop\\\/cambio-automatico-de-combinacion-predeterminada\\\/\",\"name\":\"Module Prestashop - Cambio autom\u00e1tico de combinaci\u00f3n predeterminada\",\"isPartOf\":{\"@id\":\"https:\\\/\\\/agence-becomweb.fr\\\/es\\\/#website\"},\"primaryImageOfPage\":{\"@id\":\"https:\\\/\\\/agence-becomweb.fr\\\/es\\\/modulos-prestashop\\\/cambio-automatico-de-combinacion-predeterminada\\\/#primaryimage\"},\"image\":{\"@id\":\"https:\\\/\\\/agence-becomweb.fr\\\/es\\\/modulos-prestashop\\\/cambio-automatico-de-combinacion-predeterminada\\\/#primaryimage\"},\"thumbnailUrl\":\"https:\\\/\\\/agence-becomweb.fr\\\/wp-content\\\/uploads\\\/2021\\\/08\\\/autoswitchdefaultcombination_es-1.jpg\",\"datePublished\":\"2020-05-29T16:20:14+00:00\",\"dateModified\":\"2023-11-01T16:04:34+00:00\",\"description\":\"No se pierda un pedido si la combinaci\u00f3n predeterminada de un producto est\u00e1 agotada. Este m\u00f3dulo que selecciona uno nuevo para ti\",\"breadcrumb\":{\"@id\":\"https:\\\/\\\/agence-becomweb.fr\\\/es\\\/modulos-prestashop\\\/cambio-automatico-de-combinacion-predeterminada\\\/#breadcrumb\"},\"inLanguage\":\"es\",\"potentialAction\":[{\"@type\":\"ReadAction\",\"target\":[\"https:\\\/\\\/agence-becomweb.fr\\\/es\\\/modulos-prestashop\\\/cambio-automatico-de-combinacion-predeterminada\\\/\"]}]},{\"@type\":\"ImageObject\",\"inLanguage\":\"es\",\"@id\":\"https:\\\/\\\/agence-becomweb.fr\\\/es\\\/modulos-prestashop\\\/cambio-automatico-de-combinacion-predeterminada\\\/#primaryimage\",\"url\":\"https:\\\/\\\/agence-becomweb.fr\\\/wp-content\\\/uploads\\\/2021\\\/08\\\/autoswitchdefaultcombination_es-1.jpg\",\"contentUrl\":\"https:\\\/\\\/agence-becomweb.fr\\\/wp-content\\\/uploads\\\/2021\\\/08\\\/autoswitchdefaultcombination_es-1.jpg\",\"width\":1024,\"height\":600,\"caption\":\"Este m\u00f3dulo de Prestashop modifica autom\u00e1ticamente la combinaci\u00f3n predeterminada del producto en caso de agotamiento\"},{\"@type\":\"BreadcrumbList\",\"@id\":\"https:\\\/\\\/agence-becomweb.fr\\\/es\\\/modulos-prestashop\\\/cambio-automatico-de-combinacion-predeterminada\\\/#breadcrumb\",\"itemListElement\":[{\"@type\":\"ListItem\",\"position\":1,\"name\":\"Inicio\",\"item\":\"https:\\\/\\\/agence-becomweb.fr\\\/es\\\/\"},{\"@type\":\"ListItem\",\"position\":2,\"name\":\"Modulos Prestashop\",\"item\":\"https:\\\/\\\/agence-becomweb.fr\\\/es\\\/modulos-prestashop\\\/\"},{\"@type\":\"ListItem\",\"position\":3,\"name\":\"Cambio autom\u00e1tico de combinaci\u00f3n predeterminada\"}]},{\"@type\":\"WebSite\",\"@id\":\"https:\\\/\\\/agence-becomweb.fr\\\/es\\\/#website\",\"url\":\"https:\\\/\\\/agence-becomweb.fr\\\/es\\\/\",\"name\":\"Agencia-web BeComWeb\",\"description\":\"M\u00f3dulos Prestashop de calidad a bajo precio para su tienda en l\u00ednea\",\"publisher\":{\"@id\":\"https:\\\/\\\/agence-becomweb.fr\\\/es\\\/#organization\"},\"potentialAction\":[{\"@type\":\"SearchAction\",\"target\":{\"@type\":\"EntryPoint\",\"urlTemplate\":\"https:\\\/\\\/agence-becomweb.fr\\\/es\\\/?s={search_term_string}\"},\"query-input\":{\"@type\":\"PropertyValueSpecification\",\"valueRequired\":true,\"valueName\":\"search_term_string\"}}],\"inLanguage\":\"es\"},{\"@type\":\"Organization\",\"@id\":\"https:\\\/\\\/agence-becomweb.fr\\\/es\\\/#organization\",\"name\":\"Agence BeComWeb\",\"url\":\"https:\\\/\\\/agence-becomweb.fr\\\/es\\\/\",\"logo\":{\"@type\":\"ImageObject\",\"inLanguage\":\"es\",\"@id\":\"https:\\\/\\\/agence-becomweb.fr\\\/es\\\/#\\\/schema\\\/logo\\\/image\\\/\",\"url\":\"https:\\\/\\\/agence-becomweb.fr\\\/wp-content\\\/uploads\\\/2019\\\/05\\\/logo_carr\u00e9_large.gif\",\"contentUrl\":\"https:\\\/\\\/agence-becomweb.fr\\\/wp-content\\\/uploads\\\/2019\\\/05\\\/logo_carr\u00e9_large.gif\",\"width\":800,\"height\":800,\"caption\":\"Agence BeComWeb\"},\"image\":{\"@id\":\"https:\\\/\\\/agence-becomweb.fr\\\/es\\\/#\\\/schema\\\/logo\\\/image\\\/\"},\"sameAs\":[\"https:\\\/\\\/www.facebook.com\\\/agencebecomweb\\\/\",\"https:\\\/\\\/x.com\\\/Agence_BeComWeb\",\"https:\\\/\\\/www.youtube.com\\\/channel\\\/UCBJQb76bz6DcHLknRVl4Kjg\"]}]}<\/script>\n<!-- \/ Yoast SEO plugin. -->","yoast_head_json":{"title":"Module Prestashop - Cambio autom\u00e1tico de combinaci\u00f3n predeterminada","description":"No se pierda un pedido si la combinaci\u00f3n predeterminada de un producto est\u00e1 agotada. Este m\u00f3dulo que selecciona uno nuevo para ti","robots":{"index":"index","follow":"follow","max-snippet":"max-snippet:-1","max-image-preview":"max-image-preview:large","max-video-preview":"max-video-preview:-1"},"canonical":"https:\/\/agence-becomweb.fr\/es\/modulos-prestashop\/cambio-automatico-de-combinacion-predeterminada\/","og_locale":"es_ES","og_type":"article","og_title":"Module Prestashop - Cambio autom\u00e1tico de combinaci\u00f3n predeterminada","og_description":"No se pierda un pedido si la combinaci\u00f3n predeterminada de un producto est\u00e1 agotada. Este m\u00f3dulo que selecciona uno nuevo para ti","og_url":"https:\/\/agence-becomweb.fr\/es\/modulos-prestashop\/cambio-automatico-de-combinacion-predeterminada\/","og_site_name":"Agencia-web BeComWeb","article_publisher":"https:\/\/www.facebook.com\/agencebecomweb\/","article_modified_time":"2023-11-01T16:04:34+00:00","og_image":[{"width":1024,"height":600,"url":"https:\/\/agence-becomweb.fr\/wp-content\/uploads\/2021\/08\/autoswitchdefaultcombination_es-1.jpg","type":"image\/jpeg"}],"twitter_card":"summary_large_image","twitter_site":"@Agence_BeComWeb","twitter_misc":{"Tiempo de lectura":"2 minutos"},"schema":{"@context":"https:\/\/schema.org","@graph":[{"@type":"WebPage","@id":"https:\/\/agence-becomweb.fr\/es\/modulos-prestashop\/cambio-automatico-de-combinacion-predeterminada\/","url":"https:\/\/agence-becomweb.fr\/es\/modulos-prestashop\/cambio-automatico-de-combinacion-predeterminada\/","name":"Module Prestashop - Cambio autom\u00e1tico de combinaci\u00f3n predeterminada","isPartOf":{"@id":"https:\/\/agence-becomweb.fr\/es\/#website"},"primaryImageOfPage":{"@id":"https:\/\/agence-becomweb.fr\/es\/modulos-prestashop\/cambio-automatico-de-combinacion-predeterminada\/#primaryimage"},"image":{"@id":"https:\/\/agence-becomweb.fr\/es\/modulos-prestashop\/cambio-automatico-de-combinacion-predeterminada\/#primaryimage"},"thumbnailUrl":"https:\/\/agence-becomweb.fr\/wp-content\/uploads\/2021\/08\/autoswitchdefaultcombination_es-1.jpg","datePublished":"2020-05-29T16:20:14+00:00","dateModified":"2023-11-01T16:04:34+00:00","description":"No se pierda un pedido si la combinaci\u00f3n predeterminada de un producto est\u00e1 agotada. Este m\u00f3dulo que selecciona uno nuevo para ti","breadcrumb":{"@id":"https:\/\/agence-becomweb.fr\/es\/modulos-prestashop\/cambio-automatico-de-combinacion-predeterminada\/#breadcrumb"},"inLanguage":"es","potentialAction":[{"@type":"ReadAction","target":["https:\/\/agence-becomweb.fr\/es\/modulos-prestashop\/cambio-automatico-de-combinacion-predeterminada\/"]}]},{"@type":"ImageObject","inLanguage":"es","@id":"https:\/\/agence-becomweb.fr\/es\/modulos-prestashop\/cambio-automatico-de-combinacion-predeterminada\/#primaryimage","url":"https:\/\/agence-becomweb.fr\/wp-content\/uploads\/2021\/08\/autoswitchdefaultcombination_es-1.jpg","contentUrl":"https:\/\/agence-becomweb.fr\/wp-content\/uploads\/2021\/08\/autoswitchdefaultcombination_es-1.jpg","width":1024,"height":600,"caption":"Este m\u00f3dulo de Prestashop modifica autom\u00e1ticamente la combinaci\u00f3n predeterminada del producto en caso de agotamiento"},{"@type":"BreadcrumbList","@id":"https:\/\/agence-becomweb.fr\/es\/modulos-prestashop\/cambio-automatico-de-combinacion-predeterminada\/#breadcrumb","itemListElement":[{"@type":"ListItem","position":1,"name":"Inicio","item":"https:\/\/agence-becomweb.fr\/es\/"},{"@type":"ListItem","position":2,"name":"Modulos Prestashop","item":"https:\/\/agence-becomweb.fr\/es\/modulos-prestashop\/"},{"@type":"ListItem","position":3,"name":"Cambio autom\u00e1tico de combinaci\u00f3n predeterminada"}]},{"@type":"WebSite","@id":"https:\/\/agence-becomweb.fr\/es\/#website","url":"https:\/\/agence-becomweb.fr\/es\/","name":"Agencia-web BeComWeb","description":"M\u00f3dulos Prestashop de calidad a bajo precio para su tienda en l\u00ednea","publisher":{"@id":"https:\/\/agence-becomweb.fr\/es\/#organization"},"potentialAction":[{"@type":"SearchAction","target":{"@type":"EntryPoint","urlTemplate":"https:\/\/agence-becomweb.fr\/es\/?s={search_term_string}"},"query-input":{"@type":"PropertyValueSpecification","valueRequired":true,"valueName":"search_term_string"}}],"inLanguage":"es"},{"@type":"Organization","@id":"https:\/\/agence-becomweb.fr\/es\/#organization","name":"Agence BeComWeb","url":"https:\/\/agence-becomweb.fr\/es\/","logo":{"@type":"ImageObject","inLanguage":"es","@id":"https:\/\/agence-becomweb.fr\/es\/#\/schema\/logo\/image\/","url":"https:\/\/agence-becomweb.fr\/wp-content\/uploads\/2019\/05\/logo_carr\u00e9_large.gif","contentUrl":"https:\/\/agence-becomweb.fr\/wp-content\/uploads\/2019\/05\/logo_carr\u00e9_large.gif","width":800,"height":800,"caption":"Agence BeComWeb"},"image":{"@id":"https:\/\/agence-becomweb.fr\/es\/#\/schema\/logo\/image\/"},"sameAs":["https:\/\/www.facebook.com\/agencebecomweb\/","https:\/\/x.com\/Agence_BeComWeb","https:\/\/www.youtube.com\/channel\/UCBJQb76bz6DcHLknRVl4Kjg"]}]}},"_links":{"self":[{"href":"https:\/\/agence-becomweb.fr\/es\/wp-json\/wp\/v2\/product\/1592","targetHints":{"allow":["GET"]}}],"collection":[{"href":"https:\/\/agence-becomweb.fr\/es\/wp-json\/wp\/v2\/product"}],"about":[{"href":"https:\/\/agence-becomweb.fr\/es\/wp-json\/wp\/v2\/types\/product"}],"replies":[{"embeddable":true,"href":"https:\/\/agence-becomweb.fr\/es\/wp-json\/wp\/v2\/comments?post=1592"}],"wp:featuredmedia":[{"embeddable":true,"href":"https:\/\/agence-becomweb.fr\/es\/wp-json\/wp\/v2\/media\/1264"}],"wp:attachment":[{"href":"https:\/\/agence-becomweb.fr\/es\/wp-json\/wp\/v2\/media?parent=1592"}],"wp:term":[{"taxonomy":"product_brand","embeddable":true,"href":"https:\/\/agence-becomweb.fr\/es\/wp-json\/wp\/v2\/product_brand?post=1592"},{"taxonomy":"product_cat","embeddable":true,"href":"https:\/\/agence-becomweb.fr\/es\/wp-json\/wp\/v2\/product_cat?post=1592"},{"taxonomy":"product_tag","embeddable":true,"href":"https:\/\/agence-becomweb.fr\/es\/wp-json\/wp\/v2\/product_tag?post=1592"}],"curies":[{"name":"wp","href":"https:\/\/api.w.org\/{rel}","templated":true}]}}