{"id":1582,"date":"2019-03-26T14:59:57","date_gmt":"2019-03-26T13:59:57","guid":{"rendered":"https:\/\/agence-becomweb.fr\/modules-prestashop\/mis-noticias-wordpress\/"},"modified":"2023-07-16T19:51:55","modified_gmt":"2023-07-16T17:51:55","slug":"mis-noticias-wordpress","status":"publish","type":"product","link":"https:\/\/agence-becomweb.fr\/es\/modulos-prestashop\/mis-noticias-wordpress\/","title":{"rendered":"Mis noticias WordPress"},"content":{"rendered":"<h2>Integra noticias de tu blog WordPress en Prestashop<\/h2>\n<p>\u00bfTiene un sitio de Prestashop &#038; un blog dise\u00f1ado con WordPress y desea vincularlos para poder mostrar las \u00faltimas noticias dentro de la tienda? Entonces este m\u00f3dulo es para ti.<\/p>\n<p>Le permitir\u00e1 conectar r\u00e1pida y f\u00e1cilmente los 2 sistemas, con el fin de proporcionar a sus clientes los \u00faltimos art\u00edculos y noticias que haya escrito.<\/p>\n<h2>Mejore su SEO con su blog<\/h2>\n<p>Sabemos desde hace varios a\u00f1os que mantener un blog actualizado es una pr\u00e1ctica excelente para mejorar su SEO.<\/p>\n<p>Al publicar estos art\u00edculos en las p\u00e1ginas de tu e-shop, tambi\u00e9n podr\u00e1s obtener un mejor posicionamiento en los resultados de los buscadores.<\/p>\n<p>Tambi\u00e9n ser\u00e1 una herramienta ideal para fortalecer el v\u00ednculo de confianza con sus compradores, quienes agradecer\u00e1n estar informados de sus promociones &#038; eventos y obtenga m\u00e1s informaci\u00f3n sobre sus productos y su negocio.<\/p>\n<h2>F\u00e1cil configuraci\u00f3n de la conexi\u00f3n Prestashop \/ WordPress<\/h2>\n<p>Para conectar su tienda y su blog, nada podr\u00eda ser m\u00e1s simple. Aqu\u00ed <strong>no hay que hacer ninguna modificaci\u00f3n compleja en el c\u00f3digo, todo se hace desde la p\u00e1gina de configuraci\u00f3n del m\u00f3dulo<\/strong>. Todo lo que tiene que hacer es ingresar la <strong>URL del sitio de WordPress y la configuraci\u00f3n de su cuenta de usuario<\/strong> (nombre de usuario y contrase\u00f1a), y ya est\u00e1.<\/p>\n<h2>Configuraci\u00f3n de la visualizaci\u00f3n de noticias<\/h2>\n<p>El m\u00f3dulo <i>Mis noticias WordPress<\/i> te permite integrar el contenido de tu blog en diferentes lugares de tu tienda: p\u00e1gina de inicio, columnas y pie de p\u00e1gina. Para cada uno de estos ganchos, puede decidir la cantidad de noticias que se mostrar\u00e1n.<\/p>\n<p>Para un mejor rendimiento, tambi\u00e9n maneja el almacenamiento en cach\u00e9 de bloques.<\/p>\n<h2>Compatible con versiones anteriores de WordPress<\/h2>\n<p>El m\u00f3dulo usa el modo de conexi\u00f3n <i>API<\/i> por defecto. Esta tecnolog\u00eda moderna, confiable y r\u00e1pida se ha integrado en WordPress desde la versi\u00f3n 4.7.<\/p>\n<p>Si est\u00e1 utilizando una versi\u00f3n anterior (o si su hosting no se beneficia de esta tecnolog\u00eda tan extendida) a\u00fan podr\u00e1 utilizar el m\u00f3dulo gracias a el otro modo de conexi\u00f3n : conexi\u00f3n directa a la base de datos.<\/p>\n","protected":false},"excerpt":{"rendered":"<p>Muestre f\u00e1cilmente las \u00faltimas noticias de su blog de Wordpress en su tienda Prestashop<\/p>\n","protected":false},"featured_media":1583,"comment_status":"open","ping_status":"closed","template":"","meta":{"_acf_changed":false},"product_brand":[],"product_cat":[283],"product_tag":[226,227,333,229,231,329,328,330,327,285,331,332,284,326,309,325],"class_list":{"0":"post-1582","1":"product","2":"type-product","3":"status-publish","4":"has-post-thumbnail","6":"product_cat-modulos-prestashop","7":"product_tag-1-6-es","8":"product_tag-1-7-es","9":"product_tag-actualidad","10":"product_tag-api-es","11":"product_tag-blog-es","12":"product_tag-bridge-es","13":"product_tag-conector","14":"product_tag-integracion","15":"product_tag-json-es","16":"product_tag-modulo","17":"product_tag-news-es","18":"product_tag-noticias","19":"product_tag-prestashop-es","20":"product_tag-seo-es-2","21":"product_tag-seo-es","22":"product_tag-wordpress-es","24":"first","25":"instock","26":"shipping-taxable","27":"purchasable","28":"product-type-variable"},"acf":[],"yoast_head":"<!-- This site is optimized with the Yoast SEO plugin v27.3 - https:\/\/yoast.com\/product\/yoast-seo-wordpress\/ -->\n<title>Module Prestashop - Mis noticias Wordpress<\/title>\n<meta name=\"robots\" content=\"index, follow, max-snippet:-1, max-image-preview:large, max-video-preview:-1\" \/>\n<link rel=\"canonical\" href=\"https:\/\/agence-becomweb.fr\/es\/modulos-prestashop\/mis-noticias-wordpress\/\" \/>\n<meta property=\"og:locale\" content=\"es_ES\" \/>\n<meta property=\"og:type\" content=\"article\" \/>\n<meta property=\"og:title\" content=\"Module Prestashop - Mis noticias Wordpress\" \/>\n<meta property=\"og:description\" content=\"Muestre f\u00e1cilmente las \u00faltimas noticias de su blog de Wordpress en su tienda Prestashop\" \/>\n<meta property=\"og:url\" content=\"https:\/\/agence-becomweb.fr\/es\/modulos-prestashop\/mis-noticias-wordpress\/\" \/>\n<meta property=\"og:site_name\" content=\"Agencia-web BeComWeb\" \/>\n<meta property=\"article:publisher\" content=\"https:\/\/www.facebook.com\/agencebecomweb\/\" \/>\n<meta property=\"article:modified_time\" content=\"2023-07-16T17:51:55+00:00\" \/>\n<meta property=\"og:image\" content=\"https:\/\/agence-becomweb.fr\/wp-content\/uploads\/2019\/03\/mywordpressposts.jpg\" \/>\n\t<meta property=\"og:image:width\" content=\"1024\" \/>\n\t<meta property=\"og:image:height\" content=\"600\" \/>\n\t<meta property=\"og:image:type\" content=\"image\/jpeg\" \/>\n<meta name=\"twitter:card\" content=\"summary_large_image\" \/>\n<meta name=\"twitter:site\" content=\"@Agence_BeComWeb\" \/>\n<meta name=\"twitter:label1\" content=\"Tiempo de lectura\" \/>\n\t<meta name=\"twitter:data1\" content=\"2 minutos\" \/>\n<script type=\"application\/ld+json\" class=\"yoast-schema-graph\">{\"@context\":\"https:\\\/\\\/schema.org\",\"@graph\":[{\"@type\":\"WebPage\",\"@id\":\"https:\\\/\\\/agence-becomweb.fr\\\/es\\\/modulos-prestashop\\\/mis-noticias-wordpress\\\/\",\"url\":\"https:\\\/\\\/agence-becomweb.fr\\\/es\\\/modulos-prestashop\\\/mis-noticias-wordpress\\\/\",\"name\":\"Module Prestashop - Mis noticias Wordpress\",\"isPartOf\":{\"@id\":\"https:\\\/\\\/agence-becomweb.fr\\\/es\\\/#website\"},\"primaryImageOfPage\":{\"@id\":\"https:\\\/\\\/agence-becomweb.fr\\\/es\\\/modulos-prestashop\\\/mis-noticias-wordpress\\\/#primaryimage\"},\"image\":{\"@id\":\"https:\\\/\\\/agence-becomweb.fr\\\/es\\\/modulos-prestashop\\\/mis-noticias-wordpress\\\/#primaryimage\"},\"thumbnailUrl\":\"https:\\\/\\\/agence-becomweb.fr\\\/wp-content\\\/uploads\\\/2019\\\/03\\\/mywordpressposts.jpg\",\"datePublished\":\"2019-03-26T13:59:57+00:00\",\"dateModified\":\"2023-07-16T17:51:55+00:00\",\"breadcrumb\":{\"@id\":\"https:\\\/\\\/agence-becomweb.fr\\\/es\\\/modulos-prestashop\\\/mis-noticias-wordpress\\\/#breadcrumb\"},\"inLanguage\":\"es\",\"potentialAction\":[{\"@type\":\"ReadAction\",\"target\":[\"https:\\\/\\\/agence-becomweb.fr\\\/es\\\/modulos-prestashop\\\/mis-noticias-wordpress\\\/\"]}]},{\"@type\":\"ImageObject\",\"inLanguage\":\"es\",\"@id\":\"https:\\\/\\\/agence-becomweb.fr\\\/es\\\/modulos-prestashop\\\/mis-noticias-wordpress\\\/#primaryimage\",\"url\":\"https:\\\/\\\/agence-becomweb.fr\\\/wp-content\\\/uploads\\\/2019\\\/03\\\/mywordpressposts.jpg\",\"contentUrl\":\"https:\\\/\\\/agence-becomweb.fr\\\/wp-content\\\/uploads\\\/2019\\\/03\\\/mywordpressposts.jpg\",\"width\":1024,\"height\":600,\"caption\":\"El m\u00f3dulo le permite mostrar f\u00e1cilmente las noticias de un blog de Wordpress en Prestashop\"},{\"@type\":\"BreadcrumbList\",\"@id\":\"https:\\\/\\\/agence-becomweb.fr\\\/es\\\/modulos-prestashop\\\/mis-noticias-wordpress\\\/#breadcrumb\",\"itemListElement\":[{\"@type\":\"ListItem\",\"position\":1,\"name\":\"Inicio\",\"item\":\"https:\\\/\\\/agence-becomweb.fr\\\/es\\\/\"},{\"@type\":\"ListItem\",\"position\":2,\"name\":\"Modulos Prestashop\",\"item\":\"https:\\\/\\\/agence-becomweb.fr\\\/es\\\/modulos-prestashop\\\/\"},{\"@type\":\"ListItem\",\"position\":3,\"name\":\"Mis noticias WordPress\"}]},{\"@type\":\"WebSite\",\"@id\":\"https:\\\/\\\/agence-becomweb.fr\\\/es\\\/#website\",\"url\":\"https:\\\/\\\/agence-becomweb.fr\\\/es\\\/\",\"name\":\"Agencia-web BeComWeb\",\"description\":\"M\u00f3dulos Prestashop de calidad a bajo precio para su tienda en l\u00ednea\",\"publisher\":{\"@id\":\"https:\\\/\\\/agence-becomweb.fr\\\/es\\\/#organization\"},\"potentialAction\":[{\"@type\":\"SearchAction\",\"target\":{\"@type\":\"EntryPoint\",\"urlTemplate\":\"https:\\\/\\\/agence-becomweb.fr\\\/es\\\/?s={search_term_string}\"},\"query-input\":{\"@type\":\"PropertyValueSpecification\",\"valueRequired\":true,\"valueName\":\"search_term_string\"}}],\"inLanguage\":\"es\"},{\"@type\":\"Organization\",\"@id\":\"https:\\\/\\\/agence-becomweb.fr\\\/es\\\/#organization\",\"name\":\"Agence BeComWeb\",\"url\":\"https:\\\/\\\/agence-becomweb.fr\\\/es\\\/\",\"logo\":{\"@type\":\"ImageObject\",\"inLanguage\":\"es\",\"@id\":\"https:\\\/\\\/agence-becomweb.fr\\\/es\\\/#\\\/schema\\\/logo\\\/image\\\/\",\"url\":\"https:\\\/\\\/agence-becomweb.fr\\\/wp-content\\\/uploads\\\/2019\\\/05\\\/logo_carr\u00e9_large.gif\",\"contentUrl\":\"https:\\\/\\\/agence-becomweb.fr\\\/wp-content\\\/uploads\\\/2019\\\/05\\\/logo_carr\u00e9_large.gif\",\"width\":800,\"height\":800,\"caption\":\"Agence BeComWeb\"},\"image\":{\"@id\":\"https:\\\/\\\/agence-becomweb.fr\\\/es\\\/#\\\/schema\\\/logo\\\/image\\\/\"},\"sameAs\":[\"https:\\\/\\\/www.facebook.com\\\/agencebecomweb\\\/\",\"https:\\\/\\\/x.com\\\/Agence_BeComWeb\",\"https:\\\/\\\/www.youtube.com\\\/channel\\\/UCBJQb76bz6DcHLknRVl4Kjg\"]}]}<\/script>\n<!-- \/ Yoast SEO plugin. -->","yoast_head_json":{"title":"Module Prestashop - Mis noticias Wordpress","robots":{"index":"index","follow":"follow","max-snippet":"max-snippet:-1","max-image-preview":"max-image-preview:large","max-video-preview":"max-video-preview:-1"},"canonical":"https:\/\/agence-becomweb.fr\/es\/modulos-prestashop\/mis-noticias-wordpress\/","og_locale":"es_ES","og_type":"article","og_title":"Module Prestashop - Mis noticias Wordpress","og_description":"Muestre f\u00e1cilmente las \u00faltimas noticias de su blog de Wordpress en su tienda Prestashop","og_url":"https:\/\/agence-becomweb.fr\/es\/modulos-prestashop\/mis-noticias-wordpress\/","og_site_name":"Agencia-web BeComWeb","article_publisher":"https:\/\/www.facebook.com\/agencebecomweb\/","article_modified_time":"2023-07-16T17:51:55+00:00","og_image":[{"width":1024,"height":600,"url":"https:\/\/agence-becomweb.fr\/wp-content\/uploads\/2019\/03\/mywordpressposts.jpg","type":"image\/jpeg"}],"twitter_card":"summary_large_image","twitter_site":"@Agence_BeComWeb","twitter_misc":{"Tiempo de lectura":"2 minutos"},"schema":{"@context":"https:\/\/schema.org","@graph":[{"@type":"WebPage","@id":"https:\/\/agence-becomweb.fr\/es\/modulos-prestashop\/mis-noticias-wordpress\/","url":"https:\/\/agence-becomweb.fr\/es\/modulos-prestashop\/mis-noticias-wordpress\/","name":"Module Prestashop - Mis noticias Wordpress","isPartOf":{"@id":"https:\/\/agence-becomweb.fr\/es\/#website"},"primaryImageOfPage":{"@id":"https:\/\/agence-becomweb.fr\/es\/modulos-prestashop\/mis-noticias-wordpress\/#primaryimage"},"image":{"@id":"https:\/\/agence-becomweb.fr\/es\/modulos-prestashop\/mis-noticias-wordpress\/#primaryimage"},"thumbnailUrl":"https:\/\/agence-becomweb.fr\/wp-content\/uploads\/2019\/03\/mywordpressposts.jpg","datePublished":"2019-03-26T13:59:57+00:00","dateModified":"2023-07-16T17:51:55+00:00","breadcrumb":{"@id":"https:\/\/agence-becomweb.fr\/es\/modulos-prestashop\/mis-noticias-wordpress\/#breadcrumb"},"inLanguage":"es","potentialAction":[{"@type":"ReadAction","target":["https:\/\/agence-becomweb.fr\/es\/modulos-prestashop\/mis-noticias-wordpress\/"]}]},{"@type":"ImageObject","inLanguage":"es","@id":"https:\/\/agence-becomweb.fr\/es\/modulos-prestashop\/mis-noticias-wordpress\/#primaryimage","url":"https:\/\/agence-becomweb.fr\/wp-content\/uploads\/2019\/03\/mywordpressposts.jpg","contentUrl":"https:\/\/agence-becomweb.fr\/wp-content\/uploads\/2019\/03\/mywordpressposts.jpg","width":1024,"height":600,"caption":"El m\u00f3dulo le permite mostrar f\u00e1cilmente las noticias de un blog de Wordpress en Prestashop"},{"@type":"BreadcrumbList","@id":"https:\/\/agence-becomweb.fr\/es\/modulos-prestashop\/mis-noticias-wordpress\/#breadcrumb","itemListElement":[{"@type":"ListItem","position":1,"name":"Inicio","item":"https:\/\/agence-becomweb.fr\/es\/"},{"@type":"ListItem","position":2,"name":"Modulos Prestashop","item":"https:\/\/agence-becomweb.fr\/es\/modulos-prestashop\/"},{"@type":"ListItem","position":3,"name":"Mis noticias WordPress"}]},{"@type":"WebSite","@id":"https:\/\/agence-becomweb.fr\/es\/#website","url":"https:\/\/agence-becomweb.fr\/es\/","name":"Agencia-web BeComWeb","description":"M\u00f3dulos Prestashop de calidad a bajo precio para su tienda en l\u00ednea","publisher":{"@id":"https:\/\/agence-becomweb.fr\/es\/#organization"},"potentialAction":[{"@type":"SearchAction","target":{"@type":"EntryPoint","urlTemplate":"https:\/\/agence-becomweb.fr\/es\/?s={search_term_string}"},"query-input":{"@type":"PropertyValueSpecification","valueRequired":true,"valueName":"search_term_string"}}],"inLanguage":"es"},{"@type":"Organization","@id":"https:\/\/agence-becomweb.fr\/es\/#organization","name":"Agence BeComWeb","url":"https:\/\/agence-becomweb.fr\/es\/","logo":{"@type":"ImageObject","inLanguage":"es","@id":"https:\/\/agence-becomweb.fr\/es\/#\/schema\/logo\/image\/","url":"https:\/\/agence-becomweb.fr\/wp-content\/uploads\/2019\/05\/logo_carr\u00e9_large.gif","contentUrl":"https:\/\/agence-becomweb.fr\/wp-content\/uploads\/2019\/05\/logo_carr\u00e9_large.gif","width":800,"height":800,"caption":"Agence BeComWeb"},"image":{"@id":"https:\/\/agence-becomweb.fr\/es\/#\/schema\/logo\/image\/"},"sameAs":["https:\/\/www.facebook.com\/agencebecomweb\/","https:\/\/x.com\/Agence_BeComWeb","https:\/\/www.youtube.com\/channel\/UCBJQb76bz6DcHLknRVl4Kjg"]}]}},"_links":{"self":[{"href":"https:\/\/agence-becomweb.fr\/es\/wp-json\/wp\/v2\/product\/1582","targetHints":{"allow":["GET"]}}],"collection":[{"href":"https:\/\/agence-becomweb.fr\/es\/wp-json\/wp\/v2\/product"}],"about":[{"href":"https:\/\/agence-becomweb.fr\/es\/wp-json\/wp\/v2\/types\/product"}],"replies":[{"embeddable":true,"href":"https:\/\/agence-becomweb.fr\/es\/wp-json\/wp\/v2\/comments?post=1582"}],"wp:featuredmedia":[{"embeddable":true,"href":"https:\/\/agence-becomweb.fr\/es\/wp-json\/wp\/v2\/media\/1583"}],"wp:attachment":[{"href":"https:\/\/agence-becomweb.fr\/es\/wp-json\/wp\/v2\/media?parent=1582"}],"wp:term":[{"taxonomy":"product_brand","embeddable":true,"href":"https:\/\/agence-becomweb.fr\/es\/wp-json\/wp\/v2\/product_brand?post=1582"},{"taxonomy":"product_cat","embeddable":true,"href":"https:\/\/agence-becomweb.fr\/es\/wp-json\/wp\/v2\/product_cat?post=1582"},{"taxonomy":"product_tag","embeddable":true,"href":"https:\/\/agence-becomweb.fr\/es\/wp-json\/wp\/v2\/product_tag?post=1582"}],"curies":[{"name":"wp","href":"https:\/\/api.w.org\/{rel}","templated":true}]}}