{"id":1573,"date":"2019-03-26T12:55:54","date_gmt":"2019-03-26T11:55:54","guid":{"rendered":"https:\/\/agence-becomweb.fr\/modules-prestashop\/formulario-de-pedido-rapido-y-facil\/"},"modified":"2026-02-08T19:25:04","modified_gmt":"2026-02-08T18:25:04","slug":"formulario-de-pedido-rapido-y-facil","status":"publish","type":"product","link":"https:\/\/agence-becomweb.fr\/es\/modulos-prestashop\/formulario-de-pedido-rapido-y-facil\/","title":{"rendered":"Formulario de pedido r\u00e1pido y f\u00e1cil"},"content":{"rendered":"<h2>Simplicidad y ahorro de tiempo para sus clientes<\/h2>\n<p>Gracias a su ergonom\u00eda dise\u00f1ada para facilitar su uso, sus clientes podr\u00e1n ahorrar mucho tiempo al realizar sus pedidos.<\/p>\n<p>De hecho, a\u00f1adir\u00e1n todos los productos que quieran a su cesta sin ni siquiera cambiar de p\u00e1gina. No es necesario navegar de una pagina de producto a otra para redactar su pedido.<\/p>\n<p>El proceso es lo m\u00e1s suave posible para ellos: b\u00fasqueda del producto, selecci\u00f3n, elecci\u00f3n de la cantidad y luego adici\u00f3n. En menos de un minuto tendr\u00e1n que preparar un pedido de varias docenas de l\u00edneas.<\/p>\n<p>Una vez que lo hayan probado, \u00a1ya no podr\u00e1n prescindir del formulario de pedido r\u00e1pido para Prestashop!<\/p>\n<h2>Una herramienta apreciada por los profesionales<\/h2>\n<p>Si el formulario es muy pr\u00e1ctico para tiendas cuyos clientes realizan pedidos que contienen muchos productos o con una alta recurrencia, tambi\u00e9n es <strong>especialmente adecuado para clientes profesionales<\/strong>.\/p><\/p>\n<p>De hecho, <strong>en un contexto B2B, el tiempo dedicado a la creaci\u00f3n del pedido es un criterio esencial<\/strong>. El tiempo es dinero, especialmente en los negocios.<\/p>\n<p>Al ofrecer un formulario de pedido r\u00e1pido en su tienda Prestashop, tendr\u00e1 un <strong>argumento s\u00f3lido en comparaci\u00f3n con sus competidores<\/strong>. Efectivamente su funcionamiento es similar al de una <strong>nota de pedido \/ orden de compra<\/strong>, que se rellena indicando las referencias y las cantidades deseadas, pero de forma m\u00e1s completa y agradable.<\/p>\n<h2>Responsive y completamente configurable<\/h2>\n<p>El formulario est\u00e1 optimizado para su uso en tabletas y smartphones, sus clientes podr\u00e1n realizar un pedido en su tienda en cualquier momento y desde cualquier lugar.<\/p>\n<p>Tambi\u00e9n tiene muchos par\u00e1metros de configuraci\u00f3n:<\/p>\n<ul>\n<li>Busque por palabras clave o referencia,<\/li>\n<li>Limite el acceso a los usuarios que hayan iniciado sesi\u00f3n o a ciertos grupos de clientes,<\/li>\n<li>Mostrar precios con o sin IVA incluido,<\/li>\n<li>Elija si desea mostrar las cantidades en stock.<\/li>\n<li>etc.<\/li>\n<\/ul>\n<h2>Compatibilidad<\/h2>\n<p>Este m\u00f3dulo es compatible con Prestashop 1.6, Prestashop 1.7, Prestashop 8 y Prestashop 9.<\/p>\n","protected":false},"excerpt":{"rendered":"<p>El formulario permite a sus clientes agregar todos los productos que desean ordenar desde la misma p\u00e1gina.<\/p>\n","protected":false},"featured_media":1574,"comment_status":"open","ping_status":"closed","template":"","meta":{"_acf_changed":false},"product_brand":[],"product_cat":[283],"product_tag":[226,227,324,321,285,323,322,284],"class_list":{"0":"post-1573","1":"product","2":"type-product","3":"status-publish","4":"has-post-thumbnail","6":"product_cat-modulos-prestashop","7":"product_tag-1-6-es","8":"product_tag-1-7-es","9":"product_tag-b2b-es","10":"product_tag-formulario","11":"product_tag-modulo","12":"product_tag-nota-de-pedido","13":"product_tag-pedido-rapido","14":"product_tag-prestashop-es","16":"first","17":"instock","18":"shipping-taxable","19":"purchasable","20":"product-type-variable"},"acf":[],"yoast_head":"<!-- This site is optimized with the Yoast SEO plugin v27.3 - https:\/\/yoast.com\/product\/yoast-seo-wordpress\/ -->\n<title>Module Prestashop - Formulario de pedido r\u00e1pido y f\u00e1cil<\/title>\n<meta name=\"robots\" content=\"index, follow, max-snippet:-1, max-image-preview:large, max-video-preview:-1\" \/>\n<link rel=\"canonical\" href=\"https:\/\/agence-becomweb.fr\/es\/modulos-prestashop\/formulario-de-pedido-rapido-y-facil\/\" \/>\n<meta property=\"og:locale\" content=\"es_ES\" \/>\n<meta property=\"og:type\" content=\"article\" \/>\n<meta property=\"og:title\" content=\"Module Prestashop - Formulario de pedido r\u00e1pido y f\u00e1cil\" \/>\n<meta property=\"og:description\" content=\"El formulario permite a sus clientes agregar todos los productos que desean ordenar desde la misma p\u00e1gina.\" \/>\n<meta property=\"og:url\" content=\"https:\/\/agence-becomweb.fr\/es\/modulos-prestashop\/formulario-de-pedido-rapido-y-facil\/\" \/>\n<meta property=\"og:site_name\" content=\"Agencia-web BeComWeb\" \/>\n<meta property=\"article:publisher\" content=\"https:\/\/www.facebook.com\/agencebecomweb\/\" \/>\n<meta property=\"article:modified_time\" content=\"2026-02-08T18:25:04+00:00\" \/>\n<meta property=\"og:image\" content=\"https:\/\/agence-becomweb.fr\/wp-content\/uploads\/2019\/03\/easyquickorderform-e1589639224511.jpg\" \/>\n\t<meta property=\"og:image:width\" content=\"1022\" \/>\n\t<meta property=\"og:image:height\" content=\"599\" \/>\n\t<meta property=\"og:image:type\" content=\"image\/jpeg\" \/>\n<meta name=\"twitter:card\" content=\"summary_large_image\" \/>\n<meta name=\"twitter:site\" content=\"@Agence_BeComWeb\" \/>\n<meta name=\"twitter:label1\" content=\"Tiempo de lectura\" \/>\n\t<meta name=\"twitter:data1\" content=\"2 minutos\" \/>\n<script type=\"application\/ld+json\" class=\"yoast-schema-graph\">{\"@context\":\"https:\\\/\\\/schema.org\",\"@graph\":[{\"@type\":\"WebPage\",\"@id\":\"https:\\\/\\\/agence-becomweb.fr\\\/es\\\/modulos-prestashop\\\/formulario-de-pedido-rapido-y-facil\\\/\",\"url\":\"https:\\\/\\\/agence-becomweb.fr\\\/es\\\/modulos-prestashop\\\/formulario-de-pedido-rapido-y-facil\\\/\",\"name\":\"Module Prestashop - Formulario de pedido r\u00e1pido y f\u00e1cil\",\"isPartOf\":{\"@id\":\"https:\\\/\\\/agence-becomweb.fr\\\/es\\\/#website\"},\"primaryImageOfPage\":{\"@id\":\"https:\\\/\\\/agence-becomweb.fr\\\/es\\\/modulos-prestashop\\\/formulario-de-pedido-rapido-y-facil\\\/#primaryimage\"},\"image\":{\"@id\":\"https:\\\/\\\/agence-becomweb.fr\\\/es\\\/modulos-prestashop\\\/formulario-de-pedido-rapido-y-facil\\\/#primaryimage\"},\"thumbnailUrl\":\"https:\\\/\\\/agence-becomweb.fr\\\/wp-content\\\/uploads\\\/2019\\\/03\\\/easyquickorderform-e1589639224511.jpg\",\"datePublished\":\"2019-03-26T11:55:54+00:00\",\"dateModified\":\"2026-02-08T18:25:04+00:00\",\"breadcrumb\":{\"@id\":\"https:\\\/\\\/agence-becomweb.fr\\\/es\\\/modulos-prestashop\\\/formulario-de-pedido-rapido-y-facil\\\/#breadcrumb\"},\"inLanguage\":\"es\",\"potentialAction\":[{\"@type\":\"ReadAction\",\"target\":[\"https:\\\/\\\/agence-becomweb.fr\\\/es\\\/modulos-prestashop\\\/formulario-de-pedido-rapido-y-facil\\\/\"]}]},{\"@type\":\"ImageObject\",\"inLanguage\":\"es\",\"@id\":\"https:\\\/\\\/agence-becomweb.fr\\\/es\\\/modulos-prestashop\\\/formulario-de-pedido-rapido-y-facil\\\/#primaryimage\",\"url\":\"https:\\\/\\\/agence-becomweb.fr\\\/wp-content\\\/uploads\\\/2019\\\/03\\\/easyquickorderform-e1589639224511.jpg\",\"contentUrl\":\"https:\\\/\\\/agence-becomweb.fr\\\/wp-content\\\/uploads\\\/2019\\\/03\\\/easyquickorderform-e1589639224511.jpg\",\"width\":1022,\"height\":599,\"caption\":\"Este m\u00f3dulo para Prestashop le permite proporcionar a sus clientes un formulario para agilizar la toma de pedidos gracias a su p\u00e1gina todo en uno.\"},{\"@type\":\"BreadcrumbList\",\"@id\":\"https:\\\/\\\/agence-becomweb.fr\\\/es\\\/modulos-prestashop\\\/formulario-de-pedido-rapido-y-facil\\\/#breadcrumb\",\"itemListElement\":[{\"@type\":\"ListItem\",\"position\":1,\"name\":\"Inicio\",\"item\":\"https:\\\/\\\/agence-becomweb.fr\\\/es\\\/\"},{\"@type\":\"ListItem\",\"position\":2,\"name\":\"Modulos Prestashop\",\"item\":\"https:\\\/\\\/agence-becomweb.fr\\\/es\\\/modulos-prestashop\\\/\"},{\"@type\":\"ListItem\",\"position\":3,\"name\":\"Formulario de pedido r\u00e1pido y f\u00e1cil\"}]},{\"@type\":\"WebSite\",\"@id\":\"https:\\\/\\\/agence-becomweb.fr\\\/es\\\/#website\",\"url\":\"https:\\\/\\\/agence-becomweb.fr\\\/es\\\/\",\"name\":\"Agencia-web BeComWeb\",\"description\":\"M\u00f3dulos Prestashop de calidad a bajo precio para su tienda en l\u00ednea\",\"publisher\":{\"@id\":\"https:\\\/\\\/agence-becomweb.fr\\\/es\\\/#organization\"},\"potentialAction\":[{\"@type\":\"SearchAction\",\"target\":{\"@type\":\"EntryPoint\",\"urlTemplate\":\"https:\\\/\\\/agence-becomweb.fr\\\/es\\\/?s={search_term_string}\"},\"query-input\":{\"@type\":\"PropertyValueSpecification\",\"valueRequired\":true,\"valueName\":\"search_term_string\"}}],\"inLanguage\":\"es\"},{\"@type\":\"Organization\",\"@id\":\"https:\\\/\\\/agence-becomweb.fr\\\/es\\\/#organization\",\"name\":\"Agence BeComWeb\",\"url\":\"https:\\\/\\\/agence-becomweb.fr\\\/es\\\/\",\"logo\":{\"@type\":\"ImageObject\",\"inLanguage\":\"es\",\"@id\":\"https:\\\/\\\/agence-becomweb.fr\\\/es\\\/#\\\/schema\\\/logo\\\/image\\\/\",\"url\":\"https:\\\/\\\/agence-becomweb.fr\\\/wp-content\\\/uploads\\\/2019\\\/05\\\/logo_carr\u00e9_large.gif\",\"contentUrl\":\"https:\\\/\\\/agence-becomweb.fr\\\/wp-content\\\/uploads\\\/2019\\\/05\\\/logo_carr\u00e9_large.gif\",\"width\":800,\"height\":800,\"caption\":\"Agence BeComWeb\"},\"image\":{\"@id\":\"https:\\\/\\\/agence-becomweb.fr\\\/es\\\/#\\\/schema\\\/logo\\\/image\\\/\"},\"sameAs\":[\"https:\\\/\\\/www.facebook.com\\\/agencebecomweb\\\/\",\"https:\\\/\\\/x.com\\\/Agence_BeComWeb\",\"https:\\\/\\\/www.youtube.com\\\/channel\\\/UCBJQb76bz6DcHLknRVl4Kjg\"]}]}<\/script>\n<!-- \/ Yoast SEO plugin. -->","yoast_head_json":{"title":"Module Prestashop - Formulario de pedido r\u00e1pido y f\u00e1cil","robots":{"index":"index","follow":"follow","max-snippet":"max-snippet:-1","max-image-preview":"max-image-preview:large","max-video-preview":"max-video-preview:-1"},"canonical":"https:\/\/agence-becomweb.fr\/es\/modulos-prestashop\/formulario-de-pedido-rapido-y-facil\/","og_locale":"es_ES","og_type":"article","og_title":"Module Prestashop - Formulario de pedido r\u00e1pido y f\u00e1cil","og_description":"El formulario permite a sus clientes agregar todos los productos que desean ordenar desde la misma p\u00e1gina.","og_url":"https:\/\/agence-becomweb.fr\/es\/modulos-prestashop\/formulario-de-pedido-rapido-y-facil\/","og_site_name":"Agencia-web BeComWeb","article_publisher":"https:\/\/www.facebook.com\/agencebecomweb\/","article_modified_time":"2026-02-08T18:25:04+00:00","og_image":[{"width":1022,"height":599,"url":"https:\/\/agence-becomweb.fr\/wp-content\/uploads\/2019\/03\/easyquickorderform-e1589639224511.jpg","type":"image\/jpeg"}],"twitter_card":"summary_large_image","twitter_site":"@Agence_BeComWeb","twitter_misc":{"Tiempo de lectura":"2 minutos"},"schema":{"@context":"https:\/\/schema.org","@graph":[{"@type":"WebPage","@id":"https:\/\/agence-becomweb.fr\/es\/modulos-prestashop\/formulario-de-pedido-rapido-y-facil\/","url":"https:\/\/agence-becomweb.fr\/es\/modulos-prestashop\/formulario-de-pedido-rapido-y-facil\/","name":"Module Prestashop - Formulario de pedido r\u00e1pido y f\u00e1cil","isPartOf":{"@id":"https:\/\/agence-becomweb.fr\/es\/#website"},"primaryImageOfPage":{"@id":"https:\/\/agence-becomweb.fr\/es\/modulos-prestashop\/formulario-de-pedido-rapido-y-facil\/#primaryimage"},"image":{"@id":"https:\/\/agence-becomweb.fr\/es\/modulos-prestashop\/formulario-de-pedido-rapido-y-facil\/#primaryimage"},"thumbnailUrl":"https:\/\/agence-becomweb.fr\/wp-content\/uploads\/2019\/03\/easyquickorderform-e1589639224511.jpg","datePublished":"2019-03-26T11:55:54+00:00","dateModified":"2026-02-08T18:25:04+00:00","breadcrumb":{"@id":"https:\/\/agence-becomweb.fr\/es\/modulos-prestashop\/formulario-de-pedido-rapido-y-facil\/#breadcrumb"},"inLanguage":"es","potentialAction":[{"@type":"ReadAction","target":["https:\/\/agence-becomweb.fr\/es\/modulos-prestashop\/formulario-de-pedido-rapido-y-facil\/"]}]},{"@type":"ImageObject","inLanguage":"es","@id":"https:\/\/agence-becomweb.fr\/es\/modulos-prestashop\/formulario-de-pedido-rapido-y-facil\/#primaryimage","url":"https:\/\/agence-becomweb.fr\/wp-content\/uploads\/2019\/03\/easyquickorderform-e1589639224511.jpg","contentUrl":"https:\/\/agence-becomweb.fr\/wp-content\/uploads\/2019\/03\/easyquickorderform-e1589639224511.jpg","width":1022,"height":599,"caption":"Este m\u00f3dulo para Prestashop le permite proporcionar a sus clientes un formulario para agilizar la toma de pedidos gracias a su p\u00e1gina todo en uno."},{"@type":"BreadcrumbList","@id":"https:\/\/agence-becomweb.fr\/es\/modulos-prestashop\/formulario-de-pedido-rapido-y-facil\/#breadcrumb","itemListElement":[{"@type":"ListItem","position":1,"name":"Inicio","item":"https:\/\/agence-becomweb.fr\/es\/"},{"@type":"ListItem","position":2,"name":"Modulos Prestashop","item":"https:\/\/agence-becomweb.fr\/es\/modulos-prestashop\/"},{"@type":"ListItem","position":3,"name":"Formulario de pedido r\u00e1pido y f\u00e1cil"}]},{"@type":"WebSite","@id":"https:\/\/agence-becomweb.fr\/es\/#website","url":"https:\/\/agence-becomweb.fr\/es\/","name":"Agencia-web BeComWeb","description":"M\u00f3dulos Prestashop de calidad a bajo precio para su tienda en l\u00ednea","publisher":{"@id":"https:\/\/agence-becomweb.fr\/es\/#organization"},"potentialAction":[{"@type":"SearchAction","target":{"@type":"EntryPoint","urlTemplate":"https:\/\/agence-becomweb.fr\/es\/?s={search_term_string}"},"query-input":{"@type":"PropertyValueSpecification","valueRequired":true,"valueName":"search_term_string"}}],"inLanguage":"es"},{"@type":"Organization","@id":"https:\/\/agence-becomweb.fr\/es\/#organization","name":"Agence BeComWeb","url":"https:\/\/agence-becomweb.fr\/es\/","logo":{"@type":"ImageObject","inLanguage":"es","@id":"https:\/\/agence-becomweb.fr\/es\/#\/schema\/logo\/image\/","url":"https:\/\/agence-becomweb.fr\/wp-content\/uploads\/2019\/05\/logo_carr\u00e9_large.gif","contentUrl":"https:\/\/agence-becomweb.fr\/wp-content\/uploads\/2019\/05\/logo_carr\u00e9_large.gif","width":800,"height":800,"caption":"Agence BeComWeb"},"image":{"@id":"https:\/\/agence-becomweb.fr\/es\/#\/schema\/logo\/image\/"},"sameAs":["https:\/\/www.facebook.com\/agencebecomweb\/","https:\/\/x.com\/Agence_BeComWeb","https:\/\/www.youtube.com\/channel\/UCBJQb76bz6DcHLknRVl4Kjg"]}]}},"_links":{"self":[{"href":"https:\/\/agence-becomweb.fr\/es\/wp-json\/wp\/v2\/product\/1573","targetHints":{"allow":["GET"]}}],"collection":[{"href":"https:\/\/agence-becomweb.fr\/es\/wp-json\/wp\/v2\/product"}],"about":[{"href":"https:\/\/agence-becomweb.fr\/es\/wp-json\/wp\/v2\/types\/product"}],"replies":[{"embeddable":true,"href":"https:\/\/agence-becomweb.fr\/es\/wp-json\/wp\/v2\/comments?post=1573"}],"wp:featuredmedia":[{"embeddable":true,"href":"https:\/\/agence-becomweb.fr\/es\/wp-json\/wp\/v2\/media\/1574"}],"wp:attachment":[{"href":"https:\/\/agence-becomweb.fr\/es\/wp-json\/wp\/v2\/media?parent=1573"}],"wp:term":[{"taxonomy":"product_brand","embeddable":true,"href":"https:\/\/agence-becomweb.fr\/es\/wp-json\/wp\/v2\/product_brand?post=1573"},{"taxonomy":"product_cat","embeddable":true,"href":"https:\/\/agence-becomweb.fr\/es\/wp-json\/wp\/v2\/product_cat?post=1573"},{"taxonomy":"product_tag","embeddable":true,"href":"https:\/\/agence-becomweb.fr\/es\/wp-json\/wp\/v2\/product_tag?post=1573"}],"curies":[{"name":"wp","href":"https:\/\/api.w.org\/{rel}","templated":true}]}}