{"id":1568,"date":"2019-03-26T10:49:45","date_gmt":"2019-03-26T09:49:45","guid":{"rendered":"https:\/\/agence-becomweb.fr\/modules-prestashop\/establecer-el-transportista-final\/"},"modified":"2023-04-29T10:45:23","modified_gmt":"2023-04-29T08:45:23","slug":"establecer-el-transportista-final","status":"publish","type":"product","link":"https:\/\/agence-becomweb.fr\/es\/modulos-prestashop\/establecer-el-transportista-final\/","title":{"rendered":"Establecer el transportista final"},"content":{"rendered":"<h2>Cambiar el transportista y los datos de entrega<\/h2>\n<p>De base, Prestashop no le permite elegir un transportista que no sea el que el cliente seleccion\u00f3 al realizar el pedido. Una vez validado el pedido, cualquier modificaci\u00f3n es imposible.<\/p>\n<p>Ahora, gracias a este m\u00f3dulo, <strong>podr\u00e1s cambiar el transportista, el peso del pedido y su n\u00famero de seguimiento<\/strong> desde el back office de Prestashop.<\/p>\n<h2>La selecci\u00f3n del transportista<\/h2>\n<p>Este m\u00f3dulo es especialmente adecuado para los comerciantes que trabajan con varios transportistas diferentes (por ejemplo: Chronopost, DHL, UPS, GLS, &#8230;) y pasan por uno u otro seg\u00fan diferentes criterios (entrega por departamento o pa\u00eds, precio, el tiempo de entrega, &#8230;); pero ofrecen un modo de transporte gen\u00e9rico en su tienda (por ejemplo: \u00abEntrega est\u00e1ndar\u00bb).<\/p>\n<p>El uso de transportistas \u00abgen\u00e9ricos\u00bb no permite que el cliente reciba un n\u00famero de seguimiento por correo electr\u00f3nico. Este m\u00f3dulo responde a este problema.<\/p>\n<h2>Ajuste el transportista<\/h2>\n<p>Es posible que tambi\u00e9n deba cambiar el transportista si, por ejemplo, el peso final del pedido es significativamente diferente del calculado por Prestashop (un poco m\u00e1s pesado o m\u00e1s ligero). En este caso, el primer transportista ya no es adecuado y desea o debe seleccionar otro.<\/p>\n<h2>Enviar correo electr\u00f3nico de seguimiento<\/h2>\n<p>El m\u00f3dulo tiene una opci\u00f3n que le permite enviar al cliente el mensaje que contiene el n\u00famero y \/ o el enlace de seguimiento de su paquete, directamente despu\u00e9s de haber seleccionado el nuevo transportista. Para hacer esto, todo lo que tiene que hacer es marcar una casilla.<\/p>\n<h2>Actualizar el estado del pedido<\/h2>\n<p>El m\u00f3dulo tambi\u00e9n ofrece una opci\u00f3n facultativa que le permite caer sobre el pedido en el estado de su elecci\u00f3n despu\u00e9s de que el m\u00f3dulo haya terminado de cambiar el transportista (como \u00abEnviado\u00bb), para ahorrarle tiempo.<\/p>\n<h2>Compatibilidad<\/h2>\n<p>Este m\u00f3dulo es compatible con todas las tiendas que ejecutan Prestashop 1.7 y 8.<\/p>\n","protected":false},"excerpt":{"rendered":"<p>Cambiar el transportista asociado con un pedido desde el back office<\/p>\n","protected":false},"featured_media":1569,"comment_status":"open","ping_status":"closed","template":"","meta":{"_acf_changed":false},"product_brand":[],"product_cat":[283],"product_tag":[226,227,320,316,319,285,317,284,315,318],"class_list":{"0":"post-1568","1":"product","2":"type-product","3":"status-publish","4":"has-post-thumbnail","6":"product_cat-modulos-prestashop","7":"product_tag-1-6-es","8":"product_tag-1-7-es","9":"product_tag-cambiar","10":"product_tag-envio","11":"product_tag-livraison-es","12":"product_tag-modulo","13":"product_tag-paquete","14":"product_tag-prestashop-es","15":"product_tag-transporte","16":"product_tag-transportista","18":"first","19":"instock","20":"downloadable","21":"virtual","22":"purchasable","23":"product-type-simple"},"acf":[],"yoast_head":"<!-- This site is optimized with the Yoast SEO plugin v27.3 - https:\/\/yoast.com\/product\/yoast-seo-wordpress\/ -->\n<title>Module Prestashop - Establecer el transportista final<\/title>\n<meta name=\"description\" content=\"Este m\u00f3dulo para Prestashop le permite cambiar f\u00e1cilmente el transportista asociado con un pedido desde el back office. El comerciante puede elegir el transportista\" \/>\n<meta name=\"robots\" content=\"index, follow, max-snippet:-1, max-image-preview:large, max-video-preview:-1\" \/>\n<link rel=\"canonical\" href=\"https:\/\/agence-becomweb.fr\/es\/modulos-prestashop\/establecer-el-transportista-final\/\" \/>\n<meta property=\"og:locale\" content=\"es_ES\" \/>\n<meta property=\"og:type\" content=\"article\" \/>\n<meta property=\"og:title\" content=\"Module Prestashop - Establecer el transportista final\" \/>\n<meta property=\"og:description\" content=\"Este m\u00f3dulo para Prestashop le permite cambiar f\u00e1cilmente el transportista asociado con un pedido desde el back office. El comerciante puede elegir el transportista\" \/>\n<meta property=\"og:url\" content=\"https:\/\/agence-becomweb.fr\/es\/modulos-prestashop\/establecer-el-transportista-final\/\" \/>\n<meta property=\"og:site_name\" content=\"Agencia-web BeComWeb\" \/>\n<meta property=\"article:publisher\" content=\"https:\/\/www.facebook.com\/agencebecomweb\/\" \/>\n<meta property=\"article:modified_time\" content=\"2023-04-29T08:45:23+00:00\" \/>\n<meta property=\"og:image\" content=\"https:\/\/agence-becomweb.fr\/wp-content\/uploads\/2019\/03\/setfinalcarrier.jpg\" \/>\n\t<meta property=\"og:image:width\" content=\"1024\" \/>\n\t<meta property=\"og:image:height\" content=\"600\" \/>\n\t<meta property=\"og:image:type\" content=\"image\/jpeg\" \/>\n<meta name=\"twitter:card\" content=\"summary_large_image\" \/>\n<meta name=\"twitter:site\" content=\"@Agence_BeComWeb\" \/>\n<meta name=\"twitter:label1\" content=\"Tiempo de lectura\" \/>\n\t<meta name=\"twitter:data1\" content=\"2 minutos\" \/>\n<script type=\"application\/ld+json\" class=\"yoast-schema-graph\">{\"@context\":\"https:\\\/\\\/schema.org\",\"@graph\":[{\"@type\":\"WebPage\",\"@id\":\"https:\\\/\\\/agence-becomweb.fr\\\/es\\\/modulos-prestashop\\\/establecer-el-transportista-final\\\/\",\"url\":\"https:\\\/\\\/agence-becomweb.fr\\\/es\\\/modulos-prestashop\\\/establecer-el-transportista-final\\\/\",\"name\":\"Module Prestashop - Establecer el transportista final\",\"isPartOf\":{\"@id\":\"https:\\\/\\\/agence-becomweb.fr\\\/es\\\/#website\"},\"primaryImageOfPage\":{\"@id\":\"https:\\\/\\\/agence-becomweb.fr\\\/es\\\/modulos-prestashop\\\/establecer-el-transportista-final\\\/#primaryimage\"},\"image\":{\"@id\":\"https:\\\/\\\/agence-becomweb.fr\\\/es\\\/modulos-prestashop\\\/establecer-el-transportista-final\\\/#primaryimage\"},\"thumbnailUrl\":\"https:\\\/\\\/agence-becomweb.fr\\\/wp-content\\\/uploads\\\/2019\\\/03\\\/setfinalcarrier.jpg\",\"datePublished\":\"2019-03-26T09:49:45+00:00\",\"dateModified\":\"2023-04-29T08:45:23+00:00\",\"description\":\"Este m\u00f3dulo para Prestashop le permite cambiar f\u00e1cilmente el transportista asociado con un pedido desde el back office. El comerciante puede elegir el transportista\",\"breadcrumb\":{\"@id\":\"https:\\\/\\\/agence-becomweb.fr\\\/es\\\/modulos-prestashop\\\/establecer-el-transportista-final\\\/#breadcrumb\"},\"inLanguage\":\"es\",\"potentialAction\":[{\"@type\":\"ReadAction\",\"target\":[\"https:\\\/\\\/agence-becomweb.fr\\\/es\\\/modulos-prestashop\\\/establecer-el-transportista-final\\\/\"]}]},{\"@type\":\"ImageObject\",\"inLanguage\":\"es\",\"@id\":\"https:\\\/\\\/agence-becomweb.fr\\\/es\\\/modulos-prestashop\\\/establecer-el-transportista-final\\\/#primaryimage\",\"url\":\"https:\\\/\\\/agence-becomweb.fr\\\/wp-content\\\/uploads\\\/2019\\\/03\\\/setfinalcarrier.jpg\",\"contentUrl\":\"https:\\\/\\\/agence-becomweb.fr\\\/wp-content\\\/uploads\\\/2019\\\/03\\\/setfinalcarrier.jpg\",\"width\":1024,\"height\":600,\"caption\":\"Este m\u00f3dulo para Prestashop le permite cambiar el transportista de un pedido desde la administraci\u00f3n\"},{\"@type\":\"BreadcrumbList\",\"@id\":\"https:\\\/\\\/agence-becomweb.fr\\\/es\\\/modulos-prestashop\\\/establecer-el-transportista-final\\\/#breadcrumb\",\"itemListElement\":[{\"@type\":\"ListItem\",\"position\":1,\"name\":\"Inicio\",\"item\":\"https:\\\/\\\/agence-becomweb.fr\\\/es\\\/\"},{\"@type\":\"ListItem\",\"position\":2,\"name\":\"Modulos Prestashop\",\"item\":\"https:\\\/\\\/agence-becomweb.fr\\\/es\\\/modulos-prestashop\\\/\"},{\"@type\":\"ListItem\",\"position\":3,\"name\":\"Establecer el transportista final\"}]},{\"@type\":\"WebSite\",\"@id\":\"https:\\\/\\\/agence-becomweb.fr\\\/es\\\/#website\",\"url\":\"https:\\\/\\\/agence-becomweb.fr\\\/es\\\/\",\"name\":\"Agencia-web BeComWeb\",\"description\":\"M\u00f3dulos Prestashop de calidad a bajo precio para su tienda en l\u00ednea\",\"publisher\":{\"@id\":\"https:\\\/\\\/agence-becomweb.fr\\\/es\\\/#organization\"},\"potentialAction\":[{\"@type\":\"SearchAction\",\"target\":{\"@type\":\"EntryPoint\",\"urlTemplate\":\"https:\\\/\\\/agence-becomweb.fr\\\/es\\\/?s={search_term_string}\"},\"query-input\":{\"@type\":\"PropertyValueSpecification\",\"valueRequired\":true,\"valueName\":\"search_term_string\"}}],\"inLanguage\":\"es\"},{\"@type\":\"Organization\",\"@id\":\"https:\\\/\\\/agence-becomweb.fr\\\/es\\\/#organization\",\"name\":\"Agence BeComWeb\",\"url\":\"https:\\\/\\\/agence-becomweb.fr\\\/es\\\/\",\"logo\":{\"@type\":\"ImageObject\",\"inLanguage\":\"es\",\"@id\":\"https:\\\/\\\/agence-becomweb.fr\\\/es\\\/#\\\/schema\\\/logo\\\/image\\\/\",\"url\":\"https:\\\/\\\/agence-becomweb.fr\\\/wp-content\\\/uploads\\\/2019\\\/05\\\/logo_carr\u00e9_large.gif\",\"contentUrl\":\"https:\\\/\\\/agence-becomweb.fr\\\/wp-content\\\/uploads\\\/2019\\\/05\\\/logo_carr\u00e9_large.gif\",\"width\":800,\"height\":800,\"caption\":\"Agence BeComWeb\"},\"image\":{\"@id\":\"https:\\\/\\\/agence-becomweb.fr\\\/es\\\/#\\\/schema\\\/logo\\\/image\\\/\"},\"sameAs\":[\"https:\\\/\\\/www.facebook.com\\\/agencebecomweb\\\/\",\"https:\\\/\\\/x.com\\\/Agence_BeComWeb\",\"https:\\\/\\\/www.youtube.com\\\/channel\\\/UCBJQb76bz6DcHLknRVl4Kjg\"]}]}<\/script>\n<!-- \/ Yoast SEO plugin. -->","yoast_head_json":{"title":"Module Prestashop - Establecer el transportista final","description":"Este m\u00f3dulo para Prestashop le permite cambiar f\u00e1cilmente el transportista asociado con un pedido desde el back office. El comerciante puede elegir el transportista","robots":{"index":"index","follow":"follow","max-snippet":"max-snippet:-1","max-image-preview":"max-image-preview:large","max-video-preview":"max-video-preview:-1"},"canonical":"https:\/\/agence-becomweb.fr\/es\/modulos-prestashop\/establecer-el-transportista-final\/","og_locale":"es_ES","og_type":"article","og_title":"Module Prestashop - Establecer el transportista final","og_description":"Este m\u00f3dulo para Prestashop le permite cambiar f\u00e1cilmente el transportista asociado con un pedido desde el back office. El comerciante puede elegir el transportista","og_url":"https:\/\/agence-becomweb.fr\/es\/modulos-prestashop\/establecer-el-transportista-final\/","og_site_name":"Agencia-web BeComWeb","article_publisher":"https:\/\/www.facebook.com\/agencebecomweb\/","article_modified_time":"2023-04-29T08:45:23+00:00","og_image":[{"width":1024,"height":600,"url":"https:\/\/agence-becomweb.fr\/wp-content\/uploads\/2019\/03\/setfinalcarrier.jpg","type":"image\/jpeg"}],"twitter_card":"summary_large_image","twitter_site":"@Agence_BeComWeb","twitter_misc":{"Tiempo de lectura":"2 minutos"},"schema":{"@context":"https:\/\/schema.org","@graph":[{"@type":"WebPage","@id":"https:\/\/agence-becomweb.fr\/es\/modulos-prestashop\/establecer-el-transportista-final\/","url":"https:\/\/agence-becomweb.fr\/es\/modulos-prestashop\/establecer-el-transportista-final\/","name":"Module Prestashop - Establecer el transportista final","isPartOf":{"@id":"https:\/\/agence-becomweb.fr\/es\/#website"},"primaryImageOfPage":{"@id":"https:\/\/agence-becomweb.fr\/es\/modulos-prestashop\/establecer-el-transportista-final\/#primaryimage"},"image":{"@id":"https:\/\/agence-becomweb.fr\/es\/modulos-prestashop\/establecer-el-transportista-final\/#primaryimage"},"thumbnailUrl":"https:\/\/agence-becomweb.fr\/wp-content\/uploads\/2019\/03\/setfinalcarrier.jpg","datePublished":"2019-03-26T09:49:45+00:00","dateModified":"2023-04-29T08:45:23+00:00","description":"Este m\u00f3dulo para Prestashop le permite cambiar f\u00e1cilmente el transportista asociado con un pedido desde el back office. El comerciante puede elegir el transportista","breadcrumb":{"@id":"https:\/\/agence-becomweb.fr\/es\/modulos-prestashop\/establecer-el-transportista-final\/#breadcrumb"},"inLanguage":"es","potentialAction":[{"@type":"ReadAction","target":["https:\/\/agence-becomweb.fr\/es\/modulos-prestashop\/establecer-el-transportista-final\/"]}]},{"@type":"ImageObject","inLanguage":"es","@id":"https:\/\/agence-becomweb.fr\/es\/modulos-prestashop\/establecer-el-transportista-final\/#primaryimage","url":"https:\/\/agence-becomweb.fr\/wp-content\/uploads\/2019\/03\/setfinalcarrier.jpg","contentUrl":"https:\/\/agence-becomweb.fr\/wp-content\/uploads\/2019\/03\/setfinalcarrier.jpg","width":1024,"height":600,"caption":"Este m\u00f3dulo para Prestashop le permite cambiar el transportista de un pedido desde la administraci\u00f3n"},{"@type":"BreadcrumbList","@id":"https:\/\/agence-becomweb.fr\/es\/modulos-prestashop\/establecer-el-transportista-final\/#breadcrumb","itemListElement":[{"@type":"ListItem","position":1,"name":"Inicio","item":"https:\/\/agence-becomweb.fr\/es\/"},{"@type":"ListItem","position":2,"name":"Modulos Prestashop","item":"https:\/\/agence-becomweb.fr\/es\/modulos-prestashop\/"},{"@type":"ListItem","position":3,"name":"Establecer el transportista final"}]},{"@type":"WebSite","@id":"https:\/\/agence-becomweb.fr\/es\/#website","url":"https:\/\/agence-becomweb.fr\/es\/","name":"Agencia-web BeComWeb","description":"M\u00f3dulos Prestashop de calidad a bajo precio para su tienda en l\u00ednea","publisher":{"@id":"https:\/\/agence-becomweb.fr\/es\/#organization"},"potentialAction":[{"@type":"SearchAction","target":{"@type":"EntryPoint","urlTemplate":"https:\/\/agence-becomweb.fr\/es\/?s={search_term_string}"},"query-input":{"@type":"PropertyValueSpecification","valueRequired":true,"valueName":"search_term_string"}}],"inLanguage":"es"},{"@type":"Organization","@id":"https:\/\/agence-becomweb.fr\/es\/#organization","name":"Agence BeComWeb","url":"https:\/\/agence-becomweb.fr\/es\/","logo":{"@type":"ImageObject","inLanguage":"es","@id":"https:\/\/agence-becomweb.fr\/es\/#\/schema\/logo\/image\/","url":"https:\/\/agence-becomweb.fr\/wp-content\/uploads\/2019\/05\/logo_carr\u00e9_large.gif","contentUrl":"https:\/\/agence-becomweb.fr\/wp-content\/uploads\/2019\/05\/logo_carr\u00e9_large.gif","width":800,"height":800,"caption":"Agence BeComWeb"},"image":{"@id":"https:\/\/agence-becomweb.fr\/es\/#\/schema\/logo\/image\/"},"sameAs":["https:\/\/www.facebook.com\/agencebecomweb\/","https:\/\/x.com\/Agence_BeComWeb","https:\/\/www.youtube.com\/channel\/UCBJQb76bz6DcHLknRVl4Kjg"]}]}},"_links":{"self":[{"href":"https:\/\/agence-becomweb.fr\/es\/wp-json\/wp\/v2\/product\/1568","targetHints":{"allow":["GET"]}}],"collection":[{"href":"https:\/\/agence-becomweb.fr\/es\/wp-json\/wp\/v2\/product"}],"about":[{"href":"https:\/\/agence-becomweb.fr\/es\/wp-json\/wp\/v2\/types\/product"}],"replies":[{"embeddable":true,"href":"https:\/\/agence-becomweb.fr\/es\/wp-json\/wp\/v2\/comments?post=1568"}],"wp:featuredmedia":[{"embeddable":true,"href":"https:\/\/agence-becomweb.fr\/es\/wp-json\/wp\/v2\/media\/1569"}],"wp:attachment":[{"href":"https:\/\/agence-becomweb.fr\/es\/wp-json\/wp\/v2\/media?parent=1568"}],"wp:term":[{"taxonomy":"product_brand","embeddable":true,"href":"https:\/\/agence-becomweb.fr\/es\/wp-json\/wp\/v2\/product_brand?post=1568"},{"taxonomy":"product_cat","embeddable":true,"href":"https:\/\/agence-becomweb.fr\/es\/wp-json\/wp\/v2\/product_cat?post=1568"},{"taxonomy":"product_tag","embeddable":true,"href":"https:\/\/agence-becomweb.fr\/es\/wp-json\/wp\/v2\/product_tag?post=1568"}],"curies":[{"name":"wp","href":"https:\/\/api.w.org\/{rel}","templated":true}]}}