{"id":1566,"date":"2020-05-11T15:55:09","date_gmt":"2020-05-11T13:55:09","guid":{"rendered":"https:\/\/agence-becomweb.fr\/modules-prestashop\/lexico\/"},"modified":"2026-02-14T17:18:34","modified_gmt":"2026-02-14T16:18:34","slug":"lexico","status":"publish","type":"product","link":"https:\/\/agence-becomweb.fr\/es\/modulos-prestashop\/lexico\/","title":{"rendered":"L\u00e9xico"},"content":{"rendered":"<p>Agregar un l\u00e9xico (o glosario) a su tienda Prestashop ayudar\u00e1 a sus clientes a comprender mejor las palabras t\u00e9cnicas que son espec\u00edficos de su esfera de actividad. De hecho, podr\u00e1n encontrar una lista alfab\u00e9tica de las palabras que usa y para cada una de ellas descubrir\u00e1n una definici\u00f3n del t\u00e9rmino.<\/p>\n<p>Por tanto, es muy \u00fatil como <strong>herramienta de preventa<\/strong>, ya que facilitar\u00e1 el entendimiento entre sus compradores potenciales.<\/p>\n<p>Esta funci\u00f3n tambi\u00e9n aporta <strong>un valor a\u00f1adido real<\/strong>a su sitio en comparaci\u00f3n con los de sus competidores, ya sea en t\u00e9rminos de <strong>contenido<\/strong> pero tambi\u00e9n de <strong>referencias<\/strong>.<\/p>\n<h2>Configuraci\u00f3n de dise\u00f1o<\/h2>\n<p>Gracias a las opciones que ofrece el m\u00f3dulo, podr\u00e1 definir la apariencia del l\u00e9xico.<\/p>\n<p>De hecho, puede optar por mostrar el diccionario de palabras <strong>en forma de lista o cuadr\u00edcula<\/strong> (ver capturas de pantalla).<\/p>\n<p>Para la navegaci\u00f3n, puede optar por <strong>acceso mediante anclajes<\/strong> o <strong>agrupar los t\u00e9rminos por letra dentro de pesta\u00f1as<\/strong>.<\/p>\n<h2>Gesti\u00f3n de un l\u00e9xico multiling\u00fce<\/h2>\n<p>\u00bfSu tienda electr\u00f3nica est\u00e1 disponible en varios idiomas?<\/p>\n<p>No hay problema, <strong>el m\u00f3dulo es completamente multiling\u00fce<\/strong>. Por lo tanto, puede guardar diferentes traducciones para todas las palabras del glosario y sus definiciones.<\/p>\n<h2>Compatibilidad<\/h2>\n<p>El m\u00f3dulo Lexicon es <strong>compatible<\/strong> con :<\/p>\n<ul>\n<li>Prestashop 9<\/li>\n<li>Prestashop 8<\/li>\n<li>Prestashop 1.7<\/li>\n<li>Prestashop 1.6<\/li>\n<\/ul>\n","protected":false},"excerpt":{"rendered":"<p>Agregue un l\u00e9xico (o glosario) a su tienda para ayudar a sus clientes a comprender los t\u00e9rminos t\u00e9cnicos que usa<\/p>\n","protected":false},"featured_media":1340,"comment_status":"open","ping_status":"closed","template":"","meta":{"_acf_changed":false},"product_brand":[],"product_cat":[283],"product_tag":[226,227,314,313,312,285,310,311,309],"class_list":{"0":"post-1566","1":"product","2":"type-product","3":"status-publish","4":"has-post-thumbnail","6":"product_cat-modulos-prestashop","7":"product_tag-1-6-es","8":"product_tag-1-7-es","9":"product_tag-diccionario","10":"product_tag-glosario","11":"product_tag-lexico","12":"product_tag-modulo","13":"product_tag-pregunta","14":"product_tag-respuesta","15":"product_tag-seo-es","17":"first","18":"instock","19":"downloadable","20":"virtual","21":"purchasable","22":"product-type-simple"},"acf":[],"yoast_head":"<!-- This site is optimized with the Yoast SEO plugin v27.3 - https:\/\/yoast.com\/product\/yoast-seo-wordpress\/ -->\n<title>M\u00f3dulo de l\u00e9xico para Prestashop<\/title>\n<meta name=\"description\" content=\"Este m\u00f3dulo para su tienda Prestashop le permitir\u00e1 crear un l\u00e9xico (o glosario) que contenga las definiciones de los t\u00e9rminos t\u00e9cnicos que utiliza.\" \/>\n<meta name=\"robots\" content=\"index, follow, max-snippet:-1, max-image-preview:large, max-video-preview:-1\" \/>\n<link rel=\"canonical\" href=\"https:\/\/agence-becomweb.fr\/es\/modulos-prestashop\/lexico\/\" \/>\n<meta property=\"og:locale\" content=\"es_ES\" \/>\n<meta property=\"og:type\" content=\"article\" \/>\n<meta property=\"og:title\" content=\"M\u00f3dulo de l\u00e9xico para Prestashop\" \/>\n<meta property=\"og:description\" content=\"Este m\u00f3dulo para su tienda Prestashop le permitir\u00e1 crear un l\u00e9xico (o glosario) que contenga las definiciones de los t\u00e9rminos t\u00e9cnicos que utiliza.\" \/>\n<meta property=\"og:url\" content=\"https:\/\/agence-becomweb.fr\/es\/modulos-prestashop\/lexico\/\" \/>\n<meta property=\"og:site_name\" content=\"Agencia-web BeComWeb\" \/>\n<meta property=\"article:publisher\" content=\"https:\/\/www.facebook.com\/agencebecomweb\/\" \/>\n<meta property=\"article:modified_time\" content=\"2026-02-14T16:18:34+00:00\" \/>\n<meta property=\"og:image\" content=\"https:\/\/agence-becomweb.fr\/wp-content\/uploads\/2020\/05\/lexicon.jpg\" \/>\n\t<meta property=\"og:image:width\" content=\"1024\" \/>\n\t<meta property=\"og:image:height\" content=\"600\" \/>\n\t<meta property=\"og:image:type\" content=\"image\/jpeg\" \/>\n<meta name=\"twitter:card\" content=\"summary_large_image\" \/>\n<meta name=\"twitter:site\" content=\"@Agence_BeComWeb\" \/>\n<meta name=\"twitter:label1\" content=\"Tiempo de lectura\" \/>\n\t<meta name=\"twitter:data1\" content=\"1 minuto\" \/>\n<script type=\"application\/ld+json\" class=\"yoast-schema-graph\">{\"@context\":\"https:\\\/\\\/schema.org\",\"@graph\":[{\"@type\":\"WebPage\",\"@id\":\"https:\\\/\\\/agence-becomweb.fr\\\/es\\\/modulos-prestashop\\\/lexico\\\/\",\"url\":\"https:\\\/\\\/agence-becomweb.fr\\\/es\\\/modulos-prestashop\\\/lexico\\\/\",\"name\":\"M\u00f3dulo de l\u00e9xico para Prestashop\",\"isPartOf\":{\"@id\":\"https:\\\/\\\/agence-becomweb.fr\\\/es\\\/#website\"},\"primaryImageOfPage\":{\"@id\":\"https:\\\/\\\/agence-becomweb.fr\\\/es\\\/modulos-prestashop\\\/lexico\\\/#primaryimage\"},\"image\":{\"@id\":\"https:\\\/\\\/agence-becomweb.fr\\\/es\\\/modulos-prestashop\\\/lexico\\\/#primaryimage\"},\"thumbnailUrl\":\"https:\\\/\\\/agence-becomweb.fr\\\/wp-content\\\/uploads\\\/2020\\\/05\\\/lexicon.jpg\",\"datePublished\":\"2020-05-11T13:55:09+00:00\",\"dateModified\":\"2026-02-14T16:18:34+00:00\",\"description\":\"Este m\u00f3dulo para su tienda Prestashop le permitir\u00e1 crear un l\u00e9xico (o glosario) que contenga las definiciones de los t\u00e9rminos t\u00e9cnicos que utiliza.\",\"breadcrumb\":{\"@id\":\"https:\\\/\\\/agence-becomweb.fr\\\/es\\\/modulos-prestashop\\\/lexico\\\/#breadcrumb\"},\"inLanguage\":\"es\",\"potentialAction\":[{\"@type\":\"ReadAction\",\"target\":[\"https:\\\/\\\/agence-becomweb.fr\\\/es\\\/modulos-prestashop\\\/lexico\\\/\"]}]},{\"@type\":\"ImageObject\",\"inLanguage\":\"es\",\"@id\":\"https:\\\/\\\/agence-becomweb.fr\\\/es\\\/modulos-prestashop\\\/lexico\\\/#primaryimage\",\"url\":\"https:\\\/\\\/agence-becomweb.fr\\\/wp-content\\\/uploads\\\/2020\\\/05\\\/lexicon.jpg\",\"contentUrl\":\"https:\\\/\\\/agence-becomweb.fr\\\/wp-content\\\/uploads\\\/2020\\\/05\\\/lexicon.jpg\",\"width\":1024,\"height\":600,\"caption\":\"Agregue un l\u00e9xico \\\/ glosario \\\/ diccionario a su tienda Prestashop en el que sus clientes encontrar\u00e1n las definiciones de los t\u00e9rminos que usa\"},{\"@type\":\"BreadcrumbList\",\"@id\":\"https:\\\/\\\/agence-becomweb.fr\\\/es\\\/modulos-prestashop\\\/lexico\\\/#breadcrumb\",\"itemListElement\":[{\"@type\":\"ListItem\",\"position\":1,\"name\":\"Inicio\",\"item\":\"https:\\\/\\\/agence-becomweb.fr\\\/es\\\/\"},{\"@type\":\"ListItem\",\"position\":2,\"name\":\"Modulos Prestashop\",\"item\":\"https:\\\/\\\/agence-becomweb.fr\\\/es\\\/modulos-prestashop\\\/\"},{\"@type\":\"ListItem\",\"position\":3,\"name\":\"L\u00e9xico\"}]},{\"@type\":\"WebSite\",\"@id\":\"https:\\\/\\\/agence-becomweb.fr\\\/es\\\/#website\",\"url\":\"https:\\\/\\\/agence-becomweb.fr\\\/es\\\/\",\"name\":\"Agencia-web BeComWeb\",\"description\":\"M\u00f3dulos Prestashop de calidad a bajo precio para su tienda en l\u00ednea\",\"publisher\":{\"@id\":\"https:\\\/\\\/agence-becomweb.fr\\\/es\\\/#organization\"},\"potentialAction\":[{\"@type\":\"SearchAction\",\"target\":{\"@type\":\"EntryPoint\",\"urlTemplate\":\"https:\\\/\\\/agence-becomweb.fr\\\/es\\\/?s={search_term_string}\"},\"query-input\":{\"@type\":\"PropertyValueSpecification\",\"valueRequired\":true,\"valueName\":\"search_term_string\"}}],\"inLanguage\":\"es\"},{\"@type\":\"Organization\",\"@id\":\"https:\\\/\\\/agence-becomweb.fr\\\/es\\\/#organization\",\"name\":\"Agence BeComWeb\",\"url\":\"https:\\\/\\\/agence-becomweb.fr\\\/es\\\/\",\"logo\":{\"@type\":\"ImageObject\",\"inLanguage\":\"es\",\"@id\":\"https:\\\/\\\/agence-becomweb.fr\\\/es\\\/#\\\/schema\\\/logo\\\/image\\\/\",\"url\":\"https:\\\/\\\/agence-becomweb.fr\\\/wp-content\\\/uploads\\\/2019\\\/05\\\/logo_carr\u00e9_large.gif\",\"contentUrl\":\"https:\\\/\\\/agence-becomweb.fr\\\/wp-content\\\/uploads\\\/2019\\\/05\\\/logo_carr\u00e9_large.gif\",\"width\":800,\"height\":800,\"caption\":\"Agence BeComWeb\"},\"image\":{\"@id\":\"https:\\\/\\\/agence-becomweb.fr\\\/es\\\/#\\\/schema\\\/logo\\\/image\\\/\"},\"sameAs\":[\"https:\\\/\\\/www.facebook.com\\\/agencebecomweb\\\/\",\"https:\\\/\\\/x.com\\\/Agence_BeComWeb\",\"https:\\\/\\\/www.youtube.com\\\/channel\\\/UCBJQb76bz6DcHLknRVl4Kjg\"]}]}<\/script>\n<!-- \/ Yoast SEO plugin. -->","yoast_head_json":{"title":"M\u00f3dulo de l\u00e9xico para Prestashop","description":"Este m\u00f3dulo para su tienda Prestashop le permitir\u00e1 crear un l\u00e9xico (o glosario) que contenga las definiciones de los t\u00e9rminos t\u00e9cnicos que utiliza.","robots":{"index":"index","follow":"follow","max-snippet":"max-snippet:-1","max-image-preview":"max-image-preview:large","max-video-preview":"max-video-preview:-1"},"canonical":"https:\/\/agence-becomweb.fr\/es\/modulos-prestashop\/lexico\/","og_locale":"es_ES","og_type":"article","og_title":"M\u00f3dulo de l\u00e9xico para Prestashop","og_description":"Este m\u00f3dulo para su tienda Prestashop le permitir\u00e1 crear un l\u00e9xico (o glosario) que contenga las definiciones de los t\u00e9rminos t\u00e9cnicos que utiliza.","og_url":"https:\/\/agence-becomweb.fr\/es\/modulos-prestashop\/lexico\/","og_site_name":"Agencia-web BeComWeb","article_publisher":"https:\/\/www.facebook.com\/agencebecomweb\/","article_modified_time":"2026-02-14T16:18:34+00:00","og_image":[{"width":1024,"height":600,"url":"https:\/\/agence-becomweb.fr\/wp-content\/uploads\/2020\/05\/lexicon.jpg","type":"image\/jpeg"}],"twitter_card":"summary_large_image","twitter_site":"@Agence_BeComWeb","twitter_misc":{"Tiempo de lectura":"1 minuto"},"schema":{"@context":"https:\/\/schema.org","@graph":[{"@type":"WebPage","@id":"https:\/\/agence-becomweb.fr\/es\/modulos-prestashop\/lexico\/","url":"https:\/\/agence-becomweb.fr\/es\/modulos-prestashop\/lexico\/","name":"M\u00f3dulo de l\u00e9xico para Prestashop","isPartOf":{"@id":"https:\/\/agence-becomweb.fr\/es\/#website"},"primaryImageOfPage":{"@id":"https:\/\/agence-becomweb.fr\/es\/modulos-prestashop\/lexico\/#primaryimage"},"image":{"@id":"https:\/\/agence-becomweb.fr\/es\/modulos-prestashop\/lexico\/#primaryimage"},"thumbnailUrl":"https:\/\/agence-becomweb.fr\/wp-content\/uploads\/2020\/05\/lexicon.jpg","datePublished":"2020-05-11T13:55:09+00:00","dateModified":"2026-02-14T16:18:34+00:00","description":"Este m\u00f3dulo para su tienda Prestashop le permitir\u00e1 crear un l\u00e9xico (o glosario) que contenga las definiciones de los t\u00e9rminos t\u00e9cnicos que utiliza.","breadcrumb":{"@id":"https:\/\/agence-becomweb.fr\/es\/modulos-prestashop\/lexico\/#breadcrumb"},"inLanguage":"es","potentialAction":[{"@type":"ReadAction","target":["https:\/\/agence-becomweb.fr\/es\/modulos-prestashop\/lexico\/"]}]},{"@type":"ImageObject","inLanguage":"es","@id":"https:\/\/agence-becomweb.fr\/es\/modulos-prestashop\/lexico\/#primaryimage","url":"https:\/\/agence-becomweb.fr\/wp-content\/uploads\/2020\/05\/lexicon.jpg","contentUrl":"https:\/\/agence-becomweb.fr\/wp-content\/uploads\/2020\/05\/lexicon.jpg","width":1024,"height":600,"caption":"Agregue un l\u00e9xico \/ glosario \/ diccionario a su tienda Prestashop en el que sus clientes encontrar\u00e1n las definiciones de los t\u00e9rminos que usa"},{"@type":"BreadcrumbList","@id":"https:\/\/agence-becomweb.fr\/es\/modulos-prestashop\/lexico\/#breadcrumb","itemListElement":[{"@type":"ListItem","position":1,"name":"Inicio","item":"https:\/\/agence-becomweb.fr\/es\/"},{"@type":"ListItem","position":2,"name":"Modulos Prestashop","item":"https:\/\/agence-becomweb.fr\/es\/modulos-prestashop\/"},{"@type":"ListItem","position":3,"name":"L\u00e9xico"}]},{"@type":"WebSite","@id":"https:\/\/agence-becomweb.fr\/es\/#website","url":"https:\/\/agence-becomweb.fr\/es\/","name":"Agencia-web BeComWeb","description":"M\u00f3dulos Prestashop de calidad a bajo precio para su tienda en l\u00ednea","publisher":{"@id":"https:\/\/agence-becomweb.fr\/es\/#organization"},"potentialAction":[{"@type":"SearchAction","target":{"@type":"EntryPoint","urlTemplate":"https:\/\/agence-becomweb.fr\/es\/?s={search_term_string}"},"query-input":{"@type":"PropertyValueSpecification","valueRequired":true,"valueName":"search_term_string"}}],"inLanguage":"es"},{"@type":"Organization","@id":"https:\/\/agence-becomweb.fr\/es\/#organization","name":"Agence BeComWeb","url":"https:\/\/agence-becomweb.fr\/es\/","logo":{"@type":"ImageObject","inLanguage":"es","@id":"https:\/\/agence-becomweb.fr\/es\/#\/schema\/logo\/image\/","url":"https:\/\/agence-becomweb.fr\/wp-content\/uploads\/2019\/05\/logo_carr\u00e9_large.gif","contentUrl":"https:\/\/agence-becomweb.fr\/wp-content\/uploads\/2019\/05\/logo_carr\u00e9_large.gif","width":800,"height":800,"caption":"Agence BeComWeb"},"image":{"@id":"https:\/\/agence-becomweb.fr\/es\/#\/schema\/logo\/image\/"},"sameAs":["https:\/\/www.facebook.com\/agencebecomweb\/","https:\/\/x.com\/Agence_BeComWeb","https:\/\/www.youtube.com\/channel\/UCBJQb76bz6DcHLknRVl4Kjg"]}]}},"_links":{"self":[{"href":"https:\/\/agence-becomweb.fr\/es\/wp-json\/wp\/v2\/product\/1566","targetHints":{"allow":["GET"]}}],"collection":[{"href":"https:\/\/agence-becomweb.fr\/es\/wp-json\/wp\/v2\/product"}],"about":[{"href":"https:\/\/agence-becomweb.fr\/es\/wp-json\/wp\/v2\/types\/product"}],"replies":[{"embeddable":true,"href":"https:\/\/agence-becomweb.fr\/es\/wp-json\/wp\/v2\/comments?post=1566"}],"wp:featuredmedia":[{"embeddable":true,"href":"https:\/\/agence-becomweb.fr\/es\/wp-json\/wp\/v2\/media\/1340"}],"wp:attachment":[{"href":"https:\/\/agence-becomweb.fr\/es\/wp-json\/wp\/v2\/media?parent=1566"}],"wp:term":[{"taxonomy":"product_brand","embeddable":true,"href":"https:\/\/agence-becomweb.fr\/es\/wp-json\/wp\/v2\/product_brand?post=1566"},{"taxonomy":"product_cat","embeddable":true,"href":"https:\/\/agence-becomweb.fr\/es\/wp-json\/wp\/v2\/product_cat?post=1566"},{"taxonomy":"product_tag","embeddable":true,"href":"https:\/\/agence-becomweb.fr\/es\/wp-json\/wp\/v2\/product_tag?post=1566"}],"curies":[{"name":"wp","href":"https:\/\/api.w.org\/{rel}","templated":true}]}}