{"id":1557,"date":"2019-03-25T17:43:13","date_gmt":"2019-03-25T16:43:13","guid":{"rendered":"https:\/\/agence-becomweb.fr\/modules-prestashop\/casilla-agregar-al-carrito\/"},"modified":"2021-10-27T17:26:26","modified_gmt":"2021-10-27T15:26:26","slug":"casilla-agregar-al-carrito","status":"publish","type":"product","link":"https:\/\/agence-becomweb.fr\/es\/modulos-prestashop\/casilla-agregar-al-carrito\/","title":{"rendered":"Casilla \u00abAgregar al carrito\u00bb"},"content":{"rendered":"<h2>Sugerencia de producto<\/h2>\n<p>\u00bfSu cat\u00e1logo contiene un producto destacado? \u00bfUn accesorio indispensable? \u00bfUn art\u00edculo que todos sus clientes deber\u00edan ver antes de realizar su pedido? Entonces este m\u00f3dulo est\u00e1 hecho para ti, porque te permitir\u00e1 mostrar este producto en el t\u00fanel de pedido, debajo del resumen del carrito.<\/><\/p>\n<p>Tus clientes no volver\u00e1n a extra\u00f1arlo.<\/p>\n<h2>Aumente sus ventas<\/h2>\n<p>Este modulo por Prestashop lo ayudar\u00e1 a aprovechar al m\u00e1ximo cada pedido. De hecho, al animar a sus clientes a pedir un producto adicional, ver\u00e1 autom\u00e1ticamente aumentar el monto del pedido.<\/p>\n<p>Y por un precio tan bajo, se amortizar\u00e1 muy r\u00e1pidamente.<\/p>\n<h2>Muchos usos<\/h2>\n<p>El m\u00f3dulo es muy \u00fatil en otras situaciones. Por ejemplo, puede utilizarlo para ofrecer la adici\u00f3n de un cat\u00e1logo o un folleto, el env\u00edo de una muestra de producto gratuita,&#8230;<\/p>\n","protected":false},"excerpt":{"rendered":"<p>Sugiera el producto de su elecci\u00f3n a sus clientes en la p\u00e1gina de resumen del pedido.<\/p>\n","protected":false},"featured_media":1563,"comment_status":"open","ping_status":"closed","template":"","meta":{"_acf_changed":false},"product_brand":[],"product_cat":[283],"product_tag":[226,227,304,285,284,306,308,307,305,303],"class_list":{"0":"post-1557","1":"product","2":"type-product","3":"status-publish","4":"has-post-thumbnail","6":"product_cat-modulos-prestashop","7":"product_tag-1-6-es","8":"product_tag-1-7-es","9":"product_tag-carrito-mediano","10":"product_tag-modulo","11":"product_tag-prestashop-es","12":"product_tag-proceso-de-compra","13":"product_tag-recomendacion","14":"product_tag-sugerencia","15":"product_tag-tunel-de-pedido","16":"product_tag-venta-cruzada-es","18":"first","19":"instock","20":"shipping-taxable","21":"purchasable","22":"product-type-variable"},"acf":[],"yoast_head":"<!-- This site is optimized with the Yoast SEO plugin v27.3 - https:\/\/yoast.com\/product\/yoast-seo-wordpress\/ -->\n<title>Module Prestashop - Casilla &quot;Agregar al carrito&quot;<\/title>\n<meta name=\"description\" content=\"Este m\u00f3dulo de bajo costo le permite sugerir un &quot;must-have&quot; producto, un &quot;indispensable&quot; o un accesorio imprescindible. A\u00f1adir al carrito con una simple casilla de verificaci\u00f3n\" \/>\n<meta name=\"robots\" content=\"index, follow, max-snippet:-1, max-image-preview:large, max-video-preview:-1\" \/>\n<link rel=\"canonical\" href=\"https:\/\/agence-becomweb.fr\/es\/modulos-prestashop\/casilla-agregar-al-carrito\/\" \/>\n<meta property=\"og:locale\" content=\"es_ES\" \/>\n<meta property=\"og:type\" content=\"article\" \/>\n<meta property=\"og:title\" content=\"Module Prestashop - Casilla &quot;Agregar al carrito&quot;\" \/>\n<meta property=\"og:description\" content=\"Este m\u00f3dulo de bajo costo le permite sugerir un &quot;must-have&quot; producto, un &quot;indispensable&quot; o un accesorio imprescindible. A\u00f1adir al carrito con una simple casilla de verificaci\u00f3n\" \/>\n<meta property=\"og:url\" content=\"https:\/\/agence-becomweb.fr\/es\/modulos-prestashop\/casilla-agregar-al-carrito\/\" \/>\n<meta property=\"og:site_name\" content=\"Agencia-web BeComWeb\" \/>\n<meta property=\"article:publisher\" content=\"https:\/\/www.facebook.com\/agencebecomweb\/\" \/>\n<meta property=\"article:modified_time\" content=\"2021-10-27T15:26:26+00:00\" \/>\n<meta property=\"og:image\" content=\"https:\/\/agence-becomweb.fr\/wp-content\/uploads\/2019\/03\/addtocartcheckbox.jpg\" \/>\n\t<meta property=\"og:image:width\" content=\"1024\" \/>\n\t<meta property=\"og:image:height\" content=\"600\" \/>\n\t<meta property=\"og:image:type\" content=\"image\/jpeg\" \/>\n<meta name=\"twitter:card\" content=\"summary_large_image\" \/>\n<meta name=\"twitter:site\" content=\"@Agence_BeComWeb\" \/>\n<meta name=\"twitter:label1\" content=\"Tiempo de lectura\" \/>\n\t<meta name=\"twitter:data1\" content=\"1 minuto\" \/>\n<script type=\"application\/ld+json\" class=\"yoast-schema-graph\">{\"@context\":\"https:\\\/\\\/schema.org\",\"@graph\":[{\"@type\":\"WebPage\",\"@id\":\"https:\\\/\\\/agence-becomweb.fr\\\/es\\\/modulos-prestashop\\\/casilla-agregar-al-carrito\\\/\",\"url\":\"https:\\\/\\\/agence-becomweb.fr\\\/es\\\/modulos-prestashop\\\/casilla-agregar-al-carrito\\\/\",\"name\":\"Module Prestashop - Casilla \\\"Agregar al carrito\\\"\",\"isPartOf\":{\"@id\":\"https:\\\/\\\/agence-becomweb.fr\\\/es\\\/#website\"},\"primaryImageOfPage\":{\"@id\":\"https:\\\/\\\/agence-becomweb.fr\\\/es\\\/modulos-prestashop\\\/casilla-agregar-al-carrito\\\/#primaryimage\"},\"image\":{\"@id\":\"https:\\\/\\\/agence-becomweb.fr\\\/es\\\/modulos-prestashop\\\/casilla-agregar-al-carrito\\\/#primaryimage\"},\"thumbnailUrl\":\"https:\\\/\\\/agence-becomweb.fr\\\/wp-content\\\/uploads\\\/2019\\\/03\\\/addtocartcheckbox.jpg\",\"datePublished\":\"2019-03-25T16:43:13+00:00\",\"dateModified\":\"2021-10-27T15:26:26+00:00\",\"description\":\"Este m\u00f3dulo de bajo costo le permite sugerir un \\\"must-have\\\" producto, un \\\"indispensable\\\" o un accesorio imprescindible. A\u00f1adir al carrito con una simple casilla de verificaci\u00f3n\",\"breadcrumb\":{\"@id\":\"https:\\\/\\\/agence-becomweb.fr\\\/es\\\/modulos-prestashop\\\/casilla-agregar-al-carrito\\\/#breadcrumb\"},\"inLanguage\":\"es\",\"potentialAction\":[{\"@type\":\"ReadAction\",\"target\":[\"https:\\\/\\\/agence-becomweb.fr\\\/es\\\/modulos-prestashop\\\/casilla-agregar-al-carrito\\\/\"]}]},{\"@type\":\"ImageObject\",\"inLanguage\":\"es\",\"@id\":\"https:\\\/\\\/agence-becomweb.fr\\\/es\\\/modulos-prestashop\\\/casilla-agregar-al-carrito\\\/#primaryimage\",\"url\":\"https:\\\/\\\/agence-becomweb.fr\\\/wp-content\\\/uploads\\\/2019\\\/03\\\/addtocartcheckbox.jpg\",\"contentUrl\":\"https:\\\/\\\/agence-becomweb.fr\\\/wp-content\\\/uploads\\\/2019\\\/03\\\/addtocartcheckbox.jpg\",\"width\":1024,\"height\":600,\"caption\":\"Sugiera f\u00e1cilmente agregar un producto al carrito en la p\u00e1gina de pedidos de Prestashop\"},{\"@type\":\"BreadcrumbList\",\"@id\":\"https:\\\/\\\/agence-becomweb.fr\\\/es\\\/modulos-prestashop\\\/casilla-agregar-al-carrito\\\/#breadcrumb\",\"itemListElement\":[{\"@type\":\"ListItem\",\"position\":1,\"name\":\"Inicio\",\"item\":\"https:\\\/\\\/agence-becomweb.fr\\\/es\\\/\"},{\"@type\":\"ListItem\",\"position\":2,\"name\":\"Modulos Prestashop\",\"item\":\"https:\\\/\\\/agence-becomweb.fr\\\/es\\\/modulos-prestashop\\\/\"},{\"@type\":\"ListItem\",\"position\":3,\"name\":\"Casilla \u00ab\u00a0Agregar al carrito\u00a0\u00bb\"}]},{\"@type\":\"WebSite\",\"@id\":\"https:\\\/\\\/agence-becomweb.fr\\\/es\\\/#website\",\"url\":\"https:\\\/\\\/agence-becomweb.fr\\\/es\\\/\",\"name\":\"Agencia-web BeComWeb\",\"description\":\"M\u00f3dulos Prestashop de calidad a bajo precio para su tienda en l\u00ednea\",\"publisher\":{\"@id\":\"https:\\\/\\\/agence-becomweb.fr\\\/es\\\/#organization\"},\"potentialAction\":[{\"@type\":\"SearchAction\",\"target\":{\"@type\":\"EntryPoint\",\"urlTemplate\":\"https:\\\/\\\/agence-becomweb.fr\\\/es\\\/?s={search_term_string}\"},\"query-input\":{\"@type\":\"PropertyValueSpecification\",\"valueRequired\":true,\"valueName\":\"search_term_string\"}}],\"inLanguage\":\"es\"},{\"@type\":\"Organization\",\"@id\":\"https:\\\/\\\/agence-becomweb.fr\\\/es\\\/#organization\",\"name\":\"Agence BeComWeb\",\"url\":\"https:\\\/\\\/agence-becomweb.fr\\\/es\\\/\",\"logo\":{\"@type\":\"ImageObject\",\"inLanguage\":\"es\",\"@id\":\"https:\\\/\\\/agence-becomweb.fr\\\/es\\\/#\\\/schema\\\/logo\\\/image\\\/\",\"url\":\"https:\\\/\\\/agence-becomweb.fr\\\/wp-content\\\/uploads\\\/2019\\\/05\\\/logo_carr\u00e9_large.gif\",\"contentUrl\":\"https:\\\/\\\/agence-becomweb.fr\\\/wp-content\\\/uploads\\\/2019\\\/05\\\/logo_carr\u00e9_large.gif\",\"width\":800,\"height\":800,\"caption\":\"Agence BeComWeb\"},\"image\":{\"@id\":\"https:\\\/\\\/agence-becomweb.fr\\\/es\\\/#\\\/schema\\\/logo\\\/image\\\/\"},\"sameAs\":[\"https:\\\/\\\/www.facebook.com\\\/agencebecomweb\\\/\",\"https:\\\/\\\/x.com\\\/Agence_BeComWeb\",\"https:\\\/\\\/www.youtube.com\\\/channel\\\/UCBJQb76bz6DcHLknRVl4Kjg\"]}]}<\/script>\n<!-- \/ Yoast SEO plugin. -->","yoast_head_json":{"title":"Module Prestashop - Casilla \"Agregar al carrito\"","description":"Este m\u00f3dulo de bajo costo le permite sugerir un \"must-have\" producto, un \"indispensable\" o un accesorio imprescindible. A\u00f1adir al carrito con una simple casilla de verificaci\u00f3n","robots":{"index":"index","follow":"follow","max-snippet":"max-snippet:-1","max-image-preview":"max-image-preview:large","max-video-preview":"max-video-preview:-1"},"canonical":"https:\/\/agence-becomweb.fr\/es\/modulos-prestashop\/casilla-agregar-al-carrito\/","og_locale":"es_ES","og_type":"article","og_title":"Module Prestashop - Casilla \"Agregar al carrito\"","og_description":"Este m\u00f3dulo de bajo costo le permite sugerir un \"must-have\" producto, un \"indispensable\" o un accesorio imprescindible. A\u00f1adir al carrito con una simple casilla de verificaci\u00f3n","og_url":"https:\/\/agence-becomweb.fr\/es\/modulos-prestashop\/casilla-agregar-al-carrito\/","og_site_name":"Agencia-web BeComWeb","article_publisher":"https:\/\/www.facebook.com\/agencebecomweb\/","article_modified_time":"2021-10-27T15:26:26+00:00","og_image":[{"width":1024,"height":600,"url":"https:\/\/agence-becomweb.fr\/wp-content\/uploads\/2019\/03\/addtocartcheckbox.jpg","type":"image\/jpeg"}],"twitter_card":"summary_large_image","twitter_site":"@Agence_BeComWeb","twitter_misc":{"Tiempo de lectura":"1 minuto"},"schema":{"@context":"https:\/\/schema.org","@graph":[{"@type":"WebPage","@id":"https:\/\/agence-becomweb.fr\/es\/modulos-prestashop\/casilla-agregar-al-carrito\/","url":"https:\/\/agence-becomweb.fr\/es\/modulos-prestashop\/casilla-agregar-al-carrito\/","name":"Module Prestashop - Casilla \"Agregar al carrito\"","isPartOf":{"@id":"https:\/\/agence-becomweb.fr\/es\/#website"},"primaryImageOfPage":{"@id":"https:\/\/agence-becomweb.fr\/es\/modulos-prestashop\/casilla-agregar-al-carrito\/#primaryimage"},"image":{"@id":"https:\/\/agence-becomweb.fr\/es\/modulos-prestashop\/casilla-agregar-al-carrito\/#primaryimage"},"thumbnailUrl":"https:\/\/agence-becomweb.fr\/wp-content\/uploads\/2019\/03\/addtocartcheckbox.jpg","datePublished":"2019-03-25T16:43:13+00:00","dateModified":"2021-10-27T15:26:26+00:00","description":"Este m\u00f3dulo de bajo costo le permite sugerir un \"must-have\" producto, un \"indispensable\" o un accesorio imprescindible. A\u00f1adir al carrito con una simple casilla de verificaci\u00f3n","breadcrumb":{"@id":"https:\/\/agence-becomweb.fr\/es\/modulos-prestashop\/casilla-agregar-al-carrito\/#breadcrumb"},"inLanguage":"es","potentialAction":[{"@type":"ReadAction","target":["https:\/\/agence-becomweb.fr\/es\/modulos-prestashop\/casilla-agregar-al-carrito\/"]}]},{"@type":"ImageObject","inLanguage":"es","@id":"https:\/\/agence-becomweb.fr\/es\/modulos-prestashop\/casilla-agregar-al-carrito\/#primaryimage","url":"https:\/\/agence-becomweb.fr\/wp-content\/uploads\/2019\/03\/addtocartcheckbox.jpg","contentUrl":"https:\/\/agence-becomweb.fr\/wp-content\/uploads\/2019\/03\/addtocartcheckbox.jpg","width":1024,"height":600,"caption":"Sugiera f\u00e1cilmente agregar un producto al carrito en la p\u00e1gina de pedidos de Prestashop"},{"@type":"BreadcrumbList","@id":"https:\/\/agence-becomweb.fr\/es\/modulos-prestashop\/casilla-agregar-al-carrito\/#breadcrumb","itemListElement":[{"@type":"ListItem","position":1,"name":"Inicio","item":"https:\/\/agence-becomweb.fr\/es\/"},{"@type":"ListItem","position":2,"name":"Modulos Prestashop","item":"https:\/\/agence-becomweb.fr\/es\/modulos-prestashop\/"},{"@type":"ListItem","position":3,"name":"Casilla \u00ab\u00a0Agregar al carrito\u00a0\u00bb"}]},{"@type":"WebSite","@id":"https:\/\/agence-becomweb.fr\/es\/#website","url":"https:\/\/agence-becomweb.fr\/es\/","name":"Agencia-web BeComWeb","description":"M\u00f3dulos Prestashop de calidad a bajo precio para su tienda en l\u00ednea","publisher":{"@id":"https:\/\/agence-becomweb.fr\/es\/#organization"},"potentialAction":[{"@type":"SearchAction","target":{"@type":"EntryPoint","urlTemplate":"https:\/\/agence-becomweb.fr\/es\/?s={search_term_string}"},"query-input":{"@type":"PropertyValueSpecification","valueRequired":true,"valueName":"search_term_string"}}],"inLanguage":"es"},{"@type":"Organization","@id":"https:\/\/agence-becomweb.fr\/es\/#organization","name":"Agence BeComWeb","url":"https:\/\/agence-becomweb.fr\/es\/","logo":{"@type":"ImageObject","inLanguage":"es","@id":"https:\/\/agence-becomweb.fr\/es\/#\/schema\/logo\/image\/","url":"https:\/\/agence-becomweb.fr\/wp-content\/uploads\/2019\/05\/logo_carr\u00e9_large.gif","contentUrl":"https:\/\/agence-becomweb.fr\/wp-content\/uploads\/2019\/05\/logo_carr\u00e9_large.gif","width":800,"height":800,"caption":"Agence BeComWeb"},"image":{"@id":"https:\/\/agence-becomweb.fr\/es\/#\/schema\/logo\/image\/"},"sameAs":["https:\/\/www.facebook.com\/agencebecomweb\/","https:\/\/x.com\/Agence_BeComWeb","https:\/\/www.youtube.com\/channel\/UCBJQb76bz6DcHLknRVl4Kjg"]}]}},"_links":{"self":[{"href":"https:\/\/agence-becomweb.fr\/es\/wp-json\/wp\/v2\/product\/1557","targetHints":{"allow":["GET"]}}],"collection":[{"href":"https:\/\/agence-becomweb.fr\/es\/wp-json\/wp\/v2\/product"}],"about":[{"href":"https:\/\/agence-becomweb.fr\/es\/wp-json\/wp\/v2\/types\/product"}],"replies":[{"embeddable":true,"href":"https:\/\/agence-becomweb.fr\/es\/wp-json\/wp\/v2\/comments?post=1557"}],"wp:featuredmedia":[{"embeddable":true,"href":"https:\/\/agence-becomweb.fr\/es\/wp-json\/wp\/v2\/media\/1563"}],"wp:attachment":[{"href":"https:\/\/agence-becomweb.fr\/es\/wp-json\/wp\/v2\/media?parent=1557"}],"wp:term":[{"taxonomy":"product_brand","embeddable":true,"href":"https:\/\/agence-becomweb.fr\/es\/wp-json\/wp\/v2\/product_brand?post=1557"},{"taxonomy":"product_cat","embeddable":true,"href":"https:\/\/agence-becomweb.fr\/es\/wp-json\/wp\/v2\/product_cat?post=1557"},{"taxonomy":"product_tag","embeddable":true,"href":"https:\/\/agence-becomweb.fr\/es\/wp-json\/wp\/v2\/product_tag?post=1557"}],"curies":[{"name":"wp","href":"https:\/\/api.w.org\/{rel}","templated":true}]}}