{"id":1544,"date":"2019-03-25T16:28:21","date_gmt":"2019-03-25T15:28:21","guid":{"rendered":"https:\/\/agence-becomweb.fr\/modules-prestashop\/backup-de-la-base-de-datos-por-email\/"},"modified":"2021-10-18T14:05:34","modified_gmt":"2021-10-18T12:05:34","slug":"backup-de-la-base-de-datos-por-email","status":"publish","type":"product","link":"https:\/\/agence-becomweb.fr\/es\/modulos-prestashop\/backup-de-la-base-de-datos-por-email\/","title":{"rendered":"Backup de la base de datos por e-mail"},"content":{"rendered":"<h2>Una copia de seguridad autom\u00e1tica de su base de datos en su mensajer\u00eda<\/h2>\n<p>Este m\u00f3dulo le permite configurar el env\u00edo autom\u00e1tico de una copia de seguridad de la base de datos de su sitio Prestashop a su direcci\u00f3n de correo electr\u00f3nico.<\/p>\n<p>No es necesario acceder al back-office de su sitio para crear una copia de seguridad, el m\u00f3dulo se encarga de ello por usted.<\/p>\n<h2>Planifique crear y enviar su copia de seguridad<\/h2>\n<p>Desde la interfaz del m\u00f3dulo, todo lo que tiene que hacer es elegir la hora y los d\u00edas en los que debe realizarse la copia de seguridad. Por ejemplo, todas las noches a las 3 a.m., todos los viernes al mediod\u00eda,&#8230;<\/p>\n<p>Adem\u00e1s, el m\u00f3dulo te permite mantener varias copias de seguridad antiguas, para poder retroceder en el tiempo en caso de que surja alg\u00fan problema.<\/p>\n<p>Utilice la informaci\u00f3n proporcionada por el m\u00f3dulo para configurar una \u00abcron task\u00bb programada (desde su servidor, su alojamiento o un servicio gratuito como<i>EasyCron<\/i>por ejemplo) que se encargar\u00e1 de activar el creaci\u00f3n de la copia de seguridad.<\/p>\n<p>Un diario tambi\u00e9n le permite controlar la creaci\u00f3n y env\u00edo de archivos u obtener informaci\u00f3n en caso de error.<\/p>\n","protected":false},"excerpt":{"rendered":"<p>Reciba autom\u00e1ticamente una copia de seguridad de la base de datos por correo electr\u00f3nico<\/p>\n","protected":false},"featured_media":1552,"comment_status":"open","ping_status":"closed","template":"","meta":{"_acf_changed":false},"product_brand":[],"product_cat":[283],"product_tag":[226,227,299,301,298,300,302,285,284],"class_list":{"0":"post-1544","1":"product","2":"type-product","3":"status-publish","4":"has-post-thumbnail","6":"product_cat-modulos-prestashop","7":"product_tag-1-6-es","8":"product_tag-1-7-es","9":"product_tag-automatique-es","10":"product_tag-backup-es","11":"product_tag-copia-de-seguridad","12":"product_tag-cron-es","13":"product_tag-e-mail-es","14":"product_tag-modulo","15":"product_tag-prestashop-es","17":"first","18":"instock","19":"shipping-taxable","20":"purchasable","21":"product-type-variable"},"acf":[],"yoast_head":"<!-- This site is optimized with the Yoast SEO plugin v27.3 - https:\/\/yoast.com\/product\/yoast-seo-wordpress\/ -->\n<title>Module Prestashop - Backup de la base de datos por e-mail<\/title>\n<meta name=\"description\" content=\"Este m\u00f3dulo de Prestashop le permite activar autom\u00e1ticamente la creaci\u00f3n de una copia de seguridad de la base de datos y recibirla por correo electr\u00f3nico.\" \/>\n<meta name=\"robots\" content=\"index, follow, max-snippet:-1, max-image-preview:large, max-video-preview:-1\" \/>\n<link rel=\"canonical\" href=\"https:\/\/agence-becomweb.fr\/es\/modulos-prestashop\/backup-de-la-base-de-datos-por-email\/\" \/>\n<meta property=\"og:locale\" content=\"es_ES\" \/>\n<meta property=\"og:type\" content=\"article\" \/>\n<meta property=\"og:title\" content=\"Module Prestashop - Backup de la base de datos por e-mail\" \/>\n<meta property=\"og:description\" content=\"Este m\u00f3dulo de Prestashop le permite activar autom\u00e1ticamente la creaci\u00f3n de una copia de seguridad de la base de datos y recibirla por correo electr\u00f3nico.\" \/>\n<meta property=\"og:url\" content=\"https:\/\/agence-becomweb.fr\/es\/modulos-prestashop\/backup-de-la-base-de-datos-por-email\/\" \/>\n<meta property=\"og:site_name\" content=\"Agencia-web BeComWeb\" \/>\n<meta property=\"article:publisher\" content=\"https:\/\/www.facebook.com\/agencebecomweb\/\" \/>\n<meta property=\"article:modified_time\" content=\"2021-10-18T12:05:34+00:00\" \/>\n<meta property=\"og:image\" content=\"https:\/\/agence-becomweb.fr\/wp-content\/uploads\/2019\/03\/emaildatabasebackup.jpg\" \/>\n\t<meta property=\"og:image:width\" content=\"1024\" \/>\n\t<meta property=\"og:image:height\" content=\"600\" \/>\n\t<meta property=\"og:image:type\" content=\"image\/jpeg\" \/>\n<meta name=\"twitter:card\" content=\"summary_large_image\" \/>\n<meta name=\"twitter:site\" content=\"@Agence_BeComWeb\" \/>\n<meta name=\"twitter:label1\" content=\"Tiempo de lectura\" \/>\n\t<meta name=\"twitter:data1\" content=\"1 minuto\" \/>\n<script type=\"application\/ld+json\" class=\"yoast-schema-graph\">{\"@context\":\"https:\\\/\\\/schema.org\",\"@graph\":[{\"@type\":\"WebPage\",\"@id\":\"https:\\\/\\\/agence-becomweb.fr\\\/es\\\/modulos-prestashop\\\/backup-de-la-base-de-datos-por-email\\\/\",\"url\":\"https:\\\/\\\/agence-becomweb.fr\\\/es\\\/modulos-prestashop\\\/backup-de-la-base-de-datos-por-email\\\/\",\"name\":\"Module Prestashop - Backup de la base de datos por e-mail\",\"isPartOf\":{\"@id\":\"https:\\\/\\\/agence-becomweb.fr\\\/es\\\/#website\"},\"primaryImageOfPage\":{\"@id\":\"https:\\\/\\\/agence-becomweb.fr\\\/es\\\/modulos-prestashop\\\/backup-de-la-base-de-datos-por-email\\\/#primaryimage\"},\"image\":{\"@id\":\"https:\\\/\\\/agence-becomweb.fr\\\/es\\\/modulos-prestashop\\\/backup-de-la-base-de-datos-por-email\\\/#primaryimage\"},\"thumbnailUrl\":\"https:\\\/\\\/agence-becomweb.fr\\\/wp-content\\\/uploads\\\/2019\\\/03\\\/emaildatabasebackup.jpg\",\"datePublished\":\"2019-03-25T15:28:21+00:00\",\"dateModified\":\"2021-10-18T12:05:34+00:00\",\"description\":\"Este m\u00f3dulo de Prestashop le permite activar autom\u00e1ticamente la creaci\u00f3n de una copia de seguridad de la base de datos y recibirla por correo electr\u00f3nico.\",\"breadcrumb\":{\"@id\":\"https:\\\/\\\/agence-becomweb.fr\\\/es\\\/modulos-prestashop\\\/backup-de-la-base-de-datos-por-email\\\/#breadcrumb\"},\"inLanguage\":\"es\",\"potentialAction\":[{\"@type\":\"ReadAction\",\"target\":[\"https:\\\/\\\/agence-becomweb.fr\\\/es\\\/modulos-prestashop\\\/backup-de-la-base-de-datos-por-email\\\/\"]}]},{\"@type\":\"ImageObject\",\"inLanguage\":\"es\",\"@id\":\"https:\\\/\\\/agence-becomweb.fr\\\/es\\\/modulos-prestashop\\\/backup-de-la-base-de-datos-por-email\\\/#primaryimage\",\"url\":\"https:\\\/\\\/agence-becomweb.fr\\\/wp-content\\\/uploads\\\/2019\\\/03\\\/emaildatabasebackup.jpg\",\"contentUrl\":\"https:\\\/\\\/agence-becomweb.fr\\\/wp-content\\\/uploads\\\/2019\\\/03\\\/emaildatabasebackup.jpg\",\"width\":1024,\"height\":600,\"caption\":\"M\u00f3dulo para Prestashop por recibir una copia de seguridad autom\u00e1tica de la base de datos por correo electr\u00f3nico\"},{\"@type\":\"BreadcrumbList\",\"@id\":\"https:\\\/\\\/agence-becomweb.fr\\\/es\\\/modulos-prestashop\\\/backup-de-la-base-de-datos-por-email\\\/#breadcrumb\",\"itemListElement\":[{\"@type\":\"ListItem\",\"position\":1,\"name\":\"Inicio\",\"item\":\"https:\\\/\\\/agence-becomweb.fr\\\/es\\\/\"},{\"@type\":\"ListItem\",\"position\":2,\"name\":\"Modulos Prestashop\",\"item\":\"https:\\\/\\\/agence-becomweb.fr\\\/es\\\/modulos-prestashop\\\/\"},{\"@type\":\"ListItem\",\"position\":3,\"name\":\"Backup de la base de datos por e-mail\"}]},{\"@type\":\"WebSite\",\"@id\":\"https:\\\/\\\/agence-becomweb.fr\\\/es\\\/#website\",\"url\":\"https:\\\/\\\/agence-becomweb.fr\\\/es\\\/\",\"name\":\"Agencia-web BeComWeb\",\"description\":\"M\u00f3dulos Prestashop de calidad a bajo precio para su tienda en l\u00ednea\",\"publisher\":{\"@id\":\"https:\\\/\\\/agence-becomweb.fr\\\/es\\\/#organization\"},\"potentialAction\":[{\"@type\":\"SearchAction\",\"target\":{\"@type\":\"EntryPoint\",\"urlTemplate\":\"https:\\\/\\\/agence-becomweb.fr\\\/es\\\/?s={search_term_string}\"},\"query-input\":{\"@type\":\"PropertyValueSpecification\",\"valueRequired\":true,\"valueName\":\"search_term_string\"}}],\"inLanguage\":\"es\"},{\"@type\":\"Organization\",\"@id\":\"https:\\\/\\\/agence-becomweb.fr\\\/es\\\/#organization\",\"name\":\"Agence BeComWeb\",\"url\":\"https:\\\/\\\/agence-becomweb.fr\\\/es\\\/\",\"logo\":{\"@type\":\"ImageObject\",\"inLanguage\":\"es\",\"@id\":\"https:\\\/\\\/agence-becomweb.fr\\\/es\\\/#\\\/schema\\\/logo\\\/image\\\/\",\"url\":\"https:\\\/\\\/agence-becomweb.fr\\\/wp-content\\\/uploads\\\/2019\\\/05\\\/logo_carr\u00e9_large.gif\",\"contentUrl\":\"https:\\\/\\\/agence-becomweb.fr\\\/wp-content\\\/uploads\\\/2019\\\/05\\\/logo_carr\u00e9_large.gif\",\"width\":800,\"height\":800,\"caption\":\"Agence BeComWeb\"},\"image\":{\"@id\":\"https:\\\/\\\/agence-becomweb.fr\\\/es\\\/#\\\/schema\\\/logo\\\/image\\\/\"},\"sameAs\":[\"https:\\\/\\\/www.facebook.com\\\/agencebecomweb\\\/\",\"https:\\\/\\\/x.com\\\/Agence_BeComWeb\",\"https:\\\/\\\/www.youtube.com\\\/channel\\\/UCBJQb76bz6DcHLknRVl4Kjg\"]}]}<\/script>\n<!-- \/ Yoast SEO plugin. -->","yoast_head_json":{"title":"Module Prestashop - Backup de la base de datos por e-mail","description":"Este m\u00f3dulo de Prestashop le permite activar autom\u00e1ticamente la creaci\u00f3n de una copia de seguridad de la base de datos y recibirla por correo electr\u00f3nico.","robots":{"index":"index","follow":"follow","max-snippet":"max-snippet:-1","max-image-preview":"max-image-preview:large","max-video-preview":"max-video-preview:-1"},"canonical":"https:\/\/agence-becomweb.fr\/es\/modulos-prestashop\/backup-de-la-base-de-datos-por-email\/","og_locale":"es_ES","og_type":"article","og_title":"Module Prestashop - Backup de la base de datos por e-mail","og_description":"Este m\u00f3dulo de Prestashop le permite activar autom\u00e1ticamente la creaci\u00f3n de una copia de seguridad de la base de datos y recibirla por correo electr\u00f3nico.","og_url":"https:\/\/agence-becomweb.fr\/es\/modulos-prestashop\/backup-de-la-base-de-datos-por-email\/","og_site_name":"Agencia-web BeComWeb","article_publisher":"https:\/\/www.facebook.com\/agencebecomweb\/","article_modified_time":"2021-10-18T12:05:34+00:00","og_image":[{"width":1024,"height":600,"url":"https:\/\/agence-becomweb.fr\/wp-content\/uploads\/2019\/03\/emaildatabasebackup.jpg","type":"image\/jpeg"}],"twitter_card":"summary_large_image","twitter_site":"@Agence_BeComWeb","twitter_misc":{"Tiempo de lectura":"1 minuto"},"schema":{"@context":"https:\/\/schema.org","@graph":[{"@type":"WebPage","@id":"https:\/\/agence-becomweb.fr\/es\/modulos-prestashop\/backup-de-la-base-de-datos-por-email\/","url":"https:\/\/agence-becomweb.fr\/es\/modulos-prestashop\/backup-de-la-base-de-datos-por-email\/","name":"Module Prestashop - Backup de la base de datos por e-mail","isPartOf":{"@id":"https:\/\/agence-becomweb.fr\/es\/#website"},"primaryImageOfPage":{"@id":"https:\/\/agence-becomweb.fr\/es\/modulos-prestashop\/backup-de-la-base-de-datos-por-email\/#primaryimage"},"image":{"@id":"https:\/\/agence-becomweb.fr\/es\/modulos-prestashop\/backup-de-la-base-de-datos-por-email\/#primaryimage"},"thumbnailUrl":"https:\/\/agence-becomweb.fr\/wp-content\/uploads\/2019\/03\/emaildatabasebackup.jpg","datePublished":"2019-03-25T15:28:21+00:00","dateModified":"2021-10-18T12:05:34+00:00","description":"Este m\u00f3dulo de Prestashop le permite activar autom\u00e1ticamente la creaci\u00f3n de una copia de seguridad de la base de datos y recibirla por correo electr\u00f3nico.","breadcrumb":{"@id":"https:\/\/agence-becomweb.fr\/es\/modulos-prestashop\/backup-de-la-base-de-datos-por-email\/#breadcrumb"},"inLanguage":"es","potentialAction":[{"@type":"ReadAction","target":["https:\/\/agence-becomweb.fr\/es\/modulos-prestashop\/backup-de-la-base-de-datos-por-email\/"]}]},{"@type":"ImageObject","inLanguage":"es","@id":"https:\/\/agence-becomweb.fr\/es\/modulos-prestashop\/backup-de-la-base-de-datos-por-email\/#primaryimage","url":"https:\/\/agence-becomweb.fr\/wp-content\/uploads\/2019\/03\/emaildatabasebackup.jpg","contentUrl":"https:\/\/agence-becomweb.fr\/wp-content\/uploads\/2019\/03\/emaildatabasebackup.jpg","width":1024,"height":600,"caption":"M\u00f3dulo para Prestashop por recibir una copia de seguridad autom\u00e1tica de la base de datos por correo electr\u00f3nico"},{"@type":"BreadcrumbList","@id":"https:\/\/agence-becomweb.fr\/es\/modulos-prestashop\/backup-de-la-base-de-datos-por-email\/#breadcrumb","itemListElement":[{"@type":"ListItem","position":1,"name":"Inicio","item":"https:\/\/agence-becomweb.fr\/es\/"},{"@type":"ListItem","position":2,"name":"Modulos Prestashop","item":"https:\/\/agence-becomweb.fr\/es\/modulos-prestashop\/"},{"@type":"ListItem","position":3,"name":"Backup de la base de datos por e-mail"}]},{"@type":"WebSite","@id":"https:\/\/agence-becomweb.fr\/es\/#website","url":"https:\/\/agence-becomweb.fr\/es\/","name":"Agencia-web BeComWeb","description":"M\u00f3dulos Prestashop de calidad a bajo precio para su tienda en l\u00ednea","publisher":{"@id":"https:\/\/agence-becomweb.fr\/es\/#organization"},"potentialAction":[{"@type":"SearchAction","target":{"@type":"EntryPoint","urlTemplate":"https:\/\/agence-becomweb.fr\/es\/?s={search_term_string}"},"query-input":{"@type":"PropertyValueSpecification","valueRequired":true,"valueName":"search_term_string"}}],"inLanguage":"es"},{"@type":"Organization","@id":"https:\/\/agence-becomweb.fr\/es\/#organization","name":"Agence BeComWeb","url":"https:\/\/agence-becomweb.fr\/es\/","logo":{"@type":"ImageObject","inLanguage":"es","@id":"https:\/\/agence-becomweb.fr\/es\/#\/schema\/logo\/image\/","url":"https:\/\/agence-becomweb.fr\/wp-content\/uploads\/2019\/05\/logo_carr\u00e9_large.gif","contentUrl":"https:\/\/agence-becomweb.fr\/wp-content\/uploads\/2019\/05\/logo_carr\u00e9_large.gif","width":800,"height":800,"caption":"Agence BeComWeb"},"image":{"@id":"https:\/\/agence-becomweb.fr\/es\/#\/schema\/logo\/image\/"},"sameAs":["https:\/\/www.facebook.com\/agencebecomweb\/","https:\/\/x.com\/Agence_BeComWeb","https:\/\/www.youtube.com\/channel\/UCBJQb76bz6DcHLknRVl4Kjg"]}]}},"_links":{"self":[{"href":"https:\/\/agence-becomweb.fr\/es\/wp-json\/wp\/v2\/product\/1544","targetHints":{"allow":["GET"]}}],"collection":[{"href":"https:\/\/agence-becomweb.fr\/es\/wp-json\/wp\/v2\/product"}],"about":[{"href":"https:\/\/agence-becomweb.fr\/es\/wp-json\/wp\/v2\/types\/product"}],"replies":[{"embeddable":true,"href":"https:\/\/agence-becomweb.fr\/es\/wp-json\/wp\/v2\/comments?post=1544"}],"wp:featuredmedia":[{"embeddable":true,"href":"https:\/\/agence-becomweb.fr\/es\/wp-json\/wp\/v2\/media\/1552"}],"wp:attachment":[{"href":"https:\/\/agence-becomweb.fr\/es\/wp-json\/wp\/v2\/media?parent=1544"}],"wp:term":[{"taxonomy":"product_brand","embeddable":true,"href":"https:\/\/agence-becomweb.fr\/es\/wp-json\/wp\/v2\/product_brand?post=1544"},{"taxonomy":"product_cat","embeddable":true,"href":"https:\/\/agence-becomweb.fr\/es\/wp-json\/wp\/v2\/product_cat?post=1544"},{"taxonomy":"product_tag","embeddable":true,"href":"https:\/\/agence-becomweb.fr\/es\/wp-json\/wp\/v2\/product_tag?post=1544"}],"curies":[{"name":"wp","href":"https:\/\/api.w.org\/{rel}","templated":true}]}}