{"id":1539,"date":"2018-05-21T16:57:14","date_gmt":"2018-05-21T14:57:14","guid":{"rendered":"https:\/\/agence-becomweb.fr\/modules-prestashop\/cambiar-la-fecha-de-creacion-del-producto\/"},"modified":"2025-11-12T17:51:48","modified_gmt":"2025-11-12T16:51:48","slug":"cambiar-la-fecha-de-creacion-del-producto","status":"publish","type":"product","link":"https:\/\/agence-becomweb.fr\/es\/modulos-prestashop\/cambiar-la-fecha-de-creacion-del-producto\/","title":{"rendered":"Cambiar la fecha de creaci\u00f3n del producto"},"content":{"rendered":"<p>Como gerente de una tienda Prestashop, probablemente ya te hayas enfrentado al siguiente problema: necesitas cambiar la fecha de creaci\u00f3n de un producto pero ninguna opci\u00f3n te permite en la administraci\u00f3n de Prestashop.<\/p>\n<p>Obviamente tienes la posibilidad de hacerlo directamente en la base de datos pero la operaci\u00f3n puede resultar tediosa o incluso peligrosa si no dominas bien esta herramienta.<\/p>\n<p>Por eso hemos dise\u00f1ado este peque\u00f1o m\u00f3dulo que te permitir\u00e1 realizar esta modificaci\u00f3n de forma muy sencilla desde cada ficha de art\u00edculo. As\u00ed que no dudes en descargarlo, \u00a1es gratis!<\/p>\n<p>Descarga gratis la versi\u00f3n de este m\u00f3dulo compatible con Prestashop 1.6. Para la versi\u00f3n compatible con Prestashop 1.7, aproveche el 20% de descuento.<\/p>\n<p><strong>La versi\u00f3n del m\u00f3dulo compatible con Prestashop 8 funciona desde Prestashop 8.1.0 y es compatible tanto con la V1 como con la V2 de la p\u00e1gina de administraci\u00f3n del producto.<\/strong>. Si su tienda se ejecuta en Prestashop 8.0.x, puede instalar la versi\u00f3n del m\u00f3dulo compatible con Prestashop 1.7.<\/p>\n<p>Cr\u00e9dito de la foto \u00abDeLorean\u00bb: <a href=\"https:\/\/jhroberts.deviantart.com\/\" target=\"_blank\" rel=\"noopener noreferrer\">jhroberts<\/a><\/p>\n","protected":false},"excerpt":{"rendered":"<p>Cambie muy f\u00e1cilmente la fecha de creaci\u00f3n de un producto en el back office de su tienda Prestashop<\/p>\n","protected":false},"featured_media":1540,"comment_status":"open","ping_status":"closed","template":"","meta":{"_acf_changed":false},"product_brand":[],"product_cat":[283],"product_tag":[226,227,296,294,293,285,297,284,295],"class_list":{"0":"post-1539","1":"product","2":"type-product","3":"status-publish","4":"has-post-thumbnail","6":"product_cat-modulos-prestashop","7":"product_tag-1-6-es","8":"product_tag-1-7-es","9":"product_tag-creacion","10":"product_tag-fecha","11":"product_tag-modificacion","12":"product_tag-modulo","13":"product_tag-novedad","14":"product_tag-prestashop-es","15":"product_tag-producto","17":"first","18":"instock","19":"sale","20":"shipping-taxable","21":"purchasable","22":"product-type-variable"},"acf":[],"yoast_head":"<!-- This site is optimized with the Yoast SEO plugin v27.3 - https:\/\/yoast.com\/product\/yoast-seo-wordpress\/ -->\n<title>Module Prestashop - Cambiar la fecha de creaci\u00f3n del producto<\/title>\n<meta name=\"description\" content=\"Este m\u00f3dulo de Prestashop te permite modificar la fecha de creaci\u00f3n de un producto desde el back office de tu tienda en unos pocos clics.\" \/>\n<meta name=\"robots\" content=\"index, follow, max-snippet:-1, max-image-preview:large, max-video-preview:-1\" \/>\n<link rel=\"canonical\" href=\"https:\/\/agence-becomweb.fr\/es\/modulos-prestashop\/cambiar-la-fecha-de-creacion-del-producto\/\" \/>\n<meta property=\"og:locale\" content=\"es_ES\" \/>\n<meta property=\"og:type\" content=\"article\" \/>\n<meta property=\"og:title\" content=\"Module Prestashop - Cambiar la fecha de creaci\u00f3n del producto\" \/>\n<meta property=\"og:description\" content=\"Este m\u00f3dulo de Prestashop te permite modificar la fecha de creaci\u00f3n de un producto desde el back office de tu tienda en unos pocos clics.\" \/>\n<meta property=\"og:url\" content=\"https:\/\/agence-becomweb.fr\/es\/modulos-prestashop\/cambiar-la-fecha-de-creacion-del-producto\/\" \/>\n<meta property=\"og:site_name\" content=\"Agencia-web BeComWeb\" \/>\n<meta property=\"article:publisher\" content=\"https:\/\/www.facebook.com\/agencebecomweb\/\" \/>\n<meta property=\"article:modified_time\" content=\"2025-11-12T16:51:48+00:00\" \/>\n<meta property=\"og:image\" content=\"https:\/\/agence-becomweb.fr\/wp-content\/uploads\/2018\/05\/changeproductcreationdate.jpg\" \/>\n\t<meta property=\"og:image:width\" content=\"1024\" \/>\n\t<meta property=\"og:image:height\" content=\"600\" \/>\n\t<meta property=\"og:image:type\" content=\"image\/jpeg\" \/>\n<meta name=\"twitter:card\" content=\"summary_large_image\" \/>\n<meta name=\"twitter:site\" content=\"@Agence_BeComWeb\" \/>\n<meta name=\"twitter:label1\" content=\"Tiempo de lectura\" \/>\n\t<meta name=\"twitter:data1\" content=\"1 minuto\" \/>\n<script type=\"application\/ld+json\" class=\"yoast-schema-graph\">{\"@context\":\"https:\\\/\\\/schema.org\",\"@graph\":[{\"@type\":\"WebPage\",\"@id\":\"https:\\\/\\\/agence-becomweb.fr\\\/es\\\/modulos-prestashop\\\/cambiar-la-fecha-de-creacion-del-producto\\\/\",\"url\":\"https:\\\/\\\/agence-becomweb.fr\\\/es\\\/modulos-prestashop\\\/cambiar-la-fecha-de-creacion-del-producto\\\/\",\"name\":\"Module Prestashop - Cambiar la fecha de creaci\u00f3n del producto\",\"isPartOf\":{\"@id\":\"https:\\\/\\\/agence-becomweb.fr\\\/es\\\/#website\"},\"primaryImageOfPage\":{\"@id\":\"https:\\\/\\\/agence-becomweb.fr\\\/es\\\/modulos-prestashop\\\/cambiar-la-fecha-de-creacion-del-producto\\\/#primaryimage\"},\"image\":{\"@id\":\"https:\\\/\\\/agence-becomweb.fr\\\/es\\\/modulos-prestashop\\\/cambiar-la-fecha-de-creacion-del-producto\\\/#primaryimage\"},\"thumbnailUrl\":\"https:\\\/\\\/agence-becomweb.fr\\\/wp-content\\\/uploads\\\/2018\\\/05\\\/changeproductcreationdate.jpg\",\"datePublished\":\"2018-05-21T14:57:14+00:00\",\"dateModified\":\"2025-11-12T16:51:48+00:00\",\"description\":\"Este m\u00f3dulo de Prestashop te permite modificar la fecha de creaci\u00f3n de un producto desde el back office de tu tienda en unos pocos clics.\",\"breadcrumb\":{\"@id\":\"https:\\\/\\\/agence-becomweb.fr\\\/es\\\/modulos-prestashop\\\/cambiar-la-fecha-de-creacion-del-producto\\\/#breadcrumb\"},\"inLanguage\":\"es\",\"potentialAction\":[{\"@type\":\"ReadAction\",\"target\":[\"https:\\\/\\\/agence-becomweb.fr\\\/es\\\/modulos-prestashop\\\/cambiar-la-fecha-de-creacion-del-producto\\\/\"]}]},{\"@type\":\"ImageObject\",\"inLanguage\":\"es\",\"@id\":\"https:\\\/\\\/agence-becomweb.fr\\\/es\\\/modulos-prestashop\\\/cambiar-la-fecha-de-creacion-del-producto\\\/#primaryimage\",\"url\":\"https:\\\/\\\/agence-becomweb.fr\\\/wp-content\\\/uploads\\\/2018\\\/05\\\/changeproductcreationdate.jpg\",\"contentUrl\":\"https:\\\/\\\/agence-becomweb.fr\\\/wp-content\\\/uploads\\\/2018\\\/05\\\/changeproductcreationdate.jpg\",\"width\":1024,\"height\":600,\"caption\":\"Al permitirle modificar la fecha de creaci\u00f3n del producto, el m\u00f3dulo le da la posibilidad de dejar de mostrarlo en nuevos productos.\"},{\"@type\":\"BreadcrumbList\",\"@id\":\"https:\\\/\\\/agence-becomweb.fr\\\/es\\\/modulos-prestashop\\\/cambiar-la-fecha-de-creacion-del-producto\\\/#breadcrumb\",\"itemListElement\":[{\"@type\":\"ListItem\",\"position\":1,\"name\":\"Inicio\",\"item\":\"https:\\\/\\\/agence-becomweb.fr\\\/es\\\/\"},{\"@type\":\"ListItem\",\"position\":2,\"name\":\"Modulos Prestashop\",\"item\":\"https:\\\/\\\/agence-becomweb.fr\\\/es\\\/modulos-prestashop\\\/\"},{\"@type\":\"ListItem\",\"position\":3,\"name\":\"Cambiar la fecha de creaci\u00f3n del producto\"}]},{\"@type\":\"WebSite\",\"@id\":\"https:\\\/\\\/agence-becomweb.fr\\\/es\\\/#website\",\"url\":\"https:\\\/\\\/agence-becomweb.fr\\\/es\\\/\",\"name\":\"Agencia-web BeComWeb\",\"description\":\"M\u00f3dulos Prestashop de calidad a bajo precio para su tienda en l\u00ednea\",\"publisher\":{\"@id\":\"https:\\\/\\\/agence-becomweb.fr\\\/es\\\/#organization\"},\"potentialAction\":[{\"@type\":\"SearchAction\",\"target\":{\"@type\":\"EntryPoint\",\"urlTemplate\":\"https:\\\/\\\/agence-becomweb.fr\\\/es\\\/?s={search_term_string}\"},\"query-input\":{\"@type\":\"PropertyValueSpecification\",\"valueRequired\":true,\"valueName\":\"search_term_string\"}}],\"inLanguage\":\"es\"},{\"@type\":\"Organization\",\"@id\":\"https:\\\/\\\/agence-becomweb.fr\\\/es\\\/#organization\",\"name\":\"Agence BeComWeb\",\"url\":\"https:\\\/\\\/agence-becomweb.fr\\\/es\\\/\",\"logo\":{\"@type\":\"ImageObject\",\"inLanguage\":\"es\",\"@id\":\"https:\\\/\\\/agence-becomweb.fr\\\/es\\\/#\\\/schema\\\/logo\\\/image\\\/\",\"url\":\"https:\\\/\\\/agence-becomweb.fr\\\/wp-content\\\/uploads\\\/2019\\\/05\\\/logo_carr\u00e9_large.gif\",\"contentUrl\":\"https:\\\/\\\/agence-becomweb.fr\\\/wp-content\\\/uploads\\\/2019\\\/05\\\/logo_carr\u00e9_large.gif\",\"width\":800,\"height\":800,\"caption\":\"Agence BeComWeb\"},\"image\":{\"@id\":\"https:\\\/\\\/agence-becomweb.fr\\\/es\\\/#\\\/schema\\\/logo\\\/image\\\/\"},\"sameAs\":[\"https:\\\/\\\/www.facebook.com\\\/agencebecomweb\\\/\",\"https:\\\/\\\/x.com\\\/Agence_BeComWeb\",\"https:\\\/\\\/www.youtube.com\\\/channel\\\/UCBJQb76bz6DcHLknRVl4Kjg\"]}]}<\/script>\n<!-- \/ Yoast SEO plugin. -->","yoast_head_json":{"title":"Module Prestashop - Cambiar la fecha de creaci\u00f3n del producto","description":"Este m\u00f3dulo de Prestashop te permite modificar la fecha de creaci\u00f3n de un producto desde el back office de tu tienda en unos pocos clics.","robots":{"index":"index","follow":"follow","max-snippet":"max-snippet:-1","max-image-preview":"max-image-preview:large","max-video-preview":"max-video-preview:-1"},"canonical":"https:\/\/agence-becomweb.fr\/es\/modulos-prestashop\/cambiar-la-fecha-de-creacion-del-producto\/","og_locale":"es_ES","og_type":"article","og_title":"Module Prestashop - Cambiar la fecha de creaci\u00f3n del producto","og_description":"Este m\u00f3dulo de Prestashop te permite modificar la fecha de creaci\u00f3n de un producto desde el back office de tu tienda en unos pocos clics.","og_url":"https:\/\/agence-becomweb.fr\/es\/modulos-prestashop\/cambiar-la-fecha-de-creacion-del-producto\/","og_site_name":"Agencia-web BeComWeb","article_publisher":"https:\/\/www.facebook.com\/agencebecomweb\/","article_modified_time":"2025-11-12T16:51:48+00:00","og_image":[{"width":1024,"height":600,"url":"https:\/\/agence-becomweb.fr\/wp-content\/uploads\/2018\/05\/changeproductcreationdate.jpg","type":"image\/jpeg"}],"twitter_card":"summary_large_image","twitter_site":"@Agence_BeComWeb","twitter_misc":{"Tiempo de lectura":"1 minuto"},"schema":{"@context":"https:\/\/schema.org","@graph":[{"@type":"WebPage","@id":"https:\/\/agence-becomweb.fr\/es\/modulos-prestashop\/cambiar-la-fecha-de-creacion-del-producto\/","url":"https:\/\/agence-becomweb.fr\/es\/modulos-prestashop\/cambiar-la-fecha-de-creacion-del-producto\/","name":"Module Prestashop - Cambiar la fecha de creaci\u00f3n del producto","isPartOf":{"@id":"https:\/\/agence-becomweb.fr\/es\/#website"},"primaryImageOfPage":{"@id":"https:\/\/agence-becomweb.fr\/es\/modulos-prestashop\/cambiar-la-fecha-de-creacion-del-producto\/#primaryimage"},"image":{"@id":"https:\/\/agence-becomweb.fr\/es\/modulos-prestashop\/cambiar-la-fecha-de-creacion-del-producto\/#primaryimage"},"thumbnailUrl":"https:\/\/agence-becomweb.fr\/wp-content\/uploads\/2018\/05\/changeproductcreationdate.jpg","datePublished":"2018-05-21T14:57:14+00:00","dateModified":"2025-11-12T16:51:48+00:00","description":"Este m\u00f3dulo de Prestashop te permite modificar la fecha de creaci\u00f3n de un producto desde el back office de tu tienda en unos pocos clics.","breadcrumb":{"@id":"https:\/\/agence-becomweb.fr\/es\/modulos-prestashop\/cambiar-la-fecha-de-creacion-del-producto\/#breadcrumb"},"inLanguage":"es","potentialAction":[{"@type":"ReadAction","target":["https:\/\/agence-becomweb.fr\/es\/modulos-prestashop\/cambiar-la-fecha-de-creacion-del-producto\/"]}]},{"@type":"ImageObject","inLanguage":"es","@id":"https:\/\/agence-becomweb.fr\/es\/modulos-prestashop\/cambiar-la-fecha-de-creacion-del-producto\/#primaryimage","url":"https:\/\/agence-becomweb.fr\/wp-content\/uploads\/2018\/05\/changeproductcreationdate.jpg","contentUrl":"https:\/\/agence-becomweb.fr\/wp-content\/uploads\/2018\/05\/changeproductcreationdate.jpg","width":1024,"height":600,"caption":"Al permitirle modificar la fecha de creaci\u00f3n del producto, el m\u00f3dulo le da la posibilidad de dejar de mostrarlo en nuevos productos."},{"@type":"BreadcrumbList","@id":"https:\/\/agence-becomweb.fr\/es\/modulos-prestashop\/cambiar-la-fecha-de-creacion-del-producto\/#breadcrumb","itemListElement":[{"@type":"ListItem","position":1,"name":"Inicio","item":"https:\/\/agence-becomweb.fr\/es\/"},{"@type":"ListItem","position":2,"name":"Modulos Prestashop","item":"https:\/\/agence-becomweb.fr\/es\/modulos-prestashop\/"},{"@type":"ListItem","position":3,"name":"Cambiar la fecha de creaci\u00f3n del producto"}]},{"@type":"WebSite","@id":"https:\/\/agence-becomweb.fr\/es\/#website","url":"https:\/\/agence-becomweb.fr\/es\/","name":"Agencia-web BeComWeb","description":"M\u00f3dulos Prestashop de calidad a bajo precio para su tienda en l\u00ednea","publisher":{"@id":"https:\/\/agence-becomweb.fr\/es\/#organization"},"potentialAction":[{"@type":"SearchAction","target":{"@type":"EntryPoint","urlTemplate":"https:\/\/agence-becomweb.fr\/es\/?s={search_term_string}"},"query-input":{"@type":"PropertyValueSpecification","valueRequired":true,"valueName":"search_term_string"}}],"inLanguage":"es"},{"@type":"Organization","@id":"https:\/\/agence-becomweb.fr\/es\/#organization","name":"Agence BeComWeb","url":"https:\/\/agence-becomweb.fr\/es\/","logo":{"@type":"ImageObject","inLanguage":"es","@id":"https:\/\/agence-becomweb.fr\/es\/#\/schema\/logo\/image\/","url":"https:\/\/agence-becomweb.fr\/wp-content\/uploads\/2019\/05\/logo_carr\u00e9_large.gif","contentUrl":"https:\/\/agence-becomweb.fr\/wp-content\/uploads\/2019\/05\/logo_carr\u00e9_large.gif","width":800,"height":800,"caption":"Agence BeComWeb"},"image":{"@id":"https:\/\/agence-becomweb.fr\/es\/#\/schema\/logo\/image\/"},"sameAs":["https:\/\/www.facebook.com\/agencebecomweb\/","https:\/\/x.com\/Agence_BeComWeb","https:\/\/www.youtube.com\/channel\/UCBJQb76bz6DcHLknRVl4Kjg"]}]}},"_links":{"self":[{"href":"https:\/\/agence-becomweb.fr\/es\/wp-json\/wp\/v2\/product\/1539","targetHints":{"allow":["GET"]}}],"collection":[{"href":"https:\/\/agence-becomweb.fr\/es\/wp-json\/wp\/v2\/product"}],"about":[{"href":"https:\/\/agence-becomweb.fr\/es\/wp-json\/wp\/v2\/types\/product"}],"replies":[{"embeddable":true,"href":"https:\/\/agence-becomweb.fr\/es\/wp-json\/wp\/v2\/comments?post=1539"}],"wp:featuredmedia":[{"embeddable":true,"href":"https:\/\/agence-becomweb.fr\/es\/wp-json\/wp\/v2\/media\/1540"}],"wp:attachment":[{"href":"https:\/\/agence-becomweb.fr\/es\/wp-json\/wp\/v2\/media?parent=1539"}],"wp:term":[{"taxonomy":"product_brand","embeddable":true,"href":"https:\/\/agence-becomweb.fr\/es\/wp-json\/wp\/v2\/product_brand?post=1539"},{"taxonomy":"product_cat","embeddable":true,"href":"https:\/\/agence-becomweb.fr\/es\/wp-json\/wp\/v2\/product_cat?post=1539"},{"taxonomy":"product_tag","embeddable":true,"href":"https:\/\/agence-becomweb.fr\/es\/wp-json\/wp\/v2\/product_tag?post=1539"}],"curies":[{"name":"wp","href":"https:\/\/api.w.org\/{rel}","templated":true}]}}