{"id":1535,"date":"2018-05-11T11:36:12","date_gmt":"2018-05-11T09:36:12","guid":{"rendered":"https:\/\/agence-becomweb.fr\/modules-prestashop\/productos-del-mismo-fabricante\/"},"modified":"2018-05-11T11:36:12","modified_gmt":"2018-05-11T09:36:12","slug":"productos-del-mismo-fabricante","status":"publish","type":"product","link":"https:\/\/agence-becomweb.fr\/es\/modulos-prestashop\/productos-del-mismo-fabricante\/","title":{"rendered":"Productos del mismo fabricante"},"content":{"rendered":"<h2>Un m\u00f3dulo de venta cruzada por marca o fabricante para su tienda Prestashop<\/h2>\n<p>Nativamente Prestashop ofrece un m\u00f3dulo que le permite mostrar una lista de productos que pertenecen a la misma categor\u00eda en la parte inferior de cada pagina de producto.<\/p>\n<p>Pero para muchos campos de actividad (como el \u00abpr\u00eat-\u00e0-porter\u00bb o el \u00abhigh tech\u00bb), el principal criterio de compra para los clientes es la marca. Entonces eso no es suficiente.<\/p>\n<p>Es por eso que hemos dise\u00f1ado este m\u00f3dulo que, por lo tanto, le permitir\u00e1 <strong>impulsar su venta cruzada<\/strong> al mostrar en cada hoja de art\u00edculo un conjunto de productos del mismo fabricante \/ misma marca.<\/ p><\/p>\n<h2>Numerosas opciones de configuraci\u00f3n<\/h2>\n<p>Las siguientes opciones de configuraci\u00f3n est\u00e1n disponibles para permitirle personalizar la visualizaci\u00f3n del m\u00f3dulo:<\/p>\n<ul>\n<li>Mostrar o no el logotipo del fabricante<\/li>\n<li>Presentaci\u00f3n de los productos en forma de carrusel<\/li>\n<li>Selecci\u00f3n de la cantidad m\u00e1xima de productos para mostrar<\/li>\n<li>Activaci\u00f3n o no de la visualizaci\u00f3n del precio de los productos<\/li>\n<\/ul>\n<p>Totalmente receptivo, este m\u00f3dulo est\u00e1<strong>disponible para las versiones 1.6 y 1.7 de Prestashop<\/strong>.<\/p>\n","protected":false},"excerpt":{"rendered":"<p>Mostrar una lista de productos del mismo fabricante \/ marca en las hojas de art\u00edculos<\/p>\n","protected":false},"featured_media":1536,"comment_status":"open","ping_status":"closed","template":"","meta":{"_acf_changed":false},"product_brand":[],"product_cat":[283],"product_tag":[226,227,291,290,285,284,292],"class_list":{"0":"post-1535","1":"product","2":"type-product","3":"status-publish","4":"has-post-thumbnail","6":"product_cat-modulos-prestashop","7":"product_tag-1-6-es","8":"product_tag-1-7-es","9":"product_tag-fabricante","10":"product_tag-marca","11":"product_tag-modulo","12":"product_tag-prestashop-es","13":"product_tag-venta-cruzada","15":"first","16":"instock","17":"shipping-taxable","18":"purchasable","19":"product-type-variable"},"acf":[],"yoast_head":"<!-- This site is optimized with the Yoast SEO plugin v27.3 - https:\/\/yoast.com\/product\/yoast-seo-wordpress\/ -->\n<title>Module Prestashop - Productos del mismo fabricante<\/title>\n<meta name=\"description\" content=\"Este m\u00f3dulo de venta cruzada para Prestashop le permite mostrar otros productos del mismo fabricante \/ la misma marca en la hoja del art\u00edculo.\" \/>\n<meta name=\"robots\" content=\"index, follow, max-snippet:-1, max-image-preview:large, max-video-preview:-1\" \/>\n<link rel=\"canonical\" href=\"https:\/\/agence-becomweb.fr\/es\/modulos-prestashop\/productos-del-mismo-fabricante\/\" \/>\n<meta property=\"og:locale\" content=\"es_ES\" \/>\n<meta property=\"og:type\" content=\"article\" \/>\n<meta property=\"og:title\" content=\"Module Prestashop - Productos del mismo fabricante\" \/>\n<meta property=\"og:description\" content=\"Este m\u00f3dulo de venta cruzada para Prestashop le permite mostrar otros productos del mismo fabricante \/ la misma marca en la hoja del art\u00edculo.\" \/>\n<meta property=\"og:url\" content=\"https:\/\/agence-becomweb.fr\/es\/modulos-prestashop\/productos-del-mismo-fabricante\/\" \/>\n<meta property=\"og:site_name\" content=\"Agencia-web BeComWeb\" \/>\n<meta property=\"article:publisher\" content=\"https:\/\/www.facebook.com\/agencebecomweb\/\" \/>\n<meta property=\"og:image\" content=\"https:\/\/agence-becomweb.fr\/wp-content\/uploads\/2018\/05\/samemanufacturerproducts.jpg\" \/>\n\t<meta property=\"og:image:width\" content=\"1024\" \/>\n\t<meta property=\"og:image:height\" content=\"600\" \/>\n\t<meta property=\"og:image:type\" content=\"image\/jpeg\" \/>\n<meta name=\"twitter:card\" content=\"summary_large_image\" \/>\n<meta name=\"twitter:site\" content=\"@Agence_BeComWeb\" \/>\n<meta name=\"twitter:label1\" content=\"Tiempo de lectura\" \/>\n\t<meta name=\"twitter:data1\" content=\"1 minuto\" \/>\n<script type=\"application\/ld+json\" class=\"yoast-schema-graph\">{\"@context\":\"https:\\\/\\\/schema.org\",\"@graph\":[{\"@type\":\"WebPage\",\"@id\":\"https:\\\/\\\/agence-becomweb.fr\\\/es\\\/modulos-prestashop\\\/productos-del-mismo-fabricante\\\/\",\"url\":\"https:\\\/\\\/agence-becomweb.fr\\\/es\\\/modulos-prestashop\\\/productos-del-mismo-fabricante\\\/\",\"name\":\"Module Prestashop - Productos del mismo fabricante\",\"isPartOf\":{\"@id\":\"https:\\\/\\\/agence-becomweb.fr\\\/es\\\/#website\"},\"primaryImageOfPage\":{\"@id\":\"https:\\\/\\\/agence-becomweb.fr\\\/es\\\/modulos-prestashop\\\/productos-del-mismo-fabricante\\\/#primaryimage\"},\"image\":{\"@id\":\"https:\\\/\\\/agence-becomweb.fr\\\/es\\\/modulos-prestashop\\\/productos-del-mismo-fabricante\\\/#primaryimage\"},\"thumbnailUrl\":\"https:\\\/\\\/agence-becomweb.fr\\\/wp-content\\\/uploads\\\/2018\\\/05\\\/samemanufacturerproducts.jpg\",\"datePublished\":\"2018-05-11T09:36:12+00:00\",\"description\":\"Este m\u00f3dulo de venta cruzada para Prestashop le permite mostrar otros productos del mismo fabricante \\\/ la misma marca en la hoja del art\u00edculo.\",\"breadcrumb\":{\"@id\":\"https:\\\/\\\/agence-becomweb.fr\\\/es\\\/modulos-prestashop\\\/productos-del-mismo-fabricante\\\/#breadcrumb\"},\"inLanguage\":\"es\",\"potentialAction\":[{\"@type\":\"ReadAction\",\"target\":[\"https:\\\/\\\/agence-becomweb.fr\\\/es\\\/modulos-prestashop\\\/productos-del-mismo-fabricante\\\/\"]}]},{\"@type\":\"ImageObject\",\"inLanguage\":\"es\",\"@id\":\"https:\\\/\\\/agence-becomweb.fr\\\/es\\\/modulos-prestashop\\\/productos-del-mismo-fabricante\\\/#primaryimage\",\"url\":\"https:\\\/\\\/agence-becomweb.fr\\\/wp-content\\\/uploads\\\/2018\\\/05\\\/samemanufacturerproducts.jpg\",\"contentUrl\":\"https:\\\/\\\/agence-becomweb.fr\\\/wp-content\\\/uploads\\\/2018\\\/05\\\/samemanufacturerproducts.jpg\",\"width\":1024,\"height\":600,\"caption\":\"El m\u00f3dulo le permite mostrar un bloque de venta cruzada que contiene productos de la misma marca \\\/ mismo fabricante.\"},{\"@type\":\"BreadcrumbList\",\"@id\":\"https:\\\/\\\/agence-becomweb.fr\\\/es\\\/modulos-prestashop\\\/productos-del-mismo-fabricante\\\/#breadcrumb\",\"itemListElement\":[{\"@type\":\"ListItem\",\"position\":1,\"name\":\"Inicio\",\"item\":\"https:\\\/\\\/agence-becomweb.fr\\\/es\\\/\"},{\"@type\":\"ListItem\",\"position\":2,\"name\":\"Modulos Prestashop\",\"item\":\"https:\\\/\\\/agence-becomweb.fr\\\/es\\\/modulos-prestashop\\\/\"},{\"@type\":\"ListItem\",\"position\":3,\"name\":\"Productos del mismo fabricante\"}]},{\"@type\":\"WebSite\",\"@id\":\"https:\\\/\\\/agence-becomweb.fr\\\/es\\\/#website\",\"url\":\"https:\\\/\\\/agence-becomweb.fr\\\/es\\\/\",\"name\":\"Agencia-web BeComWeb\",\"description\":\"M\u00f3dulos Prestashop de calidad a bajo precio para su tienda en l\u00ednea\",\"publisher\":{\"@id\":\"https:\\\/\\\/agence-becomweb.fr\\\/es\\\/#organization\"},\"potentialAction\":[{\"@type\":\"SearchAction\",\"target\":{\"@type\":\"EntryPoint\",\"urlTemplate\":\"https:\\\/\\\/agence-becomweb.fr\\\/es\\\/?s={search_term_string}\"},\"query-input\":{\"@type\":\"PropertyValueSpecification\",\"valueRequired\":true,\"valueName\":\"search_term_string\"}}],\"inLanguage\":\"es\"},{\"@type\":\"Organization\",\"@id\":\"https:\\\/\\\/agence-becomweb.fr\\\/es\\\/#organization\",\"name\":\"Agence BeComWeb\",\"url\":\"https:\\\/\\\/agence-becomweb.fr\\\/es\\\/\",\"logo\":{\"@type\":\"ImageObject\",\"inLanguage\":\"es\",\"@id\":\"https:\\\/\\\/agence-becomweb.fr\\\/es\\\/#\\\/schema\\\/logo\\\/image\\\/\",\"url\":\"https:\\\/\\\/agence-becomweb.fr\\\/wp-content\\\/uploads\\\/2019\\\/05\\\/logo_carr\u00e9_large.gif\",\"contentUrl\":\"https:\\\/\\\/agence-becomweb.fr\\\/wp-content\\\/uploads\\\/2019\\\/05\\\/logo_carr\u00e9_large.gif\",\"width\":800,\"height\":800,\"caption\":\"Agence BeComWeb\"},\"image\":{\"@id\":\"https:\\\/\\\/agence-becomweb.fr\\\/es\\\/#\\\/schema\\\/logo\\\/image\\\/\"},\"sameAs\":[\"https:\\\/\\\/www.facebook.com\\\/agencebecomweb\\\/\",\"https:\\\/\\\/x.com\\\/Agence_BeComWeb\",\"https:\\\/\\\/www.youtube.com\\\/channel\\\/UCBJQb76bz6DcHLknRVl4Kjg\"]}]}<\/script>\n<!-- \/ Yoast SEO plugin. -->","yoast_head_json":{"title":"Module Prestashop - Productos del mismo fabricante","description":"Este m\u00f3dulo de venta cruzada para Prestashop le permite mostrar otros productos del mismo fabricante \/ la misma marca en la hoja del art\u00edculo.","robots":{"index":"index","follow":"follow","max-snippet":"max-snippet:-1","max-image-preview":"max-image-preview:large","max-video-preview":"max-video-preview:-1"},"canonical":"https:\/\/agence-becomweb.fr\/es\/modulos-prestashop\/productos-del-mismo-fabricante\/","og_locale":"es_ES","og_type":"article","og_title":"Module Prestashop - Productos del mismo fabricante","og_description":"Este m\u00f3dulo de venta cruzada para Prestashop le permite mostrar otros productos del mismo fabricante \/ la misma marca en la hoja del art\u00edculo.","og_url":"https:\/\/agence-becomweb.fr\/es\/modulos-prestashop\/productos-del-mismo-fabricante\/","og_site_name":"Agencia-web BeComWeb","article_publisher":"https:\/\/www.facebook.com\/agencebecomweb\/","og_image":[{"width":1024,"height":600,"url":"https:\/\/agence-becomweb.fr\/wp-content\/uploads\/2018\/05\/samemanufacturerproducts.jpg","type":"image\/jpeg"}],"twitter_card":"summary_large_image","twitter_site":"@Agence_BeComWeb","twitter_misc":{"Tiempo de lectura":"1 minuto"},"schema":{"@context":"https:\/\/schema.org","@graph":[{"@type":"WebPage","@id":"https:\/\/agence-becomweb.fr\/es\/modulos-prestashop\/productos-del-mismo-fabricante\/","url":"https:\/\/agence-becomweb.fr\/es\/modulos-prestashop\/productos-del-mismo-fabricante\/","name":"Module Prestashop - Productos del mismo fabricante","isPartOf":{"@id":"https:\/\/agence-becomweb.fr\/es\/#website"},"primaryImageOfPage":{"@id":"https:\/\/agence-becomweb.fr\/es\/modulos-prestashop\/productos-del-mismo-fabricante\/#primaryimage"},"image":{"@id":"https:\/\/agence-becomweb.fr\/es\/modulos-prestashop\/productos-del-mismo-fabricante\/#primaryimage"},"thumbnailUrl":"https:\/\/agence-becomweb.fr\/wp-content\/uploads\/2018\/05\/samemanufacturerproducts.jpg","datePublished":"2018-05-11T09:36:12+00:00","description":"Este m\u00f3dulo de venta cruzada para Prestashop le permite mostrar otros productos del mismo fabricante \/ la misma marca en la hoja del art\u00edculo.","breadcrumb":{"@id":"https:\/\/agence-becomweb.fr\/es\/modulos-prestashop\/productos-del-mismo-fabricante\/#breadcrumb"},"inLanguage":"es","potentialAction":[{"@type":"ReadAction","target":["https:\/\/agence-becomweb.fr\/es\/modulos-prestashop\/productos-del-mismo-fabricante\/"]}]},{"@type":"ImageObject","inLanguage":"es","@id":"https:\/\/agence-becomweb.fr\/es\/modulos-prestashop\/productos-del-mismo-fabricante\/#primaryimage","url":"https:\/\/agence-becomweb.fr\/wp-content\/uploads\/2018\/05\/samemanufacturerproducts.jpg","contentUrl":"https:\/\/agence-becomweb.fr\/wp-content\/uploads\/2018\/05\/samemanufacturerproducts.jpg","width":1024,"height":600,"caption":"El m\u00f3dulo le permite mostrar un bloque de venta cruzada que contiene productos de la misma marca \/ mismo fabricante."},{"@type":"BreadcrumbList","@id":"https:\/\/agence-becomweb.fr\/es\/modulos-prestashop\/productos-del-mismo-fabricante\/#breadcrumb","itemListElement":[{"@type":"ListItem","position":1,"name":"Inicio","item":"https:\/\/agence-becomweb.fr\/es\/"},{"@type":"ListItem","position":2,"name":"Modulos Prestashop","item":"https:\/\/agence-becomweb.fr\/es\/modulos-prestashop\/"},{"@type":"ListItem","position":3,"name":"Productos del mismo fabricante"}]},{"@type":"WebSite","@id":"https:\/\/agence-becomweb.fr\/es\/#website","url":"https:\/\/agence-becomweb.fr\/es\/","name":"Agencia-web BeComWeb","description":"M\u00f3dulos Prestashop de calidad a bajo precio para su tienda en l\u00ednea","publisher":{"@id":"https:\/\/agence-becomweb.fr\/es\/#organization"},"potentialAction":[{"@type":"SearchAction","target":{"@type":"EntryPoint","urlTemplate":"https:\/\/agence-becomweb.fr\/es\/?s={search_term_string}"},"query-input":{"@type":"PropertyValueSpecification","valueRequired":true,"valueName":"search_term_string"}}],"inLanguage":"es"},{"@type":"Organization","@id":"https:\/\/agence-becomweb.fr\/es\/#organization","name":"Agence BeComWeb","url":"https:\/\/agence-becomweb.fr\/es\/","logo":{"@type":"ImageObject","inLanguage":"es","@id":"https:\/\/agence-becomweb.fr\/es\/#\/schema\/logo\/image\/","url":"https:\/\/agence-becomweb.fr\/wp-content\/uploads\/2019\/05\/logo_carr\u00e9_large.gif","contentUrl":"https:\/\/agence-becomweb.fr\/wp-content\/uploads\/2019\/05\/logo_carr\u00e9_large.gif","width":800,"height":800,"caption":"Agence BeComWeb"},"image":{"@id":"https:\/\/agence-becomweb.fr\/es\/#\/schema\/logo\/image\/"},"sameAs":["https:\/\/www.facebook.com\/agencebecomweb\/","https:\/\/x.com\/Agence_BeComWeb","https:\/\/www.youtube.com\/channel\/UCBJQb76bz6DcHLknRVl4Kjg"]}]}},"_links":{"self":[{"href":"https:\/\/agence-becomweb.fr\/es\/wp-json\/wp\/v2\/product\/1535","targetHints":{"allow":["GET"]}}],"collection":[{"href":"https:\/\/agence-becomweb.fr\/es\/wp-json\/wp\/v2\/product"}],"about":[{"href":"https:\/\/agence-becomweb.fr\/es\/wp-json\/wp\/v2\/types\/product"}],"replies":[{"embeddable":true,"href":"https:\/\/agence-becomweb.fr\/es\/wp-json\/wp\/v2\/comments?post=1535"}],"wp:featuredmedia":[{"embeddable":true,"href":"https:\/\/agence-becomweb.fr\/es\/wp-json\/wp\/v2\/media\/1536"}],"wp:attachment":[{"href":"https:\/\/agence-becomweb.fr\/es\/wp-json\/wp\/v2\/media?parent=1535"}],"wp:term":[{"taxonomy":"product_brand","embeddable":true,"href":"https:\/\/agence-becomweb.fr\/es\/wp-json\/wp\/v2\/product_brand?post=1535"},{"taxonomy":"product_cat","embeddable":true,"href":"https:\/\/agence-becomweb.fr\/es\/wp-json\/wp\/v2\/product_cat?post=1535"},{"taxonomy":"product_tag","embeddable":true,"href":"https:\/\/agence-becomweb.fr\/es\/wp-json\/wp\/v2\/product_tag?post=1535"}],"curies":[{"name":"wp","href":"https:\/\/api.w.org\/{rel}","templated":true}]}}