{"id":1528,"date":"2018-04-26T15:32:08","date_gmt":"2018-04-26T13:32:08","guid":{"rendered":"https:\/\/agence-becomweb.fr\/modules-prestashop\/pagina-de-mantenimiento-personalizada\/"},"modified":"2023-04-24T19:40:54","modified_gmt":"2023-04-24T17:40:54","slug":"pagina-de-mantenimiento-personalizada","status":"publish","type":"product","link":"https:\/\/agence-becomweb.fr\/es\/modulos-prestashop\/pagina-de-mantenimiento-personalizada\/","title":{"rendered":"P\u00e1gina de mantenimiento personalizada"},"content":{"rendered":"<h2>Personalice el dise\u00f1o y el contenido de su p\u00e1gina de mantenimiento<\/h2>\n<p>Este m\u00f3dulo le permitir\u00e1 personalizar la p\u00e1gina de mantenimiento de su tienda Prestashop.<\/p>\n<p>Desde su interfaz de administraci\u00f3n muy f\u00e1cil de usar, puede encontrar las siguientes opciones:<\/p>\n<ul>\n<li>selecci\u00f3n de une template de p\u00e1gina disponible (\u00abSitio en mantenimiento\u00bb, \u00abComing soon\u00bb) o entrada manual del t\u00edtulo y el texto de la p\u00e1gina,<\/li>\n<li>elecci\u00f3n de imagen y color de fondo,<\/li>\n<li>configurar una cuenta atr\u00e1s antes de la disponibilidad del sitio<\/li>\n<li>visualizaci\u00f3n de detalles de contacto y enlaces a redes sociales<\/li>\n<li>integraci\u00f3n del c\u00f3digo de Google Analytics para el seguimiento estad\u00edstico (opcional)<\/li>\n<\/ul>\n<p>Por lo tanto, podr\u00e1 ofrecer una p\u00e1gina con un dise\u00f1o m\u00e1s agradable y con informaci\u00f3n m\u00e1s completa cuando su sitio Prestashop est\u00e9 en mantenimiento o antes de su lanzamiento.<\/p>\n<h2>Dise\u00f1e una p\u00e1gina de espera<\/h2>\n<p>El template de p\u00e1gina \u00abComing soon\u00bb, combinada con la cuenta regresiva, le permite crear una p\u00e1gina de espera para informar a sus clientes de la pr\u00f3xima apertura o reapertura de su tienda.<\/p>\n<h2>Muestre sus datos de contacto durante el mantenimiento<\/h2>\n<p>Durante el mantenimiento, sus clientes no podr\u00e1n escribirle desde el formulario de contacto, ni siquiera buscar informaci\u00f3n en su sitio.<\/p>\n<p>Gracias a este m\u00f3dulo podr\u00e1s visualizar tu direcci\u00f3n de correo electr\u00f3nico, tu n\u00famero de tel\u00e9fono y los enlaces a tus redes sociales.<\/p>\n<p>Por lo tanto, reduce las posibilidades de perder ventas y mejora su servicio al cliente si se mantiene en contacto con sus compradores.<\/p>\n<h2>Compatibilidad<\/h2>\n<p>Este m\u00f3dulo es compatible con Prestashop 1.6, Prestashop 1.7 y Prestashop 8.<\/p>\n","protected":false},"excerpt":{"rendered":"<p>Personalice f\u00e1cilmente la apariencia y el contenido de la p\u00e1gina de mantenimiento de Prestashop<\/p>\n","protected":false},"featured_media":1531,"comment_status":"open","ping_status":"closed","template":"","meta":{"_acf_changed":false},"product_brand":[],"product_cat":[283],"product_tag":[288,289,287,286,285,284],"class_list":{"0":"post-1528","1":"product","2":"type-product","3":"status-publish","4":"has-post-thumbnail","6":"product_cat-modulos-prestashop","7":"product_tag-coming-soon-es","8":"product_tag-cuenta-regresiva","9":"product_tag-esperando-pagina","10":"product_tag-mantenimiento","11":"product_tag-modulo","12":"product_tag-prestashop-es","14":"first","15":"instock","16":"shipping-taxable","17":"purchasable","18":"product-type-variable"},"acf":[],"yoast_head":"<!-- This site is optimized with the Yoast SEO plugin v26.9 - https:\/\/yoast.com\/product\/yoast-seo-wordpress\/ -->\n<title>Module Prestashop - P\u00e1gina de mantenimiento personalizada<\/title>\n<meta name=\"description\" content=\"Este m\u00f3dulo te permite personalizar el dise\u00f1o y contenido de la p\u00e1gina de mantenimiento de tu tienda Prestashop o crear una p\u00e1gina de espera con un contador.\" \/>\n<meta name=\"robots\" content=\"index, follow, max-snippet:-1, max-image-preview:large, max-video-preview:-1\" \/>\n<link rel=\"canonical\" href=\"https:\/\/agence-becomweb.fr\/es\/modulos-prestashop\/pagina-de-mantenimiento-personalizada\/\" \/>\n<meta property=\"og:locale\" content=\"es_ES\" \/>\n<meta property=\"og:type\" content=\"article\" \/>\n<meta property=\"og:title\" content=\"Module Prestashop - P\u00e1gina de mantenimiento personalizada\" \/>\n<meta property=\"og:description\" content=\"Este m\u00f3dulo te permite personalizar el dise\u00f1o y contenido de la p\u00e1gina de mantenimiento de tu tienda Prestashop o crear una p\u00e1gina de espera con un contador.\" \/>\n<meta property=\"og:url\" content=\"https:\/\/agence-becomweb.fr\/es\/modulos-prestashop\/pagina-de-mantenimiento-personalizada\/\" \/>\n<meta property=\"og:site_name\" content=\"Agencia-web BeComWeb\" \/>\n<meta property=\"article:publisher\" content=\"https:\/\/www.facebook.com\/agencebecomweb\/\" \/>\n<meta property=\"article:modified_time\" content=\"2023-04-24T17:40:54+00:00\" \/>\n<meta property=\"og:image\" content=\"https:\/\/agence-becomweb.fr\/wp-content\/uploads\/2018\/04\/bcwmaintenancepage.jpg\" \/>\n\t<meta property=\"og:image:width\" content=\"1024\" \/>\n\t<meta property=\"og:image:height\" content=\"600\" \/>\n\t<meta property=\"og:image:type\" content=\"image\/jpeg\" \/>\n<meta name=\"twitter:card\" content=\"summary_large_image\" \/>\n<meta name=\"twitter:site\" content=\"@Agence_BeComWeb\" \/>\n<meta name=\"twitter:label1\" content=\"Tiempo de lectura\" \/>\n\t<meta name=\"twitter:data1\" content=\"1 minuto\" \/>\n<script type=\"application\/ld+json\" class=\"yoast-schema-graph\">{\"@context\":\"https:\/\/schema.org\",\"@graph\":[{\"@type\":\"WebPage\",\"@id\":\"https:\/\/agence-becomweb.fr\/es\/modulos-prestashop\/pagina-de-mantenimiento-personalizada\/\",\"url\":\"https:\/\/agence-becomweb.fr\/es\/modulos-prestashop\/pagina-de-mantenimiento-personalizada\/\",\"name\":\"Module Prestashop - P\u00e1gina de mantenimiento personalizada\",\"isPartOf\":{\"@id\":\"https:\/\/agence-becomweb.fr\/es\/#website\"},\"primaryImageOfPage\":{\"@id\":\"https:\/\/agence-becomweb.fr\/es\/modulos-prestashop\/pagina-de-mantenimiento-personalizada\/#primaryimage\"},\"image\":{\"@id\":\"https:\/\/agence-becomweb.fr\/es\/modulos-prestashop\/pagina-de-mantenimiento-personalizada\/#primaryimage\"},\"thumbnailUrl\":\"https:\/\/agence-becomweb.fr\/wp-content\/uploads\/2018\/04\/bcwmaintenancepage.jpg\",\"datePublished\":\"2018-04-26T13:32:08+00:00\",\"dateModified\":\"2023-04-24T17:40:54+00:00\",\"description\":\"Este m\u00f3dulo te permite personalizar el dise\u00f1o y contenido de la p\u00e1gina de mantenimiento de tu tienda Prestashop o crear una p\u00e1gina de espera con un contador.\",\"breadcrumb\":{\"@id\":\"https:\/\/agence-becomweb.fr\/es\/modulos-prestashop\/pagina-de-mantenimiento-personalizada\/#breadcrumb\"},\"inLanguage\":\"es\",\"potentialAction\":[{\"@type\":\"ReadAction\",\"target\":[\"https:\/\/agence-becomweb.fr\/es\/modulos-prestashop\/pagina-de-mantenimiento-personalizada\/\"]}]},{\"@type\":\"ImageObject\",\"inLanguage\":\"es\",\"@id\":\"https:\/\/agence-becomweb.fr\/es\/modulos-prestashop\/pagina-de-mantenimiento-personalizada\/#primaryimage\",\"url\":\"https:\/\/agence-becomweb.fr\/wp-content\/uploads\/2018\/04\/bcwmaintenancepage.jpg\",\"contentUrl\":\"https:\/\/agence-becomweb.fr\/wp-content\/uploads\/2018\/04\/bcwmaintenancepage.jpg\",\"width\":1024,\"height\":600,\"caption\":\"El m\u00f3dulo le permite personalizar la p\u00e1gina de mantenimiento de Prestashop con una imagen de fondo, un contador, la visualizaci\u00f3n del n\u00famero de tel\u00e9fono y la direcci\u00f3n de correo electr\u00f3nico.\"},{\"@type\":\"BreadcrumbList\",\"@id\":\"https:\/\/agence-becomweb.fr\/es\/modulos-prestashop\/pagina-de-mantenimiento-personalizada\/#breadcrumb\",\"itemListElement\":[{\"@type\":\"ListItem\",\"position\":1,\"name\":\"Inicio\",\"item\":\"https:\/\/agence-becomweb.fr\/es\/\"},{\"@type\":\"ListItem\",\"position\":2,\"name\":\"Modulos Prestashop\",\"item\":\"https:\/\/agence-becomweb.fr\/es\/modulos-prestashop\/\"},{\"@type\":\"ListItem\",\"position\":3,\"name\":\"P\u00e1gina de mantenimiento personalizada\"}]},{\"@type\":\"WebSite\",\"@id\":\"https:\/\/agence-becomweb.fr\/es\/#website\",\"url\":\"https:\/\/agence-becomweb.fr\/es\/\",\"name\":\"Agencia-web BeComWeb\",\"description\":\"M\u00f3dulos Prestashop de calidad a bajo precio para su tienda en l\u00ednea\",\"publisher\":{\"@id\":\"https:\/\/agence-becomweb.fr\/es\/#organization\"},\"potentialAction\":[{\"@type\":\"SearchAction\",\"target\":{\"@type\":\"EntryPoint\",\"urlTemplate\":\"https:\/\/agence-becomweb.fr\/es\/?s={search_term_string}\"},\"query-input\":{\"@type\":\"PropertyValueSpecification\",\"valueRequired\":true,\"valueName\":\"search_term_string\"}}],\"inLanguage\":\"es\"},{\"@type\":\"Organization\",\"@id\":\"https:\/\/agence-becomweb.fr\/es\/#organization\",\"name\":\"Agence BeComWeb\",\"url\":\"https:\/\/agence-becomweb.fr\/es\/\",\"logo\":{\"@type\":\"ImageObject\",\"inLanguage\":\"es\",\"@id\":\"https:\/\/agence-becomweb.fr\/es\/#\/schema\/logo\/image\/\",\"url\":\"https:\/\/agence-becomweb.fr\/wp-content\/uploads\/2019\/05\/logo_carr\u00e9_large.gif\",\"contentUrl\":\"https:\/\/agence-becomweb.fr\/wp-content\/uploads\/2019\/05\/logo_carr\u00e9_large.gif\",\"width\":800,\"height\":800,\"caption\":\"Agence BeComWeb\"},\"image\":{\"@id\":\"https:\/\/agence-becomweb.fr\/es\/#\/schema\/logo\/image\/\"},\"sameAs\":[\"https:\/\/www.facebook.com\/agencebecomweb\/\",\"https:\/\/x.com\/Agence_BeComWeb\",\"https:\/\/www.youtube.com\/channel\/UCBJQb76bz6DcHLknRVl4Kjg\"]}]}<\/script>\n<!-- \/ Yoast SEO plugin. -->","yoast_head_json":{"title":"Module Prestashop - P\u00e1gina de mantenimiento personalizada","description":"Este m\u00f3dulo te permite personalizar el dise\u00f1o y contenido de la p\u00e1gina de mantenimiento de tu tienda Prestashop o crear una p\u00e1gina de espera con un contador.","robots":{"index":"index","follow":"follow","max-snippet":"max-snippet:-1","max-image-preview":"max-image-preview:large","max-video-preview":"max-video-preview:-1"},"canonical":"https:\/\/agence-becomweb.fr\/es\/modulos-prestashop\/pagina-de-mantenimiento-personalizada\/","og_locale":"es_ES","og_type":"article","og_title":"Module Prestashop - P\u00e1gina de mantenimiento personalizada","og_description":"Este m\u00f3dulo te permite personalizar el dise\u00f1o y contenido de la p\u00e1gina de mantenimiento de tu tienda Prestashop o crear una p\u00e1gina de espera con un contador.","og_url":"https:\/\/agence-becomweb.fr\/es\/modulos-prestashop\/pagina-de-mantenimiento-personalizada\/","og_site_name":"Agencia-web BeComWeb","article_publisher":"https:\/\/www.facebook.com\/agencebecomweb\/","article_modified_time":"2023-04-24T17:40:54+00:00","og_image":[{"width":1024,"height":600,"url":"https:\/\/agence-becomweb.fr\/wp-content\/uploads\/2018\/04\/bcwmaintenancepage.jpg","type":"image\/jpeg"}],"twitter_card":"summary_large_image","twitter_site":"@Agence_BeComWeb","twitter_misc":{"Tiempo de lectura":"1 minuto"},"schema":{"@context":"https:\/\/schema.org","@graph":[{"@type":"WebPage","@id":"https:\/\/agence-becomweb.fr\/es\/modulos-prestashop\/pagina-de-mantenimiento-personalizada\/","url":"https:\/\/agence-becomweb.fr\/es\/modulos-prestashop\/pagina-de-mantenimiento-personalizada\/","name":"Module Prestashop - P\u00e1gina de mantenimiento personalizada","isPartOf":{"@id":"https:\/\/agence-becomweb.fr\/es\/#website"},"primaryImageOfPage":{"@id":"https:\/\/agence-becomweb.fr\/es\/modulos-prestashop\/pagina-de-mantenimiento-personalizada\/#primaryimage"},"image":{"@id":"https:\/\/agence-becomweb.fr\/es\/modulos-prestashop\/pagina-de-mantenimiento-personalizada\/#primaryimage"},"thumbnailUrl":"https:\/\/agence-becomweb.fr\/wp-content\/uploads\/2018\/04\/bcwmaintenancepage.jpg","datePublished":"2018-04-26T13:32:08+00:00","dateModified":"2023-04-24T17:40:54+00:00","description":"Este m\u00f3dulo te permite personalizar el dise\u00f1o y contenido de la p\u00e1gina de mantenimiento de tu tienda Prestashop o crear una p\u00e1gina de espera con un contador.","breadcrumb":{"@id":"https:\/\/agence-becomweb.fr\/es\/modulos-prestashop\/pagina-de-mantenimiento-personalizada\/#breadcrumb"},"inLanguage":"es","potentialAction":[{"@type":"ReadAction","target":["https:\/\/agence-becomweb.fr\/es\/modulos-prestashop\/pagina-de-mantenimiento-personalizada\/"]}]},{"@type":"ImageObject","inLanguage":"es","@id":"https:\/\/agence-becomweb.fr\/es\/modulos-prestashop\/pagina-de-mantenimiento-personalizada\/#primaryimage","url":"https:\/\/agence-becomweb.fr\/wp-content\/uploads\/2018\/04\/bcwmaintenancepage.jpg","contentUrl":"https:\/\/agence-becomweb.fr\/wp-content\/uploads\/2018\/04\/bcwmaintenancepage.jpg","width":1024,"height":600,"caption":"El m\u00f3dulo le permite personalizar la p\u00e1gina de mantenimiento de Prestashop con una imagen de fondo, un contador, la visualizaci\u00f3n del n\u00famero de tel\u00e9fono y la direcci\u00f3n de correo electr\u00f3nico."},{"@type":"BreadcrumbList","@id":"https:\/\/agence-becomweb.fr\/es\/modulos-prestashop\/pagina-de-mantenimiento-personalizada\/#breadcrumb","itemListElement":[{"@type":"ListItem","position":1,"name":"Inicio","item":"https:\/\/agence-becomweb.fr\/es\/"},{"@type":"ListItem","position":2,"name":"Modulos Prestashop","item":"https:\/\/agence-becomweb.fr\/es\/modulos-prestashop\/"},{"@type":"ListItem","position":3,"name":"P\u00e1gina de mantenimiento personalizada"}]},{"@type":"WebSite","@id":"https:\/\/agence-becomweb.fr\/es\/#website","url":"https:\/\/agence-becomweb.fr\/es\/","name":"Agencia-web BeComWeb","description":"M\u00f3dulos Prestashop de calidad a bajo precio para su tienda en l\u00ednea","publisher":{"@id":"https:\/\/agence-becomweb.fr\/es\/#organization"},"potentialAction":[{"@type":"SearchAction","target":{"@type":"EntryPoint","urlTemplate":"https:\/\/agence-becomweb.fr\/es\/?s={search_term_string}"},"query-input":{"@type":"PropertyValueSpecification","valueRequired":true,"valueName":"search_term_string"}}],"inLanguage":"es"},{"@type":"Organization","@id":"https:\/\/agence-becomweb.fr\/es\/#organization","name":"Agence BeComWeb","url":"https:\/\/agence-becomweb.fr\/es\/","logo":{"@type":"ImageObject","inLanguage":"es","@id":"https:\/\/agence-becomweb.fr\/es\/#\/schema\/logo\/image\/","url":"https:\/\/agence-becomweb.fr\/wp-content\/uploads\/2019\/05\/logo_carr\u00e9_large.gif","contentUrl":"https:\/\/agence-becomweb.fr\/wp-content\/uploads\/2019\/05\/logo_carr\u00e9_large.gif","width":800,"height":800,"caption":"Agence BeComWeb"},"image":{"@id":"https:\/\/agence-becomweb.fr\/es\/#\/schema\/logo\/image\/"},"sameAs":["https:\/\/www.facebook.com\/agencebecomweb\/","https:\/\/x.com\/Agence_BeComWeb","https:\/\/www.youtube.com\/channel\/UCBJQb76bz6DcHLknRVl4Kjg"]}]}},"_links":{"self":[{"href":"https:\/\/agence-becomweb.fr\/es\/wp-json\/wp\/v2\/product\/1528","targetHints":{"allow":["GET"]}}],"collection":[{"href":"https:\/\/agence-becomweb.fr\/es\/wp-json\/wp\/v2\/product"}],"about":[{"href":"https:\/\/agence-becomweb.fr\/es\/wp-json\/wp\/v2\/types\/product"}],"replies":[{"embeddable":true,"href":"https:\/\/agence-becomweb.fr\/es\/wp-json\/wp\/v2\/comments?post=1528"}],"wp:featuredmedia":[{"embeddable":true,"href":"https:\/\/agence-becomweb.fr\/es\/wp-json\/wp\/v2\/media\/1531"}],"wp:attachment":[{"href":"https:\/\/agence-becomweb.fr\/es\/wp-json\/wp\/v2\/media?parent=1528"}],"wp:term":[{"taxonomy":"product_brand","embeddable":true,"href":"https:\/\/agence-becomweb.fr\/es\/wp-json\/wp\/v2\/product_brand?post=1528"},{"taxonomy":"product_cat","embeddable":true,"href":"https:\/\/agence-becomweb.fr\/es\/wp-json\/wp\/v2\/product_cat?post=1528"},{"taxonomy":"product_tag","embeddable":true,"href":"https:\/\/agence-becomweb.fr\/es\/wp-json\/wp\/v2\/product_tag?post=1528"}],"curies":[{"name":"wp","href":"https:\/\/api.w.org\/{rel}","templated":true}]}}