{"id":1150,"date":"2021-07-20T10:12:17","date_gmt":"2021-07-20T08:12:17","guid":{"rendered":"https:\/\/agence-becomweb.fr\/condiciones-generales-de-venta\/"},"modified":"2022-04-06T14:30:17","modified_gmt":"2022-04-06T12:30:17","slug":"condiciones-generales-de-venta","status":"publish","type":"page","link":"https:\/\/agence-becomweb.fr\/es\/condiciones-generales-de-venta\/","title":{"rendered":"Condiciones generales de venta"},"content":{"rendered":"<h2><span><span class=\"\">Pre\u00e1mbulo<\/span><\/span><\/h2>\n<p><span>Este sitio web Agence-becomweb.fr (en adelante, el \u00abSitio\u00bb), contiene una tienda de ventas en l\u00ednea que ofrece productos desmaterializados (tambi\u00e9n denominados por los t\u00e9rminos \u00abm\u00f3dulos\u00bb, \u00abcomplementos\u00bb o extensiones) y servicios Servicios.\u00a0El prop\u00f3sito de esta p\u00e1gina es describir y enumerar las condiciones que rigen esta actividad, as\u00ed como el uso del Sitio en su conjunto.<\/span><\/p>\n<p><span>Estas condiciones generales de venta se aplican a todas las ventas realizadas y todos los servicios concluidos a trav\u00e9s del Sitio.<\/span><\/p>\n<p><span>Detallan todas las disposiciones aplicables a los productos y servicios ofrecidos en el Sitio, son accesibles desde esta p\u00e1gina y pueden ser revisadas por su autor en cualquier momento y sin previo aviso.\u00a0Se celebran entre el cliente y el representante legal de la empresa en adelante \u00abBeComWeb\u00bb.\u00a0Las definiciones de estas 2 partes se pueden consultar en el resto de estos CGV.<\/span><\/p>\n<p>El cliente declara haberlos le\u00eddo y aceptado;\u00a0la compra de productos y uso de los servicios ofrecidos por\u00a0<i><span>BeComWeb implicando<\/span><\/i>\u00a0la aceptaci\u00f3n y aceptaci\u00f3n expresa y sin reservas\u00a0por\u00a0<i>parte<\/i>\u00a0del cliente de estos <i>CGV<\/i>, as\u00ed como, en su caso, de los documentos contractuales existentes que complementen o modifiquen dichos CGV.<\/p>\n<p><span>Las presentes Condiciones Generales de Venta as\u00ed como los precios est\u00e1n expresamente aprobadas y aceptadas por el cliente, quien declara y reconoce tener perfecto conocimiento de las mismas, por lo que renuncia al derecho a invocar cualquier documento contradictorio y, en particular, las propias condiciones generales. condiciones de compra, el acto de compra que conlleva la aceptaci\u00f3n de las presentes condiciones generales de venta.<\/span><\/p>\n<h2><span>Definiciones de las partes<\/span><\/h2>\n<p><strong><span>El Cliente:<\/span><\/strong><span>\u00a0persona f\u00edsica o jur\u00eddica que tenga plena capacidad jur\u00eddica al comprar un Producto o utilizar los Servicios ofrecidos en el Sitio y \/ o persona (s) f\u00edsica (s) usuaria (s) de estos mismos Productos y Servicios bajo la responsabilidad del cliente.\u00a0Al aceptar estos T &amp; C, el cliente se asegura de que tiene la edad requerida al comprar un producto o servicio.<\/span><\/p>\n<p><strong><span>El Vendedor:<\/span><\/strong><span>\u00a0representante legal de la empresa denominada\u00a0<\/span><i><span>BeComWeb<\/span><\/i><span>\u00a0, en la persona de Fr\u00e9d\u00e9ric Moreau, con domicilio social en 25 rue de Bel Air en La Rochelle (17000) y registrado en el RCS de La Rochelle con el n\u00famero 809509540.<\/span><\/p>\n<h2><span>Precios e impuestos<\/span><\/h2>\n<p><span>Los precios indicados en euros (\u20ac) se consideran netos.\u00a0Son modificables en cualquier momento sin previo aviso, sabiendo que los productos se facturar\u00e1n sobre la base vigente en el momento del registro del pedido.\u00a0El precio se paga en su totalidad y en un solo pago al realizar el pedido.<\/span><\/p>\n<p><span>Todos los pedidos se facturan y se pagan en euros \u00fanicamente.<\/span><\/p>\n<p><span>De acuerdo con el art\u00edculo 293 B del CGI, el IVA no es aplicable, el vendedor no est\u00e1 sujeto a su aplicaci\u00f3n en virtud de su estatuto.<\/span><\/p>\n<h2><span>Productos<\/span><\/h2>\n<p><span>La secci\u00f3n de comerciantes del Sitio ofrece productos desmaterializados a la venta en forma de archivos inform\u00e1ticos descargables desarrollados por\u00a0<\/span><i><span>BeComWeb<\/span><\/i><span>\u00a0.<\/span><\/p>\n<p>Los productos desmaterializados adquiridos se facilitar\u00e1n en forma de archivos en formato zip. El cliente podr\u00e1 acceder a la descarga de estos archivos al finalizar su pedido, previo pago, en la p\u00e1gina de confirmaci\u00f3n del pedido o desde el e-mail de confirmaci\u00f3n del pedido que habr\u00e1 recibido. Si este \u00faltimo ha creado una cuenta de cliente en el sitio, los productos comprados tambi\u00e9n se pueden descargar desde el \u00e1rea \u00abMi cuenta\u00bb de este sitio.<\/p>\n<p>Para los productos desmaterializados comprados a trav\u00e9s de este Sitio, el Cliente se beneficiar\u00e1 de actualizaciones gratuitas por un per\u00edodo de 2 (dos) a\u00f1os a partir de la fecha del pedido. Se podr\u00e1 acceder a estas actualizaciones a trav\u00e9s de un enlace de descarga disponible en el \u00e1rea \u00abMi cuenta\u00bb ya trav\u00e9s de un correo electr\u00f3nico enviado al Cliente cuando est\u00e9 disponible una nueva versi\u00f3n del producto.<\/p>\n<p><span>Las compras de productos desmaterializados siendo por naturaleza firmes y definitivas, no pueden dar lugar a canje, reembolso o ejercicio de derecho de desistimiento.<\/span><\/p>\n<p><span>No se admitir\u00e1n excepciones, salvo las derivadas de un error imputable al Vendedor en la ejecuci\u00f3n de la distribuci\u00f3n del producto (descripci\u00f3n err\u00f3nea, mala asociaci\u00f3n del fichero descargable, etc.).\u00a0Cualquier otra causa, en particular la mala interpretaci\u00f3n por parte del Cliente del funcionamiento o alcance del producto, ser\u00e1 nula y sin valor.<\/span><\/p>\n<p><span>En el caso de que la reclamaci\u00f3n del cliente sea admisible, deber\u00e1 formularse dentro de los catorce (14) d\u00edas (de acuerdo con la legislaci\u00f3n vigente, a trav\u00e9s de este sitio (a trav\u00e9s de su formulario de contacto) y contener toda la informaci\u00f3n necesaria para su tratamiento (n\u00famero de pedido). , detalles de contacto, detalles t\u00e9cnicos como la URL del sitio que utiliza el producto).<\/span><\/p>\n<p><span>En caso de devoluci\u00f3n, se realizar\u00e1 a trav\u00e9s de un medio elegido por el vendedor y dentro de los 30 d\u00edas siguientes a la aceptaci\u00f3n de la reclamaci\u00f3n.\u00a0A conveniencia del cliente, tambi\u00e9n se puede emitir un cup\u00f3n de descuento de un valor equivalente que se utilizar\u00e1 en un pedido realizado en el Sitio.\u00a0Su per\u00edodo de validez no puede exceder de 1 a\u00f1o.<\/span><\/p>\n<p>A partir de la aceptaci\u00f3n del reembolso, se revocar\u00e1 la descarga del o de los productos desmaterializados en cuesti\u00f3n. el cliente tambi\u00e9n acepta desinstalar y dejar de usar este(s) producto(s). En caso de que el Cliente contin\u00fae utilizando el producto, en cualquier forma, el Vendedor podr\u00e1 emprender acciones legales contra el Cliente.<\/p>\n<p><span>Todos los productos ofrecidos a la venta, incluidos los gratuitos, son y siguen siendo propiedad exclusiva del Vendedor.\u00a0No se realiza ninguna cesi\u00f3n de derechos de propiedad intelectual a trav\u00e9s de estos CGV. En consecuencia, cualquier reproducci\u00f3n (total o parcial), redistribuci\u00f3n, modificaci\u00f3n o uso (con fines comerciales o no) por cualquier motivo est\u00e1 estrictamente prohibida.<\/span><\/p>\n<h2><span>Responsabilidad y litigio<\/span><\/h2>\n<p><span>El vendedor es responsable de la correcta ejecuci\u00f3n de estas condiciones generales.\u00a0No obstante, esta responsabilidad no puede incurrirse en ning\u00fan caso por caso fortuito, caso de fuerza mayor, hecho imprevisible e insuperable de un tercero al contrato o por incumplimiento del producto de la legislaci\u00f3n extranjera en caso de entrega en un pa\u00eds que no sea Francia.<\/span><\/p>\n<p><span>El vendedor no se hace responsable en caso de p\u00e9rdida de datos, falla t\u00e9cnica o interrupci\u00f3n del servicio de las instalaciones del cliente causada por el uso de un producto comprado en el Sitio o la intervenci\u00f3n del Vendedor como parte de un servicio. uno.<\/span><\/p>\n<p><span>El uso de los productos suministrados por\u00a0<\/span><i><span>BeComWeb<\/span><\/i><span>\u00a0est\u00e1 previsto en el marco de uso normal (entorno de ejecuci\u00f3n estable, cumplimiento de las buenas pr\u00e1cticas vigentes, etc.).\u00a0Como parte de la prestaci\u00f3n de un servicio, si se deben respetar condiciones espec\u00edficas (administrativas, legales o t\u00e9cnicas), el cliente se compromete a comunicarlas antes de la conclusi\u00f3n de la transacci\u00f3n.<\/span><\/p>\n<p><span>Los casos de fuerza mayor debidos a elementos externos como las condiciones meteorol\u00f3gicas, el fallo de una red el\u00e9ctrica o de telecomunicaciones o que tengan su origen en una causa ajena al contexto profesional que vincula al Cliente y al Vendedor suspenden las obligaciones del Vendedor y lo relevan de su responsabilidad.\u00a0Esta lista no puede considerarse exhaustiva.<\/span><\/p>\n<p><span>El vendedor tambi\u00e9n se exime de cualquier responsabilidad por el contenido de los sitios a los que los enlaces de hipertexto podr\u00edan hacer referencia desde su propio sitio.<\/span><\/p>\n<p><span>Todas las cl\u00e1usulas que aparecen en estas Condiciones Generales de Venta, as\u00ed como todas las operaciones de compra y venta a las que se hace referencia en las mismas, est\u00e1n sujetas a la ley francesa.\u00a0En caso de disputa y, en ausencia de un acuerdo amistoso, el tribunal competente ser\u00e1 el Tribunal de Comercio de La Rochelle.<\/span><\/p>\n<p><span>El Vendedor respeta su obligaci\u00f3n de asesoramiento poniendo a su disposici\u00f3n diversos medios informativos a trav\u00e9s de las fichas de los art\u00edculos de los productos (descripciones, galer\u00edas de im\u00e1genes, etc.).\u00a0Tambi\u00e9n brinda soporte de preventa que se puede solicitar por correo electr\u00f3nico o llamada telef\u00f3nica.<\/span><\/p>\n","protected":false},"excerpt":{"rendered":"<p>Pre\u00e1mbulo Este sitio web Agence-becomweb.fr (en adelante, el \u00abSitio\u00bb), contiene una tienda de ventas en l\u00ednea que ofrece productos desmaterializados (tambi\u00e9n denominados por los t\u00e9rminos \u00abm\u00f3dulos\u00bb, \u00abcomplementos\u00bb o extensiones) y servicios Servicios.\u00a0El prop\u00f3sito de esta p\u00e1gina es describir y enumerar las condiciones que rigen esta actividad, as\u00ed como el uso del Sitio en su conjunto. [&hellip;]<\/p>\n","protected":false},"author":1,"featured_media":0,"parent":0,"menu_order":0,"comment_status":"closed","ping_status":"closed","template":"page-templates\/template-page-basic.php","meta":{"_acf_changed":false,"footnotes":""},"class_list":["post-1150","page","type-page","status-publish","hentry"],"acf":[],"yoast_head":"<!-- This site is optimized with the Yoast SEO plugin v27.3 - https:\/\/yoast.com\/product\/yoast-seo-wordpress\/ -->\n<title>BeComWeb - Condiciones generales de venta<\/title>\n<meta name=\"robots\" content=\"index, follow, max-snippet:-1, max-image-preview:large, max-video-preview:-1\" \/>\n<link rel=\"canonical\" href=\"https:\/\/agence-becomweb.fr\/es\/condiciones-generales-de-venta\/\" \/>\n<meta property=\"og:locale\" content=\"es_ES\" \/>\n<meta property=\"og:type\" content=\"article\" \/>\n<meta property=\"og:title\" content=\"BeComWeb - Condiciones generales de venta\" \/>\n<meta property=\"og:description\" content=\"Pre\u00e1mbulo Este sitio web Agence-becomweb.fr (en adelante, el \u00abSitio\u00bb), contiene una tienda de ventas en l\u00ednea que ofrece productos desmaterializados (tambi\u00e9n denominados por los t\u00e9rminos \u00abm\u00f3dulos\u00bb, \u00abcomplementos\u00bb o extensiones) y servicios Servicios.\u00a0El prop\u00f3sito de esta p\u00e1gina es describir y enumerar las condiciones que rigen esta actividad, as\u00ed como el uso del Sitio en su conjunto. [&hellip;]\" \/>\n<meta property=\"og:url\" content=\"https:\/\/agence-becomweb.fr\/es\/condiciones-generales-de-venta\/\" \/>\n<meta property=\"og:site_name\" content=\"Agencia-web BeComWeb\" \/>\n<meta property=\"article:publisher\" content=\"https:\/\/www.facebook.com\/agencebecomweb\/\" \/>\n<meta property=\"article:modified_time\" content=\"2022-04-06T12:30:17+00:00\" \/>\n<meta name=\"twitter:card\" content=\"summary_large_image\" \/>\n<meta name=\"twitter:site\" content=\"@Agence_BeComWeb\" \/>\n<meta name=\"twitter:label1\" content=\"Tiempo de lectura\" \/>\n\t<meta name=\"twitter:data1\" content=\"7 minutos\" \/>\n<script type=\"application\/ld+json\" class=\"yoast-schema-graph\">{\"@context\":\"https:\\\/\\\/schema.org\",\"@graph\":[{\"@type\":\"WebPage\",\"@id\":\"https:\\\/\\\/agence-becomweb.fr\\\/es\\\/condiciones-generales-de-venta\\\/\",\"url\":\"https:\\\/\\\/agence-becomweb.fr\\\/es\\\/condiciones-generales-de-venta\\\/\",\"name\":\"BeComWeb - Condiciones generales de venta\",\"isPartOf\":{\"@id\":\"https:\\\/\\\/agence-becomweb.fr\\\/es\\\/#website\"},\"datePublished\":\"2021-07-20T08:12:17+00:00\",\"dateModified\":\"2022-04-06T12:30:17+00:00\",\"breadcrumb\":{\"@id\":\"https:\\\/\\\/agence-becomweb.fr\\\/es\\\/condiciones-generales-de-venta\\\/#breadcrumb\"},\"inLanguage\":\"es\",\"potentialAction\":[{\"@type\":\"ReadAction\",\"target\":[\"https:\\\/\\\/agence-becomweb.fr\\\/es\\\/condiciones-generales-de-venta\\\/\"]}]},{\"@type\":\"BreadcrumbList\",\"@id\":\"https:\\\/\\\/agence-becomweb.fr\\\/es\\\/condiciones-generales-de-venta\\\/#breadcrumb\",\"itemListElement\":[{\"@type\":\"ListItem\",\"position\":1,\"name\":\"Inicio\",\"item\":\"https:\\\/\\\/agence-becomweb.fr\\\/es\\\/\"},{\"@type\":\"ListItem\",\"position\":2,\"name\":\"Condiciones generales de venta\"}]},{\"@type\":\"WebSite\",\"@id\":\"https:\\\/\\\/agence-becomweb.fr\\\/es\\\/#website\",\"url\":\"https:\\\/\\\/agence-becomweb.fr\\\/es\\\/\",\"name\":\"Agencia-web BeComWeb\",\"description\":\"M\u00f3dulos Prestashop de calidad a bajo precio para su tienda en l\u00ednea\",\"publisher\":{\"@id\":\"https:\\\/\\\/agence-becomweb.fr\\\/es\\\/#organization\"},\"potentialAction\":[{\"@type\":\"SearchAction\",\"target\":{\"@type\":\"EntryPoint\",\"urlTemplate\":\"https:\\\/\\\/agence-becomweb.fr\\\/es\\\/?s={search_term_string}\"},\"query-input\":{\"@type\":\"PropertyValueSpecification\",\"valueRequired\":true,\"valueName\":\"search_term_string\"}}],\"inLanguage\":\"es\"},{\"@type\":\"Organization\",\"@id\":\"https:\\\/\\\/agence-becomweb.fr\\\/es\\\/#organization\",\"name\":\"Agence BeComWeb\",\"url\":\"https:\\\/\\\/agence-becomweb.fr\\\/es\\\/\",\"logo\":{\"@type\":\"ImageObject\",\"inLanguage\":\"es\",\"@id\":\"https:\\\/\\\/agence-becomweb.fr\\\/es\\\/#\\\/schema\\\/logo\\\/image\\\/\",\"url\":\"https:\\\/\\\/agence-becomweb.fr\\\/wp-content\\\/uploads\\\/2019\\\/05\\\/logo_carr\u00e9_large.gif\",\"contentUrl\":\"https:\\\/\\\/agence-becomweb.fr\\\/wp-content\\\/uploads\\\/2019\\\/05\\\/logo_carr\u00e9_large.gif\",\"width\":800,\"height\":800,\"caption\":\"Agence BeComWeb\"},\"image\":{\"@id\":\"https:\\\/\\\/agence-becomweb.fr\\\/es\\\/#\\\/schema\\\/logo\\\/image\\\/\"},\"sameAs\":[\"https:\\\/\\\/www.facebook.com\\\/agencebecomweb\\\/\",\"https:\\\/\\\/x.com\\\/Agence_BeComWeb\",\"https:\\\/\\\/www.youtube.com\\\/channel\\\/UCBJQb76bz6DcHLknRVl4Kjg\"]}]}<\/script>\n<!-- \/ Yoast SEO plugin. -->","yoast_head_json":{"title":"BeComWeb - Condiciones generales de venta","robots":{"index":"index","follow":"follow","max-snippet":"max-snippet:-1","max-image-preview":"max-image-preview:large","max-video-preview":"max-video-preview:-1"},"canonical":"https:\/\/agence-becomweb.fr\/es\/condiciones-generales-de-venta\/","og_locale":"es_ES","og_type":"article","og_title":"BeComWeb - Condiciones generales de venta","og_description":"Pre\u00e1mbulo Este sitio web Agence-becomweb.fr (en adelante, el \u00abSitio\u00bb), contiene una tienda de ventas en l\u00ednea que ofrece productos desmaterializados (tambi\u00e9n denominados por los t\u00e9rminos \u00abm\u00f3dulos\u00bb, \u00abcomplementos\u00bb o extensiones) y servicios Servicios.\u00a0El prop\u00f3sito de esta p\u00e1gina es describir y enumerar las condiciones que rigen esta actividad, as\u00ed como el uso del Sitio en su conjunto. [&hellip;]","og_url":"https:\/\/agence-becomweb.fr\/es\/condiciones-generales-de-venta\/","og_site_name":"Agencia-web BeComWeb","article_publisher":"https:\/\/www.facebook.com\/agencebecomweb\/","article_modified_time":"2022-04-06T12:30:17+00:00","twitter_card":"summary_large_image","twitter_site":"@Agence_BeComWeb","twitter_misc":{"Tiempo de lectura":"7 minutos"},"schema":{"@context":"https:\/\/schema.org","@graph":[{"@type":"WebPage","@id":"https:\/\/agence-becomweb.fr\/es\/condiciones-generales-de-venta\/","url":"https:\/\/agence-becomweb.fr\/es\/condiciones-generales-de-venta\/","name":"BeComWeb - Condiciones generales de venta","isPartOf":{"@id":"https:\/\/agence-becomweb.fr\/es\/#website"},"datePublished":"2021-07-20T08:12:17+00:00","dateModified":"2022-04-06T12:30:17+00:00","breadcrumb":{"@id":"https:\/\/agence-becomweb.fr\/es\/condiciones-generales-de-venta\/#breadcrumb"},"inLanguage":"es","potentialAction":[{"@type":"ReadAction","target":["https:\/\/agence-becomweb.fr\/es\/condiciones-generales-de-venta\/"]}]},{"@type":"BreadcrumbList","@id":"https:\/\/agence-becomweb.fr\/es\/condiciones-generales-de-venta\/#breadcrumb","itemListElement":[{"@type":"ListItem","position":1,"name":"Inicio","item":"https:\/\/agence-becomweb.fr\/es\/"},{"@type":"ListItem","position":2,"name":"Condiciones generales de venta"}]},{"@type":"WebSite","@id":"https:\/\/agence-becomweb.fr\/es\/#website","url":"https:\/\/agence-becomweb.fr\/es\/","name":"Agencia-web BeComWeb","description":"M\u00f3dulos Prestashop de calidad a bajo precio para su tienda en l\u00ednea","publisher":{"@id":"https:\/\/agence-becomweb.fr\/es\/#organization"},"potentialAction":[{"@type":"SearchAction","target":{"@type":"EntryPoint","urlTemplate":"https:\/\/agence-becomweb.fr\/es\/?s={search_term_string}"},"query-input":{"@type":"PropertyValueSpecification","valueRequired":true,"valueName":"search_term_string"}}],"inLanguage":"es"},{"@type":"Organization","@id":"https:\/\/agence-becomweb.fr\/es\/#organization","name":"Agence BeComWeb","url":"https:\/\/agence-becomweb.fr\/es\/","logo":{"@type":"ImageObject","inLanguage":"es","@id":"https:\/\/agence-becomweb.fr\/es\/#\/schema\/logo\/image\/","url":"https:\/\/agence-becomweb.fr\/wp-content\/uploads\/2019\/05\/logo_carr\u00e9_large.gif","contentUrl":"https:\/\/agence-becomweb.fr\/wp-content\/uploads\/2019\/05\/logo_carr\u00e9_large.gif","width":800,"height":800,"caption":"Agence BeComWeb"},"image":{"@id":"https:\/\/agence-becomweb.fr\/es\/#\/schema\/logo\/image\/"},"sameAs":["https:\/\/www.facebook.com\/agencebecomweb\/","https:\/\/x.com\/Agence_BeComWeb","https:\/\/www.youtube.com\/channel\/UCBJQb76bz6DcHLknRVl4Kjg"]}]}},"_links":{"self":[{"href":"https:\/\/agence-becomweb.fr\/es\/wp-json\/wp\/v2\/pages\/1150","targetHints":{"allow":["GET"]}}],"collection":[{"href":"https:\/\/agence-becomweb.fr\/es\/wp-json\/wp\/v2\/pages"}],"about":[{"href":"https:\/\/agence-becomweb.fr\/es\/wp-json\/wp\/v2\/types\/page"}],"author":[{"embeddable":true,"href":"https:\/\/agence-becomweb.fr\/es\/wp-json\/wp\/v2\/users\/1"}],"replies":[{"embeddable":true,"href":"https:\/\/agence-becomweb.fr\/es\/wp-json\/wp\/v2\/comments?post=1150"}],"version-history":[{"count":1,"href":"https:\/\/agence-becomweb.fr\/es\/wp-json\/wp\/v2\/pages\/1150\/revisions"}],"predecessor-version":[{"id":1936,"href":"https:\/\/agence-becomweb.fr\/es\/wp-json\/wp\/v2\/pages\/1150\/revisions\/1936"}],"wp:attachment":[{"href":"https:\/\/agence-becomweb.fr\/es\/wp-json\/wp\/v2\/media?parent=1150"}],"curies":[{"name":"wp","href":"https:\/\/api.w.org\/{rel}","templated":true}]}}