{"id":1147,"date":"2021-07-20T10:04:23","date_gmt":"2021-07-20T08:04:23","guid":{"rendered":"https:\/\/agence-becomweb.fr\/notas-legales\/"},"modified":"2021-07-20T10:04:23","modified_gmt":"2021-07-20T08:04:23","slug":"notas-legales","status":"publish","type":"page","link":"https:\/\/agence-becomweb.fr\/es\/notas-legales\/","title":{"rendered":"Notas legales"},"content":{"rendered":"<h2><span>Introducci\u00f3n<\/span><\/h2>\n<p><span>Estos avisos legales se aplican al sitio\u00a0<\/span><i><span>BeComWeb<\/span><\/i><span>\u00a0.<\/span><\/p>\n<p><span>Al conectarse a este sitio, accede a contenido protegido por la ley, en particular por las disposiciones del C\u00f3digo de Propiedad Intelectual.<\/span><\/p>\n<p><span>El editor solo autoriza el uso estrictamente personal de los datos, informaci\u00f3n o contenidos a los que accede.\u00a0El uso o reproducci\u00f3n de im\u00e1genes, fotograf\u00edas o ilustraciones en este sitio est\u00e1 estrictamente prohibido sin el consentimiento de sus autores.\u00a0Todas las infracciones estar\u00e1n sujetas a procedimientos legales.<\/span><\/p>\n<p><span>Si contin\u00faa visitando nuestro sitio, acepta cumplir las restricciones que se indican a continuaci\u00f3n.<\/span><\/p>\n<h2><span>Dise\u00f1o<\/span><\/h2>\n<p><span>Fr\u00e9d\u00e9ric moreau<\/span><\/p>\n<p><span>contact@agence-becomweb.fr<\/span><\/p>\n<p><span>06.70.10.92.30<\/span><\/p>\n<p><span>25 rue de Bel Air &#8211; 17000 La Rochelle &#8211; Francia<\/span><\/p>\n<h2><span>Alojamiento<\/span><\/h2>\n<p><span>SAS OVH<\/span><\/p>\n<p><span>Este sitio web est\u00e1 alojado por OVH, SAS con un capital de 10.059.500<\/span><\/p>\n<p><span>RCS Lille M\u00e9tropole 424761419 00045 &#8211; C\u00f3digo APE 6202A &#8211; N\u00famero de IVA: FR 22424761419<\/span><\/p>\n<p><span>Sede: 2 rue Kellermann &#8211; 59100 Roubaix &#8211; Francia<\/span><\/p>\n<p><span>www.ovh.com<\/span><\/p>\n<h2><span>Propiedad intelectual<\/span><\/h2>\n<p><span>El contenido de este sitio web es propiedad de su dise\u00f1ador.<\/span><\/p>\n<p><span>Tiene autorizaci\u00f3n para consultar los datos que contiene para su \u00fanico uso personal no comercial, lo que excluye cualquier explotaci\u00f3n comercial a nivel local, nacional o internacional.<\/span><\/p>\n<p><span>En particular, ning\u00fan logotipo, texto, sonido, gr\u00e1fico o imagen contenido en el sitio puede ser copiado, reproducido, modificado, publicado, emitido, enviado, transmitido o distribuido por ning\u00fan medio sin el permiso previo por escrito del editor de este sitio. .<\/span><\/p>\n<h2><span>V\u00ednculos de hipertexto<\/span><\/h2>\n<p><span>Las p\u00e1ginas de este sitio web pueden vincularse a otros sitios o hacer referencia a otros sitios.<\/span><\/p>\n<p><span>El propietario no responde por el contenido de estos otros sitios y no se hace responsable de los da\u00f1os que resulten del uso del contenido de estos sitios.<\/span><\/p>\n<p><span>Los enlaces a otros sitios se proporcionan solo para la conveniencia del usuario de este sitio web.<\/span><\/p>\n","protected":false},"excerpt":{"rendered":"<p>Introducci\u00f3n Estos avisos legales se aplican al sitio\u00a0BeComWeb\u00a0. Al conectarse a este sitio, accede a contenido protegido por la ley, en particular por las disposiciones del C\u00f3digo de Propiedad Intelectual. El editor solo autoriza el uso estrictamente personal de los datos, informaci\u00f3n o contenidos a los que accede.\u00a0El uso o reproducci\u00f3n de im\u00e1genes, fotograf\u00edas o [&hellip;]<\/p>\n","protected":false},"author":1,"featured_media":0,"parent":0,"menu_order":0,"comment_status":"closed","ping_status":"closed","template":"page-templates\/template-page-basic.php","meta":{"_acf_changed":false,"footnotes":""},"class_list":["post-1147","page","type-page","status-publish","hentry"],"acf":[],"yoast_head":"<!-- This site is optimized with the Yoast SEO plugin v27.3 - https:\/\/yoast.com\/product\/yoast-seo-wordpress\/ -->\n<title>BeComWeb - Notas legales<\/title>\n<meta name=\"robots\" content=\"index, follow, max-snippet:-1, max-image-preview:large, max-video-preview:-1\" \/>\n<link rel=\"canonical\" href=\"https:\/\/agence-becomweb.fr\/es\/notas-legales\/\" \/>\n<meta property=\"og:locale\" content=\"es_ES\" \/>\n<meta property=\"og:type\" content=\"article\" \/>\n<meta property=\"og:title\" content=\"BeComWeb - Notas legales\" \/>\n<meta property=\"og:description\" content=\"Introducci\u00f3n Estos avisos legales se aplican al sitio\u00a0BeComWeb\u00a0. Al conectarse a este sitio, accede a contenido protegido por la ley, en particular por las disposiciones del C\u00f3digo de Propiedad Intelectual. El editor solo autoriza el uso estrictamente personal de los datos, informaci\u00f3n o contenidos a los que accede.\u00a0El uso o reproducci\u00f3n de im\u00e1genes, fotograf\u00edas o [&hellip;]\" \/>\n<meta property=\"og:url\" content=\"https:\/\/agence-becomweb.fr\/es\/notas-legales\/\" \/>\n<meta property=\"og:site_name\" content=\"Agencia-web BeComWeb\" \/>\n<meta property=\"article:publisher\" content=\"https:\/\/www.facebook.com\/agencebecomweb\/\" \/>\n<meta name=\"twitter:card\" content=\"summary_large_image\" \/>\n<meta name=\"twitter:site\" content=\"@Agence_BeComWeb\" \/>\n<meta name=\"twitter:label1\" content=\"Tiempo de lectura\" \/>\n\t<meta name=\"twitter:data1\" content=\"2 minutos\" \/>\n<script type=\"application\/ld+json\" class=\"yoast-schema-graph\">{\"@context\":\"https:\\\/\\\/schema.org\",\"@graph\":[{\"@type\":\"WebPage\",\"@id\":\"https:\\\/\\\/agence-becomweb.fr\\\/es\\\/notas-legales\\\/\",\"url\":\"https:\\\/\\\/agence-becomweb.fr\\\/es\\\/notas-legales\\\/\",\"name\":\"BeComWeb - Notas legales\",\"isPartOf\":{\"@id\":\"https:\\\/\\\/agence-becomweb.fr\\\/es\\\/#website\"},\"datePublished\":\"2021-07-20T08:04:23+00:00\",\"breadcrumb\":{\"@id\":\"https:\\\/\\\/agence-becomweb.fr\\\/es\\\/notas-legales\\\/#breadcrumb\"},\"inLanguage\":\"es\",\"potentialAction\":[{\"@type\":\"ReadAction\",\"target\":[\"https:\\\/\\\/agence-becomweb.fr\\\/es\\\/notas-legales\\\/\"]}]},{\"@type\":\"BreadcrumbList\",\"@id\":\"https:\\\/\\\/agence-becomweb.fr\\\/es\\\/notas-legales\\\/#breadcrumb\",\"itemListElement\":[{\"@type\":\"ListItem\",\"position\":1,\"name\":\"Inicio\",\"item\":\"https:\\\/\\\/agence-becomweb.fr\\\/es\\\/\"},{\"@type\":\"ListItem\",\"position\":2,\"name\":\"Notas legales\"}]},{\"@type\":\"WebSite\",\"@id\":\"https:\\\/\\\/agence-becomweb.fr\\\/es\\\/#website\",\"url\":\"https:\\\/\\\/agence-becomweb.fr\\\/es\\\/\",\"name\":\"Agencia-web BeComWeb\",\"description\":\"M\u00f3dulos Prestashop de calidad a bajo precio para su tienda en l\u00ednea\",\"publisher\":{\"@id\":\"https:\\\/\\\/agence-becomweb.fr\\\/es\\\/#organization\"},\"potentialAction\":[{\"@type\":\"SearchAction\",\"target\":{\"@type\":\"EntryPoint\",\"urlTemplate\":\"https:\\\/\\\/agence-becomweb.fr\\\/es\\\/?s={search_term_string}\"},\"query-input\":{\"@type\":\"PropertyValueSpecification\",\"valueRequired\":true,\"valueName\":\"search_term_string\"}}],\"inLanguage\":\"es\"},{\"@type\":\"Organization\",\"@id\":\"https:\\\/\\\/agence-becomweb.fr\\\/es\\\/#organization\",\"name\":\"Agence BeComWeb\",\"url\":\"https:\\\/\\\/agence-becomweb.fr\\\/es\\\/\",\"logo\":{\"@type\":\"ImageObject\",\"inLanguage\":\"es\",\"@id\":\"https:\\\/\\\/agence-becomweb.fr\\\/es\\\/#\\\/schema\\\/logo\\\/image\\\/\",\"url\":\"https:\\\/\\\/agence-becomweb.fr\\\/wp-content\\\/uploads\\\/2019\\\/05\\\/logo_carr\u00e9_large.gif\",\"contentUrl\":\"https:\\\/\\\/agence-becomweb.fr\\\/wp-content\\\/uploads\\\/2019\\\/05\\\/logo_carr\u00e9_large.gif\",\"width\":800,\"height\":800,\"caption\":\"Agence BeComWeb\"},\"image\":{\"@id\":\"https:\\\/\\\/agence-becomweb.fr\\\/es\\\/#\\\/schema\\\/logo\\\/image\\\/\"},\"sameAs\":[\"https:\\\/\\\/www.facebook.com\\\/agencebecomweb\\\/\",\"https:\\\/\\\/x.com\\\/Agence_BeComWeb\",\"https:\\\/\\\/www.youtube.com\\\/channel\\\/UCBJQb76bz6DcHLknRVl4Kjg\"]}]}<\/script>\n<!-- \/ Yoast SEO plugin. -->","yoast_head_json":{"title":"BeComWeb - Notas legales","robots":{"index":"index","follow":"follow","max-snippet":"max-snippet:-1","max-image-preview":"max-image-preview:large","max-video-preview":"max-video-preview:-1"},"canonical":"https:\/\/agence-becomweb.fr\/es\/notas-legales\/","og_locale":"es_ES","og_type":"article","og_title":"BeComWeb - Notas legales","og_description":"Introducci\u00f3n Estos avisos legales se aplican al sitio\u00a0BeComWeb\u00a0. Al conectarse a este sitio, accede a contenido protegido por la ley, en particular por las disposiciones del C\u00f3digo de Propiedad Intelectual. El editor solo autoriza el uso estrictamente personal de los datos, informaci\u00f3n o contenidos a los que accede.\u00a0El uso o reproducci\u00f3n de im\u00e1genes, fotograf\u00edas o [&hellip;]","og_url":"https:\/\/agence-becomweb.fr\/es\/notas-legales\/","og_site_name":"Agencia-web BeComWeb","article_publisher":"https:\/\/www.facebook.com\/agencebecomweb\/","twitter_card":"summary_large_image","twitter_site":"@Agence_BeComWeb","twitter_misc":{"Tiempo de lectura":"2 minutos"},"schema":{"@context":"https:\/\/schema.org","@graph":[{"@type":"WebPage","@id":"https:\/\/agence-becomweb.fr\/es\/notas-legales\/","url":"https:\/\/agence-becomweb.fr\/es\/notas-legales\/","name":"BeComWeb - Notas legales","isPartOf":{"@id":"https:\/\/agence-becomweb.fr\/es\/#website"},"datePublished":"2021-07-20T08:04:23+00:00","breadcrumb":{"@id":"https:\/\/agence-becomweb.fr\/es\/notas-legales\/#breadcrumb"},"inLanguage":"es","potentialAction":[{"@type":"ReadAction","target":["https:\/\/agence-becomweb.fr\/es\/notas-legales\/"]}]},{"@type":"BreadcrumbList","@id":"https:\/\/agence-becomweb.fr\/es\/notas-legales\/#breadcrumb","itemListElement":[{"@type":"ListItem","position":1,"name":"Inicio","item":"https:\/\/agence-becomweb.fr\/es\/"},{"@type":"ListItem","position":2,"name":"Notas legales"}]},{"@type":"WebSite","@id":"https:\/\/agence-becomweb.fr\/es\/#website","url":"https:\/\/agence-becomweb.fr\/es\/","name":"Agencia-web BeComWeb","description":"M\u00f3dulos Prestashop de calidad a bajo precio para su tienda en l\u00ednea","publisher":{"@id":"https:\/\/agence-becomweb.fr\/es\/#organization"},"potentialAction":[{"@type":"SearchAction","target":{"@type":"EntryPoint","urlTemplate":"https:\/\/agence-becomweb.fr\/es\/?s={search_term_string}"},"query-input":{"@type":"PropertyValueSpecification","valueRequired":true,"valueName":"search_term_string"}}],"inLanguage":"es"},{"@type":"Organization","@id":"https:\/\/agence-becomweb.fr\/es\/#organization","name":"Agence BeComWeb","url":"https:\/\/agence-becomweb.fr\/es\/","logo":{"@type":"ImageObject","inLanguage":"es","@id":"https:\/\/agence-becomweb.fr\/es\/#\/schema\/logo\/image\/","url":"https:\/\/agence-becomweb.fr\/wp-content\/uploads\/2019\/05\/logo_carr\u00e9_large.gif","contentUrl":"https:\/\/agence-becomweb.fr\/wp-content\/uploads\/2019\/05\/logo_carr\u00e9_large.gif","width":800,"height":800,"caption":"Agence BeComWeb"},"image":{"@id":"https:\/\/agence-becomweb.fr\/es\/#\/schema\/logo\/image\/"},"sameAs":["https:\/\/www.facebook.com\/agencebecomweb\/","https:\/\/x.com\/Agence_BeComWeb","https:\/\/www.youtube.com\/channel\/UCBJQb76bz6DcHLknRVl4Kjg"]}]}},"_links":{"self":[{"href":"https:\/\/agence-becomweb.fr\/es\/wp-json\/wp\/v2\/pages\/1147","targetHints":{"allow":["GET"]}}],"collection":[{"href":"https:\/\/agence-becomweb.fr\/es\/wp-json\/wp\/v2\/pages"}],"about":[{"href":"https:\/\/agence-becomweb.fr\/es\/wp-json\/wp\/v2\/types\/page"}],"author":[{"embeddable":true,"href":"https:\/\/agence-becomweb.fr\/es\/wp-json\/wp\/v2\/users\/1"}],"replies":[{"embeddable":true,"href":"https:\/\/agence-becomweb.fr\/es\/wp-json\/wp\/v2\/comments?post=1147"}],"version-history":[{"count":0,"href":"https:\/\/agence-becomweb.fr\/es\/wp-json\/wp\/v2\/pages\/1147\/revisions"}],"wp:attachment":[{"href":"https:\/\/agence-becomweb.fr\/es\/wp-json\/wp\/v2\/media?parent=1147"}],"curies":[{"name":"wp","href":"https:\/\/api.w.org\/{rel}","templated":true}]}}